{"id":1633,"date":"2025-02-03T16:06:23","date_gmt":"2025-02-03T15:06:23","guid":{"rendered":"https:\/\/projetweb.site\/holtersuppliessas\/produit\/software-quick-reader-multiusuario\/"},"modified":"2026-01-12T16:02:23","modified_gmt":"2026-01-12T15:02:23","slug":"software-quick-reader-multiusuario","status":"publish","type":"product","link":"https:\/\/projetweb.site\/holtersuppliessas\/es\/produit\/software-quick-reader-multiusuario\/","title":{"rendered":"Software Quick Reader (multiusuario)"},"content":{"rendered":"<p><strong>Requiere Quick Reader para 1 usuario<\/strong><\/p>\n<p>La versi\u00f3n multiusuario de Quick Reader est\u00e1 dise\u00f1ada para estructuras m\u00e9dicas que necesitan una gesti\u00f3n centralizada, una seguridad reforzada y una organizaci\u00f3n del trabajo en varios puestos. Permite controlar los accesos, administrar los par\u00e1metros de an\u00e1lisis y desplegar el software en varios ordenadores gracias a un sistema de llaves de seguridad (dongles) Maestro\/Esclavo. Esta configuraci\u00f3n garantiza una coherencia de las pr\u00e1cticas, una protecci\u00f3n elevada de los datos de ECG y una utilizaci\u00f3n fluida dentro de un consultorio con varios profesionales o de un servicio hospitalario.<\/p>\n","protected":false},"excerpt":{"rendered":"<p>Requiere Quick Reader para 1 usuario La versi\u00f3n multiusuario de Quick Reader est\u00e1 dise\u00f1ada para estructuras m\u00e9dicas que necesitan una gesti\u00f3n centralizada, una seguridad reforzada y una organizaci\u00f3n del trabajo en varios puestos. Permite controlar los accesos, administrar los par\u00e1metros de an\u00e1lisis y desplegar el software en varios ordenadores gracias a un sistema de llaves [&hellip;]<\/p>\n","protected":false},"featured_media":403,"comment_status":"open","ping_status":"closed","template":"","meta":{"_jet_sm_ready_style":"","_jet_sm_style":"","_jet_sm_controls_values":"","_jet_sm_fonts_collection":"","_jet_sm_fonts_links":""},"product_brand":[],"product_cat":[61,62],"product_tag":[],"class_list":{"0":"post-1633","1":"product","2":"type-product","3":"status-publish","4":"has-post-thumbnail","6":"product_cat-ecg","7":"product_cat-software-quick-reader","9":"first","10":"instock","11":"shipping-taxable","12":"purchasable","13":"product-type-variable"},"yoast_head":"<!-- This site is optimized with the Yoast SEO plugin v26.7 - https:\/\/yoast.com\/wordpress\/plugins\/seo\/ -->\n<title>Software Quick Reader (multiusuario) - Holter Supplies SAS<\/title>\n<meta name=\"robots\" content=\"index, follow, max-snippet:-1, max-image-preview:large, max-video-preview:-1\" \/>\n<link rel=\"canonical\" href=\"https:\/\/projetweb.site\/holtersuppliessas\/es\/produit\/software-quick-reader-multiusuario\/\" \/>\n<meta property=\"og:locale\" content=\"es_ES\" \/>\n<meta property=\"og:type\" content=\"article\" \/>\n<meta property=\"og:title\" content=\"Software Quick Reader (multiusuario) - Holter Supplies SAS\" \/>\n<meta property=\"og:description\" content=\"Requiere Quick Reader para 1 usuario La versi\u00f3n multiusuario de Quick Reader est\u00e1 dise\u00f1ada para estructuras m\u00e9dicas que necesitan una gesti\u00f3n centralizada, una seguridad reforzada y una organizaci\u00f3n del trabajo en varios puestos. Permite controlar los accesos, administrar los par\u00e1metros de an\u00e1lisis y desplegar el software en varios ordenadores gracias a un sistema de llaves [&hellip;]\" \/>\n<meta property=\"og:url\" content=\"https:\/\/projetweb.site\/holtersuppliessas\/es\/produit\/software-quick-reader-multiusuario\/\" \/>\n<meta property=\"og:site_name\" content=\"Holter Supplies SAS\" \/>\n<meta property=\"article:modified_time\" content=\"2026-01-12T15:02:23+00:00\" \/>\n<meta property=\"og:image\" content=\"https:\/\/projetweb.site\/holtersuppliessas\/wp-content\/uploads\/2025\/12\/produit_quick-reader.jpg\" \/>\n\t<meta property=\"og:image:width\" content=\"900\" \/>\n\t<meta property=\"og:image:height\" content=\"900\" \/>\n\t<meta property=\"og:image:type\" content=\"image\/jpeg\" \/>\n<meta name=\"twitter:card\" content=\"summary_large_image\" \/>\n<meta name=\"twitter:label1\" content=\"Tiempo de lectura\" \/>\n\t<meta name=\"twitter:data1\" content=\"1 minuto\" \/>\n<script type=\"application\/ld+json\" class=\"yoast-schema-graph\">{\"@context\":\"https:\/\/schema.org\",\"@graph\":[{\"@type\":\"WebPage\",\"@id\":\"https:\/\/projetweb.site\/holtersuppliessas\/es\/produit\/software-quick-reader-multiusuario\/\",\"url\":\"https:\/\/projetweb.site\/holtersuppliessas\/es\/produit\/software-quick-reader-multiusuario\/\",\"name\":\"Software Quick Reader (multiusuario) - Holter Supplies SAS\",\"isPartOf\":{\"@id\":\"https:\/\/projetweb.site\/holtersuppliessas\/#website\"},\"primaryImageOfPage\":{\"@id\":\"https:\/\/projetweb.site\/holtersuppliessas\/es\/produit\/software-quick-reader-multiusuario\/#primaryimage\"},\"image\":{\"@id\":\"https:\/\/projetweb.site\/holtersuppliessas\/es\/produit\/software-quick-reader-multiusuario\/#primaryimage\"},\"thumbnailUrl\":\"https:\/\/projetweb.site\/holtersuppliessas\/wp-content\/uploads\/2025\/12\/produit_quick-reader.jpg\",\"datePublished\":\"2025-02-03T15:06:23+00:00\",\"dateModified\":\"2026-01-12T15:02:23+00:00\",\"breadcrumb\":{\"@id\":\"https:\/\/projetweb.site\/holtersuppliessas\/es\/produit\/software-quick-reader-multiusuario\/#breadcrumb\"},\"inLanguage\":\"es\",\"potentialAction\":[{\"@type\":\"ReadAction\",\"target\":[\"https:\/\/projetweb.site\/holtersuppliessas\/es\/produit\/software-quick-reader-multiusuario\/\"]}]},{\"@type\":\"ImageObject\",\"inLanguage\":\"es\",\"@id\":\"https:\/\/projetweb.site\/holtersuppliessas\/es\/produit\/software-quick-reader-multiusuario\/#primaryimage\",\"url\":\"https:\/\/projetweb.site\/holtersuppliessas\/wp-content\/uploads\/2025\/12\/produit_quick-reader.jpg\",\"contentUrl\":\"https:\/\/projetweb.site\/holtersuppliessas\/wp-content\/uploads\/2025\/12\/produit_quick-reader.jpg\",\"width\":900,\"height\":900},{\"@type\":\"BreadcrumbList\",\"@id\":\"https:\/\/projetweb.site\/holtersuppliessas\/es\/produit\/software-quick-reader-multiusuario\/#breadcrumb\",\"itemListElement\":[{\"@type\":\"ListItem\",\"position\":1,\"name\":\"Accueil\",\"item\":\"https:\/\/projetweb.site\/holtersuppliessas\/es\/inicio\/\"},{\"@type\":\"ListItem\",\"position\":2,\"name\":\"Tienda\",\"item\":\"https:\/\/projetweb.site\/holtersuppliessas\/es\/tienda\/\"},{\"@type\":\"ListItem\",\"position\":3,\"name\":\"Software Quick Reader (multiusuario)\"}]},{\"@type\":\"WebSite\",\"@id\":\"https:\/\/projetweb.site\/holtersuppliessas\/#website\",\"url\":\"https:\/\/projetweb.site\/holtersuppliessas\/\",\"name\":\"Holter Supplies SAS\",\"description\":\"\",\"publisher\":{\"@id\":\"https:\/\/projetweb.site\/holtersuppliessas\/#organization\"},\"potentialAction\":[{\"@type\":\"SearchAction\",\"target\":{\"@type\":\"EntryPoint\",\"urlTemplate\":\"https:\/\/projetweb.site\/holtersuppliessas\/?s={search_term_string}\"},\"query-input\":{\"@type\":\"PropertyValueSpecification\",\"valueRequired\":true,\"valueName\":\"search_term_string\"}}],\"inLanguage\":\"es\"},{\"@type\":\"Organization\",\"@id\":\"https:\/\/projetweb.site\/holtersuppliessas\/#organization\",\"name\":\"Holter Supplies SAS\",\"url\":\"https:\/\/projetweb.site\/holtersuppliessas\/\",\"logo\":{\"@type\":\"ImageObject\",\"inLanguage\":\"es\",\"@id\":\"https:\/\/projetweb.site\/holtersuppliessas\/#\/schema\/logo\/image\/\",\"url\":\"https:\/\/projetweb.site\/holtersuppliessas\/wp-content\/uploads\/2025\/12\/cropped-logo-holter-supplies@2x.webp\",\"contentUrl\":\"https:\/\/projetweb.site\/holtersuppliessas\/wp-content\/uploads\/2025\/12\/cropped-logo-holter-supplies@2x.webp\",\"width\":512,\"height\":512,\"caption\":\"Holter Supplies SAS\"},\"image\":{\"@id\":\"https:\/\/projetweb.site\/holtersuppliessas\/#\/schema\/logo\/image\/\"},\"sameAs\":[\"https:\/\/www.linkedin.com\/company\/holter-supplies-sas\/\",\"https:\/\/www.youtube.com\/@holtersupplies3740\"]}]}<\/script>\n<!-- \/ Yoast SEO plugin. -->","yoast_head_json":{"title":"Software Quick Reader (multiusuario) - Holter Supplies SAS","robots":{"index":"index","follow":"follow","max-snippet":"max-snippet:-1","max-image-preview":"max-image-preview:large","max-video-preview":"max-video-preview:-1"},"canonical":"https:\/\/projetweb.site\/holtersuppliessas\/es\/produit\/software-quick-reader-multiusuario\/","og_locale":"es_ES","og_type":"article","og_title":"Software Quick Reader (multiusuario) - Holter Supplies SAS","og_description":"Requiere Quick Reader para 1 usuario La versi\u00f3n multiusuario de Quick Reader est\u00e1 dise\u00f1ada para estructuras m\u00e9dicas que necesitan una gesti\u00f3n centralizada, una seguridad reforzada y una organizaci\u00f3n del trabajo en varios puestos. Permite controlar los accesos, administrar los par\u00e1metros de an\u00e1lisis y desplegar el software en varios ordenadores gracias a un sistema de llaves [&hellip;]","og_url":"https:\/\/projetweb.site\/holtersuppliessas\/es\/produit\/software-quick-reader-multiusuario\/","og_site_name":"Holter Supplies SAS","article_modified_time":"2026-01-12T15:02:23+00:00","og_image":[{"width":900,"height":900,"url":"https:\/\/projetweb.site\/holtersuppliessas\/wp-content\/uploads\/2025\/12\/produit_quick-reader.jpg","type":"image\/jpeg"}],"twitter_card":"summary_large_image","twitter_misc":{"Tiempo de lectura":"1 minuto"},"schema":{"@context":"https:\/\/schema.org","@graph":[{"@type":"WebPage","@id":"https:\/\/projetweb.site\/holtersuppliessas\/es\/produit\/software-quick-reader-multiusuario\/","url":"https:\/\/projetweb.site\/holtersuppliessas\/es\/produit\/software-quick-reader-multiusuario\/","name":"Software Quick Reader (multiusuario) - Holter Supplies SAS","isPartOf":{"@id":"https:\/\/projetweb.site\/holtersuppliessas\/#website"},"primaryImageOfPage":{"@id":"https:\/\/projetweb.site\/holtersuppliessas\/es\/produit\/software-quick-reader-multiusuario\/#primaryimage"},"image":{"@id":"https:\/\/projetweb.site\/holtersuppliessas\/es\/produit\/software-quick-reader-multiusuario\/#primaryimage"},"thumbnailUrl":"https:\/\/projetweb.site\/holtersuppliessas\/wp-content\/uploads\/2025\/12\/produit_quick-reader.jpg","datePublished":"2025-02-03T15:06:23+00:00","dateModified":"2026-01-12T15:02:23+00:00","breadcrumb":{"@id":"https:\/\/projetweb.site\/holtersuppliessas\/es\/produit\/software-quick-reader-multiusuario\/#breadcrumb"},"inLanguage":"es","potentialAction":[{"@type":"ReadAction","target":["https:\/\/projetweb.site\/holtersuppliessas\/es\/produit\/software-quick-reader-multiusuario\/"]}]},{"@type":"ImageObject","inLanguage":"es","@id":"https:\/\/projetweb.site\/holtersuppliessas\/es\/produit\/software-quick-reader-multiusuario\/#primaryimage","url":"https:\/\/projetweb.site\/holtersuppliessas\/wp-content\/uploads\/2025\/12\/produit_quick-reader.jpg","contentUrl":"https:\/\/projetweb.site\/holtersuppliessas\/wp-content\/uploads\/2025\/12\/produit_quick-reader.jpg","width":900,"height":900},{"@type":"BreadcrumbList","@id":"https:\/\/projetweb.site\/holtersuppliessas\/es\/produit\/software-quick-reader-multiusuario\/#breadcrumb","itemListElement":[{"@type":"ListItem","position":1,"name":"Accueil","item":"https:\/\/projetweb.site\/holtersuppliessas\/es\/inicio\/"},{"@type":"ListItem","position":2,"name":"Tienda","item":"https:\/\/projetweb.site\/holtersuppliessas\/es\/tienda\/"},{"@type":"ListItem","position":3,"name":"Software Quick Reader (multiusuario)"}]},{"@type":"WebSite","@id":"https:\/\/projetweb.site\/holtersuppliessas\/#website","url":"https:\/\/projetweb.site\/holtersuppliessas\/","name":"Holter Supplies SAS","description":"","publisher":{"@id":"https:\/\/projetweb.site\/holtersuppliessas\/#organization"},"potentialAction":[{"@type":"SearchAction","target":{"@type":"EntryPoint","urlTemplate":"https:\/\/projetweb.site\/holtersuppliessas\/?s={search_term_string}"},"query-input":{"@type":"PropertyValueSpecification","valueRequired":true,"valueName":"search_term_string"}}],"inLanguage":"es"},{"@type":"Organization","@id":"https:\/\/projetweb.site\/holtersuppliessas\/#organization","name":"Holter Supplies SAS","url":"https:\/\/projetweb.site\/holtersuppliessas\/","logo":{"@type":"ImageObject","inLanguage":"es","@id":"https:\/\/projetweb.site\/holtersuppliessas\/#\/schema\/logo\/image\/","url":"https:\/\/projetweb.site\/holtersuppliessas\/wp-content\/uploads\/2025\/12\/cropped-logo-holter-supplies@2x.webp","contentUrl":"https:\/\/projetweb.site\/holtersuppliessas\/wp-content\/uploads\/2025\/12\/cropped-logo-holter-supplies@2x.webp","width":512,"height":512,"caption":"Holter Supplies SAS"},"image":{"@id":"https:\/\/projetweb.site\/holtersuppliessas\/#\/schema\/logo\/image\/"},"sameAs":["https:\/\/www.linkedin.com\/company\/holter-supplies-sas\/","https:\/\/www.youtube.com\/@holtersupplies3740"]}]}},"_links":{"self":[{"href":"https:\/\/projetweb.site\/holtersuppliessas\/es\/wp-json\/wp\/v2\/product\/1633","targetHints":{"allow":["GET"]}}],"collection":[{"href":"https:\/\/projetweb.site\/holtersuppliessas\/es\/wp-json\/wp\/v2\/product"}],"about":[{"href":"https:\/\/projetweb.site\/holtersuppliessas\/es\/wp-json\/wp\/v2\/types\/product"}],"replies":[{"embeddable":true,"href":"https:\/\/projetweb.site\/holtersuppliessas\/es\/wp-json\/wp\/v2\/comments?post=1633"}],"wp:featuredmedia":[{"embeddable":true,"href":"https:\/\/projetweb.site\/holtersuppliessas\/es\/wp-json\/wp\/v2\/media\/403"}],"wp:attachment":[{"href":"https:\/\/projetweb.site\/holtersuppliessas\/es\/wp-json\/wp\/v2\/media?parent=1633"}],"wp:term":[{"taxonomy":"product_brand","embeddable":true,"href":"https:\/\/projetweb.site\/holtersuppliessas\/es\/wp-json\/wp\/v2\/product_brand?post=1633"},{"taxonomy":"product_cat","embeddable":true,"href":"https:\/\/projetweb.site\/holtersuppliessas\/es\/wp-json\/wp\/v2\/product_cat?post=1633"},{"taxonomy":"product_tag","embeddable":true,"href":"https:\/\/projetweb.site\/holtersuppliessas\/es\/wp-json\/wp\/v2\/product_tag?post=1633"}],"curies":[{"name":"wp","href":"https:\/\/api.w.org\/{rel}","templated":true}]}}