{"id":1651,"date":"2025-02-01T10:58:00","date_gmt":"2025-02-01T09:58:00","guid":{"rendered":"https:\/\/projetweb.site\/holtersuppliessas\/produit\/registradores-aft-1000\/"},"modified":"2026-01-12T16:02:39","modified_gmt":"2026-01-12T15:02:39","slug":"registradores-aft-1000","status":"publish","type":"product","link":"https:\/\/projetweb.site\/holtersuppliessas\/es\/produit\/registradores-aft-1000\/","title":{"rendered":"Registradores AFT 1000"},"content":{"rendered":"<p><b>Registrador Holter, 1000 Hz con cable ECG micro USB<\/b><\/p>\n<p data-start=\"1254\" data-end=\"1611\">AFT 1000 Plus es un registrador ECG Holter compacto que ofrece una autonom\u00eda excepcional para exploraciones prolongadas. Alimentado por una pila alcalina AAA, puede funcionar hasta <strong data-start=\"1442\" data-end=\"1457\">21\u201322 d\u00edas<\/strong> seg\u00fan la configuraci\u00f3n, sin necesidad de recarga, lo que lo hace particularmente adecuado para balances que requieren una observaci\u00f3n continua de larga duraci\u00f3n.<\/p>\n<p data-start=\"1613\" data-end=\"2229\">La plataforma ofrece varias configuraciones de registro entre 1 y 3 canales, con tasas de muestreo de hasta 1000 Hz en modo de alta resoluci\u00f3n, \u00fatil especialmente para portadores de marcapasos o an\u00e1lisis detallados. La memoria interna no extra\u00edble protege la integridad de los datos durante todo el seguimiento. El dise\u00f1o robusto y discreto bajo la ropa limita los artefactos y favorece la observancia del paciente durante per\u00edodos prolongados. AFT 1000 Plus est\u00e1 dise\u00f1ado para responder a las necesidades de las exploraciones ECG m\u00e1s exigentes en t\u00e9rminos de <strong data-start=\"2174\" data-end=\"2228\">duraci\u00f3n, flexibilidad t\u00e9cnica y fiabilidad cl\u00ednica<\/strong>.<\/p>\n","protected":false},"excerpt":{"rendered":"<p>Registrador Holter, 1000 Hz con cable ECG micro USB AFT 1000 Plus es un registrador ECG Holter compacto que ofrece una autonom\u00eda excepcional para exploraciones prolongadas. Alimentado por una pila alcalina AAA, puede funcionar hasta 21\u201322 d\u00edas seg\u00fan la configuraci\u00f3n, sin necesidad de recarga, lo que lo hace particularmente adecuado para balances que requieren una [&hellip;]<\/p>\n","protected":false},"featured_media":1462,"comment_status":"open","ping_status":"closed","template":"","meta":{"_jet_sm_ready_style":"","_jet_sm_style":"","_jet_sm_controls_values":"","_jet_sm_fonts_collection":"","_jet_sm_fonts_links":""},"product_brand":[],"product_cat":[61,63],"product_tag":[],"class_list":{"0":"post-1651","1":"product","2":"type-product","3":"status-publish","4":"has-post-thumbnail","6":"product_cat-ecg","7":"product_cat-registradores","9":"first","10":"instock","11":"shipping-taxable","12":"purchasable","13":"product-type-variable"},"yoast_head":"<!-- This site is optimized with the Yoast SEO plugin v26.7 - https:\/\/yoast.com\/wordpress\/plugins\/seo\/ -->\n<title>Registradores AFT 1000 - Holter Supplies SAS<\/title>\n<meta name=\"robots\" content=\"index, follow, max-snippet:-1, max-image-preview:large, max-video-preview:-1\" \/>\n<link rel=\"canonical\" href=\"https:\/\/projetweb.site\/holtersuppliessas\/es\/produit\/registradores-aft-1000\/\" \/>\n<meta property=\"og:locale\" content=\"es_ES\" \/>\n<meta property=\"og:type\" content=\"article\" \/>\n<meta property=\"og:title\" content=\"Registradores AFT 1000 - Holter Supplies SAS\" \/>\n<meta property=\"og:description\" content=\"Registrador Holter, 1000 Hz con cable ECG micro USB AFT 1000 Plus es un registrador ECG Holter compacto que ofrece una autonom\u00eda excepcional para exploraciones prolongadas. Alimentado por una pila alcalina AAA, puede funcionar hasta 21\u201322 d\u00edas seg\u00fan la configuraci\u00f3n, sin necesidad de recarga, lo que lo hace particularmente adecuado para balances que requieren una [&hellip;]\" \/>\n<meta property=\"og:url\" content=\"https:\/\/projetweb.site\/holtersuppliessas\/es\/produit\/registradores-aft-1000\/\" \/>\n<meta property=\"og:site_name\" content=\"Holter Supplies SAS\" \/>\n<meta property=\"article:modified_time\" content=\"2026-01-12T15:02:39+00:00\" \/>\n<meta property=\"og:image\" content=\"https:\/\/projetweb.site\/holtersuppliessas\/wp-content\/uploads\/2025\/02\/AFT-1000-mabiance.jpg\" \/>\n\t<meta property=\"og:image:width\" content=\"900\" \/>\n\t<meta property=\"og:image:height\" content=\"900\" \/>\n\t<meta property=\"og:image:type\" content=\"image\/jpeg\" \/>\n<meta name=\"twitter:card\" content=\"summary_large_image\" \/>\n<meta name=\"twitter:label1\" content=\"Tiempo de lectura\" \/>\n\t<meta name=\"twitter:data1\" content=\"1 minuto\" \/>\n<script type=\"application\/ld+json\" class=\"yoast-schema-graph\">{\"@context\":\"https:\/\/schema.org\",\"@graph\":[{\"@type\":\"WebPage\",\"@id\":\"https:\/\/projetweb.site\/holtersuppliessas\/es\/produit\/registradores-aft-1000\/\",\"url\":\"https:\/\/projetweb.site\/holtersuppliessas\/es\/produit\/registradores-aft-1000\/\",\"name\":\"Registradores AFT 1000 - Holter Supplies SAS\",\"isPartOf\":{\"@id\":\"https:\/\/projetweb.site\/holtersuppliessas\/#website\"},\"primaryImageOfPage\":{\"@id\":\"https:\/\/projetweb.site\/holtersuppliessas\/es\/produit\/registradores-aft-1000\/#primaryimage\"},\"image\":{\"@id\":\"https:\/\/projetweb.site\/holtersuppliessas\/es\/produit\/registradores-aft-1000\/#primaryimage\"},\"thumbnailUrl\":\"https:\/\/projetweb.site\/holtersuppliessas\/wp-content\/uploads\/2025\/02\/AFT-1000-mabiance.jpg\",\"datePublished\":\"2025-02-01T09:58:00+00:00\",\"dateModified\":\"2026-01-12T15:02:39+00:00\",\"breadcrumb\":{\"@id\":\"https:\/\/projetweb.site\/holtersuppliessas\/es\/produit\/registradores-aft-1000\/#breadcrumb\"},\"inLanguage\":\"es\",\"potentialAction\":[{\"@type\":\"ReadAction\",\"target\":[\"https:\/\/projetweb.site\/holtersuppliessas\/es\/produit\/registradores-aft-1000\/\"]}]},{\"@type\":\"ImageObject\",\"inLanguage\":\"es\",\"@id\":\"https:\/\/projetweb.site\/holtersuppliessas\/es\/produit\/registradores-aft-1000\/#primaryimage\",\"url\":\"https:\/\/projetweb.site\/holtersuppliessas\/wp-content\/uploads\/2025\/02\/AFT-1000-mabiance.jpg\",\"contentUrl\":\"https:\/\/projetweb.site\/holtersuppliessas\/wp-content\/uploads\/2025\/02\/AFT-1000-mabiance.jpg\",\"width\":900,\"height\":900},{\"@type\":\"BreadcrumbList\",\"@id\":\"https:\/\/projetweb.site\/holtersuppliessas\/es\/produit\/registradores-aft-1000\/#breadcrumb\",\"itemListElement\":[{\"@type\":\"ListItem\",\"position\":1,\"name\":\"Accueil\",\"item\":\"https:\/\/projetweb.site\/holtersuppliessas\/es\/inicio\/\"},{\"@type\":\"ListItem\",\"position\":2,\"name\":\"Tienda\",\"item\":\"https:\/\/projetweb.site\/holtersuppliessas\/es\/tienda\/\"},{\"@type\":\"ListItem\",\"position\":3,\"name\":\"Registradores AFT 1000\"}]},{\"@type\":\"WebSite\",\"@id\":\"https:\/\/projetweb.site\/holtersuppliessas\/#website\",\"url\":\"https:\/\/projetweb.site\/holtersuppliessas\/\",\"name\":\"Holter Supplies SAS\",\"description\":\"\",\"publisher\":{\"@id\":\"https:\/\/projetweb.site\/holtersuppliessas\/#organization\"},\"potentialAction\":[{\"@type\":\"SearchAction\",\"target\":{\"@type\":\"EntryPoint\",\"urlTemplate\":\"https:\/\/projetweb.site\/holtersuppliessas\/?s={search_term_string}\"},\"query-input\":{\"@type\":\"PropertyValueSpecification\",\"valueRequired\":true,\"valueName\":\"search_term_string\"}}],\"inLanguage\":\"es\"},{\"@type\":\"Organization\",\"@id\":\"https:\/\/projetweb.site\/holtersuppliessas\/#organization\",\"name\":\"Holter Supplies SAS\",\"url\":\"https:\/\/projetweb.site\/holtersuppliessas\/\",\"logo\":{\"@type\":\"ImageObject\",\"inLanguage\":\"es\",\"@id\":\"https:\/\/projetweb.site\/holtersuppliessas\/#\/schema\/logo\/image\/\",\"url\":\"https:\/\/projetweb.site\/holtersuppliessas\/wp-content\/uploads\/2025\/12\/cropped-logo-holter-supplies@2x.webp\",\"contentUrl\":\"https:\/\/projetweb.site\/holtersuppliessas\/wp-content\/uploads\/2025\/12\/cropped-logo-holter-supplies@2x.webp\",\"width\":512,\"height\":512,\"caption\":\"Holter Supplies SAS\"},\"image\":{\"@id\":\"https:\/\/projetweb.site\/holtersuppliessas\/#\/schema\/logo\/image\/\"},\"sameAs\":[\"https:\/\/www.linkedin.com\/company\/holter-supplies-sas\/\",\"https:\/\/www.youtube.com\/@holtersupplies3740\"]}]}<\/script>\n<!-- \/ Yoast SEO plugin. -->","yoast_head_json":{"title":"Registradores AFT 1000 - Holter Supplies SAS","robots":{"index":"index","follow":"follow","max-snippet":"max-snippet:-1","max-image-preview":"max-image-preview:large","max-video-preview":"max-video-preview:-1"},"canonical":"https:\/\/projetweb.site\/holtersuppliessas\/es\/produit\/registradores-aft-1000\/","og_locale":"es_ES","og_type":"article","og_title":"Registradores AFT 1000 - Holter Supplies SAS","og_description":"Registrador Holter, 1000 Hz con cable ECG micro USB AFT 1000 Plus es un registrador ECG Holter compacto que ofrece una autonom\u00eda excepcional para exploraciones prolongadas. Alimentado por una pila alcalina AAA, puede funcionar hasta 21\u201322 d\u00edas seg\u00fan la configuraci\u00f3n, sin necesidad de recarga, lo que lo hace particularmente adecuado para balances que requieren una [&hellip;]","og_url":"https:\/\/projetweb.site\/holtersuppliessas\/es\/produit\/registradores-aft-1000\/","og_site_name":"Holter Supplies SAS","article_modified_time":"2026-01-12T15:02:39+00:00","og_image":[{"width":900,"height":900,"url":"https:\/\/projetweb.site\/holtersuppliessas\/wp-content\/uploads\/2025\/02\/AFT-1000-mabiance.jpg","type":"image\/jpeg"}],"twitter_card":"summary_large_image","twitter_misc":{"Tiempo de lectura":"1 minuto"},"schema":{"@context":"https:\/\/schema.org","@graph":[{"@type":"WebPage","@id":"https:\/\/projetweb.site\/holtersuppliessas\/es\/produit\/registradores-aft-1000\/","url":"https:\/\/projetweb.site\/holtersuppliessas\/es\/produit\/registradores-aft-1000\/","name":"Registradores AFT 1000 - Holter Supplies SAS","isPartOf":{"@id":"https:\/\/projetweb.site\/holtersuppliessas\/#website"},"primaryImageOfPage":{"@id":"https:\/\/projetweb.site\/holtersuppliessas\/es\/produit\/registradores-aft-1000\/#primaryimage"},"image":{"@id":"https:\/\/projetweb.site\/holtersuppliessas\/es\/produit\/registradores-aft-1000\/#primaryimage"},"thumbnailUrl":"https:\/\/projetweb.site\/holtersuppliessas\/wp-content\/uploads\/2025\/02\/AFT-1000-mabiance.jpg","datePublished":"2025-02-01T09:58:00+00:00","dateModified":"2026-01-12T15:02:39+00:00","breadcrumb":{"@id":"https:\/\/projetweb.site\/holtersuppliessas\/es\/produit\/registradores-aft-1000\/#breadcrumb"},"inLanguage":"es","potentialAction":[{"@type":"ReadAction","target":["https:\/\/projetweb.site\/holtersuppliessas\/es\/produit\/registradores-aft-1000\/"]}]},{"@type":"ImageObject","inLanguage":"es","@id":"https:\/\/projetweb.site\/holtersuppliessas\/es\/produit\/registradores-aft-1000\/#primaryimage","url":"https:\/\/projetweb.site\/holtersuppliessas\/wp-content\/uploads\/2025\/02\/AFT-1000-mabiance.jpg","contentUrl":"https:\/\/projetweb.site\/holtersuppliessas\/wp-content\/uploads\/2025\/02\/AFT-1000-mabiance.jpg","width":900,"height":900},{"@type":"BreadcrumbList","@id":"https:\/\/projetweb.site\/holtersuppliessas\/es\/produit\/registradores-aft-1000\/#breadcrumb","itemListElement":[{"@type":"ListItem","position":1,"name":"Accueil","item":"https:\/\/projetweb.site\/holtersuppliessas\/es\/inicio\/"},{"@type":"ListItem","position":2,"name":"Tienda","item":"https:\/\/projetweb.site\/holtersuppliessas\/es\/tienda\/"},{"@type":"ListItem","position":3,"name":"Registradores AFT 1000"}]},{"@type":"WebSite","@id":"https:\/\/projetweb.site\/holtersuppliessas\/#website","url":"https:\/\/projetweb.site\/holtersuppliessas\/","name":"Holter Supplies SAS","description":"","publisher":{"@id":"https:\/\/projetweb.site\/holtersuppliessas\/#organization"},"potentialAction":[{"@type":"SearchAction","target":{"@type":"EntryPoint","urlTemplate":"https:\/\/projetweb.site\/holtersuppliessas\/?s={search_term_string}"},"query-input":{"@type":"PropertyValueSpecification","valueRequired":true,"valueName":"search_term_string"}}],"inLanguage":"es"},{"@type":"Organization","@id":"https:\/\/projetweb.site\/holtersuppliessas\/#organization","name":"Holter Supplies SAS","url":"https:\/\/projetweb.site\/holtersuppliessas\/","logo":{"@type":"ImageObject","inLanguage":"es","@id":"https:\/\/projetweb.site\/holtersuppliessas\/#\/schema\/logo\/image\/","url":"https:\/\/projetweb.site\/holtersuppliessas\/wp-content\/uploads\/2025\/12\/cropped-logo-holter-supplies@2x.webp","contentUrl":"https:\/\/projetweb.site\/holtersuppliessas\/wp-content\/uploads\/2025\/12\/cropped-logo-holter-supplies@2x.webp","width":512,"height":512,"caption":"Holter Supplies SAS"},"image":{"@id":"https:\/\/projetweb.site\/holtersuppliessas\/#\/schema\/logo\/image\/"},"sameAs":["https:\/\/www.linkedin.com\/company\/holter-supplies-sas\/","https:\/\/www.youtube.com\/@holtersupplies3740"]}]}},"_links":{"self":[{"href":"https:\/\/projetweb.site\/holtersuppliessas\/es\/wp-json\/wp\/v2\/product\/1651","targetHints":{"allow":["GET"]}}],"collection":[{"href":"https:\/\/projetweb.site\/holtersuppliessas\/es\/wp-json\/wp\/v2\/product"}],"about":[{"href":"https:\/\/projetweb.site\/holtersuppliessas\/es\/wp-json\/wp\/v2\/types\/product"}],"replies":[{"embeddable":true,"href":"https:\/\/projetweb.site\/holtersuppliessas\/es\/wp-json\/wp\/v2\/comments?post=1651"}],"wp:featuredmedia":[{"embeddable":true,"href":"https:\/\/projetweb.site\/holtersuppliessas\/es\/wp-json\/wp\/v2\/media\/1462"}],"wp:attachment":[{"href":"https:\/\/projetweb.site\/holtersuppliessas\/es\/wp-json\/wp\/v2\/media?parent=1651"}],"wp:term":[{"taxonomy":"product_brand","embeddable":true,"href":"https:\/\/projetweb.site\/holtersuppliessas\/es\/wp-json\/wp\/v2\/product_brand?post=1651"},{"taxonomy":"product_cat","embeddable":true,"href":"https:\/\/projetweb.site\/holtersuppliessas\/es\/wp-json\/wp\/v2\/product_cat?post=1651"},{"taxonomy":"product_tag","embeddable":true,"href":"https:\/\/projetweb.site\/holtersuppliessas\/es\/wp-json\/wp\/v2\/product_tag?post=1651"}],"curies":[{"name":"wp","href":"https:\/\/api.w.org\/{rel}","templated":true}]}}