{"id":1725,"date":"2025-05-08T11:56:47","date_gmt":"2025-05-08T09:56:47","guid":{"rendered":"https:\/\/projetweb.site\/holtersuppliessas\/produit\/fundas-transparentes-resistentes-economicas-x100\/"},"modified":"2025-05-08T11:56:47","modified_gmt":"2025-05-08T09:56:47","slug":"fundas-transparentes-resistentes-economicas-x100","status":"publish","type":"product","link":"https:\/\/projetweb.site\/holtersuppliessas\/es\/produit\/fundas-transparentes-resistentes-economicas-x100\/","title":{"rendered":"Fundas transparentes resistentes econ\u00f3micas x100"},"content":{"rendered":"<p>Set de 100 fundas de protecci\u00f3n desechables para los AFT1000.<br \/>\nObligatorias para proteger el registrador del sudor y la humedad.<br \/>\nEvita la transmisi\u00f3n de enfermedades nosocomiales.<br \/>\nContiene 3 clips de cierre.<\/p>\n<p><em><u>Incluye \u00fanicamente<\/u> :<\/em><\/p>\n<p><em>100 fundas de protecci\u00f3n y 3 clips de cierre.<\/em><\/p>\n","protected":false},"excerpt":{"rendered":"<p>Set de 100 fundas de protecci\u00f3n desechables para los AFT1000. Obligatorias para proteger el registrador del sudor y la humedad. Evita la transmisi\u00f3n de enfermedades nosocomiales. Contiene 3 clips de cierre. Incluye \u00fanicamente : 100 fundas de protecci\u00f3n y 3 clips de cierre.<\/p>\n","protected":false},"featured_media":753,"comment_status":"open","ping_status":"closed","template":"","meta":{"_jet_sm_ready_style":"","_jet_sm_style":"","_jet_sm_controls_values":"","_jet_sm_fonts_collection":"","_jet_sm_fonts_links":""},"product_brand":[],"product_cat":[73,61],"product_tag":[],"class_list":{"0":"post-1725","1":"product","2":"type-product","3":"status-publish","4":"has-post-thumbnail","6":"product_cat-consumibles","7":"product_cat-ecg","9":"first","10":"instock","11":"shipping-taxable","12":"purchasable","13":"product-type-simple"},"yoast_head":"<!-- This site is optimized with the Yoast SEO plugin v26.7 - https:\/\/yoast.com\/wordpress\/plugins\/seo\/ -->\n<title>Fundas transparentes resistentes econ\u00f3micas x100 - Holter Supplies SAS<\/title>\n<meta name=\"robots\" content=\"index, follow, max-snippet:-1, max-image-preview:large, max-video-preview:-1\" \/>\n<link rel=\"canonical\" href=\"https:\/\/projetweb.site\/holtersuppliessas\/es\/produit\/fundas-transparentes-resistentes-economicas-x100\/\" \/>\n<meta property=\"og:locale\" content=\"es_ES\" \/>\n<meta property=\"og:type\" content=\"article\" \/>\n<meta property=\"og:title\" content=\"Fundas transparentes resistentes econ\u00f3micas x100 - Holter Supplies SAS\" \/>\n<meta property=\"og:description\" content=\"Set de 100 fundas de protecci\u00f3n desechables para los AFT1000. Obligatorias para proteger el registrador del sudor y la humedad. Evita la transmisi\u00f3n de enfermedades nosocomiales. Contiene 3 clips de cierre. Incluye \u00fanicamente : 100 fundas de protecci\u00f3n y 3 clips de cierre.\" \/>\n<meta property=\"og:url\" content=\"https:\/\/projetweb.site\/holtersuppliessas\/es\/produit\/fundas-transparentes-resistentes-economicas-x100\/\" \/>\n<meta property=\"og:site_name\" content=\"Holter Supplies SAS\" \/>\n<meta property=\"og:image\" content=\"https:\/\/projetweb.site\/holtersuppliessas\/wp-content\/uploads\/2025\/12\/pochette-holter.jpg\" \/>\n\t<meta property=\"og:image:width\" content=\"901\" \/>\n\t<meta property=\"og:image:height\" content=\"900\" \/>\n\t<meta property=\"og:image:type\" content=\"image\/jpeg\" \/>\n<meta name=\"twitter:card\" content=\"summary_large_image\" \/>\n<script type=\"application\/ld+json\" class=\"yoast-schema-graph\">{\"@context\":\"https:\/\/schema.org\",\"@graph\":[{\"@type\":\"WebPage\",\"@id\":\"https:\/\/projetweb.site\/holtersuppliessas\/es\/produit\/fundas-transparentes-resistentes-economicas-x100\/\",\"url\":\"https:\/\/projetweb.site\/holtersuppliessas\/es\/produit\/fundas-transparentes-resistentes-economicas-x100\/\",\"name\":\"Fundas transparentes resistentes econ\u00f3micas x100 - Holter Supplies SAS\",\"isPartOf\":{\"@id\":\"https:\/\/projetweb.site\/holtersuppliessas\/#website\"},\"primaryImageOfPage\":{\"@id\":\"https:\/\/projetweb.site\/holtersuppliessas\/es\/produit\/fundas-transparentes-resistentes-economicas-x100\/#primaryimage\"},\"image\":{\"@id\":\"https:\/\/projetweb.site\/holtersuppliessas\/es\/produit\/fundas-transparentes-resistentes-economicas-x100\/#primaryimage\"},\"thumbnailUrl\":\"https:\/\/projetweb.site\/holtersuppliessas\/wp-content\/uploads\/2025\/12\/pochette-holter.jpg\",\"datePublished\":\"2025-05-08T09:56:47+00:00\",\"breadcrumb\":{\"@id\":\"https:\/\/projetweb.site\/holtersuppliessas\/es\/produit\/fundas-transparentes-resistentes-economicas-x100\/#breadcrumb\"},\"inLanguage\":\"es\",\"potentialAction\":[{\"@type\":\"ReadAction\",\"target\":[\"https:\/\/projetweb.site\/holtersuppliessas\/es\/produit\/fundas-transparentes-resistentes-economicas-x100\/\"]}]},{\"@type\":\"ImageObject\",\"inLanguage\":\"es\",\"@id\":\"https:\/\/projetweb.site\/holtersuppliessas\/es\/produit\/fundas-transparentes-resistentes-economicas-x100\/#primaryimage\",\"url\":\"https:\/\/projetweb.site\/holtersuppliessas\/wp-content\/uploads\/2025\/12\/pochette-holter.jpg\",\"contentUrl\":\"https:\/\/projetweb.site\/holtersuppliessas\/wp-content\/uploads\/2025\/12\/pochette-holter.jpg\",\"width\":901,\"height\":900},{\"@type\":\"BreadcrumbList\",\"@id\":\"https:\/\/projetweb.site\/holtersuppliessas\/es\/produit\/fundas-transparentes-resistentes-economicas-x100\/#breadcrumb\",\"itemListElement\":[{\"@type\":\"ListItem\",\"position\":1,\"name\":\"Accueil\",\"item\":\"https:\/\/projetweb.site\/holtersuppliessas\/es\/inicio\/\"},{\"@type\":\"ListItem\",\"position\":2,\"name\":\"Tienda\",\"item\":\"https:\/\/projetweb.site\/holtersuppliessas\/es\/tienda\/\"},{\"@type\":\"ListItem\",\"position\":3,\"name\":\"Fundas transparentes resistentes econ\u00f3micas x100\"}]},{\"@type\":\"WebSite\",\"@id\":\"https:\/\/projetweb.site\/holtersuppliessas\/#website\",\"url\":\"https:\/\/projetweb.site\/holtersuppliessas\/\",\"name\":\"Holter Supplies SAS\",\"description\":\"\",\"publisher\":{\"@id\":\"https:\/\/projetweb.site\/holtersuppliessas\/#organization\"},\"potentialAction\":[{\"@type\":\"SearchAction\",\"target\":{\"@type\":\"EntryPoint\",\"urlTemplate\":\"https:\/\/projetweb.site\/holtersuppliessas\/?s={search_term_string}\"},\"query-input\":{\"@type\":\"PropertyValueSpecification\",\"valueRequired\":true,\"valueName\":\"search_term_string\"}}],\"inLanguage\":\"es\"},{\"@type\":\"Organization\",\"@id\":\"https:\/\/projetweb.site\/holtersuppliessas\/#organization\",\"name\":\"Holter Supplies SAS\",\"url\":\"https:\/\/projetweb.site\/holtersuppliessas\/\",\"logo\":{\"@type\":\"ImageObject\",\"inLanguage\":\"es\",\"@id\":\"https:\/\/projetweb.site\/holtersuppliessas\/#\/schema\/logo\/image\/\",\"url\":\"https:\/\/projetweb.site\/holtersuppliessas\/wp-content\/uploads\/2025\/12\/cropped-logo-holter-supplies@2x.webp\",\"contentUrl\":\"https:\/\/projetweb.site\/holtersuppliessas\/wp-content\/uploads\/2025\/12\/cropped-logo-holter-supplies@2x.webp\",\"width\":512,\"height\":512,\"caption\":\"Holter Supplies SAS\"},\"image\":{\"@id\":\"https:\/\/projetweb.site\/holtersuppliessas\/#\/schema\/logo\/image\/\"},\"sameAs\":[\"https:\/\/www.linkedin.com\/company\/holter-supplies-sas\/\",\"https:\/\/www.youtube.com\/@holtersupplies3740\"]}]}<\/script>\n<!-- \/ Yoast SEO plugin. -->","yoast_head_json":{"title":"Fundas transparentes resistentes econ\u00f3micas x100 - Holter Supplies SAS","robots":{"index":"index","follow":"follow","max-snippet":"max-snippet:-1","max-image-preview":"max-image-preview:large","max-video-preview":"max-video-preview:-1"},"canonical":"https:\/\/projetweb.site\/holtersuppliessas\/es\/produit\/fundas-transparentes-resistentes-economicas-x100\/","og_locale":"es_ES","og_type":"article","og_title":"Fundas transparentes resistentes econ\u00f3micas x100 - Holter Supplies SAS","og_description":"Set de 100 fundas de protecci\u00f3n desechables para los AFT1000. Obligatorias para proteger el registrador del sudor y la humedad. Evita la transmisi\u00f3n de enfermedades nosocomiales. Contiene 3 clips de cierre. Incluye \u00fanicamente : 100 fundas de protecci\u00f3n y 3 clips de cierre.","og_url":"https:\/\/projetweb.site\/holtersuppliessas\/es\/produit\/fundas-transparentes-resistentes-economicas-x100\/","og_site_name":"Holter Supplies SAS","og_image":[{"width":901,"height":900,"url":"https:\/\/projetweb.site\/holtersuppliessas\/wp-content\/uploads\/2025\/12\/pochette-holter.jpg","type":"image\/jpeg"}],"twitter_card":"summary_large_image","schema":{"@context":"https:\/\/schema.org","@graph":[{"@type":"WebPage","@id":"https:\/\/projetweb.site\/holtersuppliessas\/es\/produit\/fundas-transparentes-resistentes-economicas-x100\/","url":"https:\/\/projetweb.site\/holtersuppliessas\/es\/produit\/fundas-transparentes-resistentes-economicas-x100\/","name":"Fundas transparentes resistentes econ\u00f3micas x100 - Holter Supplies SAS","isPartOf":{"@id":"https:\/\/projetweb.site\/holtersuppliessas\/#website"},"primaryImageOfPage":{"@id":"https:\/\/projetweb.site\/holtersuppliessas\/es\/produit\/fundas-transparentes-resistentes-economicas-x100\/#primaryimage"},"image":{"@id":"https:\/\/projetweb.site\/holtersuppliessas\/es\/produit\/fundas-transparentes-resistentes-economicas-x100\/#primaryimage"},"thumbnailUrl":"https:\/\/projetweb.site\/holtersuppliessas\/wp-content\/uploads\/2025\/12\/pochette-holter.jpg","datePublished":"2025-05-08T09:56:47+00:00","breadcrumb":{"@id":"https:\/\/projetweb.site\/holtersuppliessas\/es\/produit\/fundas-transparentes-resistentes-economicas-x100\/#breadcrumb"},"inLanguage":"es","potentialAction":[{"@type":"ReadAction","target":["https:\/\/projetweb.site\/holtersuppliessas\/es\/produit\/fundas-transparentes-resistentes-economicas-x100\/"]}]},{"@type":"ImageObject","inLanguage":"es","@id":"https:\/\/projetweb.site\/holtersuppliessas\/es\/produit\/fundas-transparentes-resistentes-economicas-x100\/#primaryimage","url":"https:\/\/projetweb.site\/holtersuppliessas\/wp-content\/uploads\/2025\/12\/pochette-holter.jpg","contentUrl":"https:\/\/projetweb.site\/holtersuppliessas\/wp-content\/uploads\/2025\/12\/pochette-holter.jpg","width":901,"height":900},{"@type":"BreadcrumbList","@id":"https:\/\/projetweb.site\/holtersuppliessas\/es\/produit\/fundas-transparentes-resistentes-economicas-x100\/#breadcrumb","itemListElement":[{"@type":"ListItem","position":1,"name":"Accueil","item":"https:\/\/projetweb.site\/holtersuppliessas\/es\/inicio\/"},{"@type":"ListItem","position":2,"name":"Tienda","item":"https:\/\/projetweb.site\/holtersuppliessas\/es\/tienda\/"},{"@type":"ListItem","position":3,"name":"Fundas transparentes resistentes econ\u00f3micas x100"}]},{"@type":"WebSite","@id":"https:\/\/projetweb.site\/holtersuppliessas\/#website","url":"https:\/\/projetweb.site\/holtersuppliessas\/","name":"Holter Supplies SAS","description":"","publisher":{"@id":"https:\/\/projetweb.site\/holtersuppliessas\/#organization"},"potentialAction":[{"@type":"SearchAction","target":{"@type":"EntryPoint","urlTemplate":"https:\/\/projetweb.site\/holtersuppliessas\/?s={search_term_string}"},"query-input":{"@type":"PropertyValueSpecification","valueRequired":true,"valueName":"search_term_string"}}],"inLanguage":"es"},{"@type":"Organization","@id":"https:\/\/projetweb.site\/holtersuppliessas\/#organization","name":"Holter Supplies SAS","url":"https:\/\/projetweb.site\/holtersuppliessas\/","logo":{"@type":"ImageObject","inLanguage":"es","@id":"https:\/\/projetweb.site\/holtersuppliessas\/#\/schema\/logo\/image\/","url":"https:\/\/projetweb.site\/holtersuppliessas\/wp-content\/uploads\/2025\/12\/cropped-logo-holter-supplies@2x.webp","contentUrl":"https:\/\/projetweb.site\/holtersuppliessas\/wp-content\/uploads\/2025\/12\/cropped-logo-holter-supplies@2x.webp","width":512,"height":512,"caption":"Holter Supplies SAS"},"image":{"@id":"https:\/\/projetweb.site\/holtersuppliessas\/#\/schema\/logo\/image\/"},"sameAs":["https:\/\/www.linkedin.com\/company\/holter-supplies-sas\/","https:\/\/www.youtube.com\/@holtersupplies3740"]}]}},"_links":{"self":[{"href":"https:\/\/projetweb.site\/holtersuppliessas\/es\/wp-json\/wp\/v2\/product\/1725","targetHints":{"allow":["GET"]}}],"collection":[{"href":"https:\/\/projetweb.site\/holtersuppliessas\/es\/wp-json\/wp\/v2\/product"}],"about":[{"href":"https:\/\/projetweb.site\/holtersuppliessas\/es\/wp-json\/wp\/v2\/types\/product"}],"replies":[{"embeddable":true,"href":"https:\/\/projetweb.site\/holtersuppliessas\/es\/wp-json\/wp\/v2\/comments?post=1725"}],"wp:featuredmedia":[{"embeddable":true,"href":"https:\/\/projetweb.site\/holtersuppliessas\/es\/wp-json\/wp\/v2\/media\/753"}],"wp:attachment":[{"href":"https:\/\/projetweb.site\/holtersuppliessas\/es\/wp-json\/wp\/v2\/media?parent=1725"}],"wp:term":[{"taxonomy":"product_brand","embeddable":true,"href":"https:\/\/projetweb.site\/holtersuppliessas\/es\/wp-json\/wp\/v2\/product_brand?post=1725"},{"taxonomy":"product_cat","embeddable":true,"href":"https:\/\/projetweb.site\/holtersuppliessas\/es\/wp-json\/wp\/v2\/product_cat?post=1725"},{"taxonomy":"product_tag","embeddable":true,"href":"https:\/\/projetweb.site\/holtersuppliessas\/es\/wp-json\/wp\/v2\/product_tag?post=1725"}],"curies":[{"name":"wp","href":"https:\/\/api.w.org\/{rel}","templated":true}]}}