{"id":1840,"date":"2025-12-10T12:05:34","date_gmt":"2025-12-10T11:05:34","guid":{"rendered":"https:\/\/projetweb.site\/holtersuppliessas\/produit\/recarga-de-10-tokens-de-analisis-producto-digital\/"},"modified":"2025-12-10T12:05:34","modified_gmt":"2025-12-10T11:05:34","slug":"recarga-de-10-tokens-de-analisis-producto-digital","status":"publish","type":"product","link":"https:\/\/projetweb.site\/holtersuppliessas\/es\/produit\/recarga-de-10-tokens-de-analisis-producto-digital\/","title":{"rendered":"Recarga de 10 tokens de an\u00e1lisis (producto digital)"},"content":{"rendered":"<p>La recarga de 10 tokens de an\u00e1lisis permite aumentar r\u00e1pidamente la capacidad de an\u00e1lisis ECG en el software Quick Reader, sin material adicional. Al ser digital, ofrece una soluci\u00f3n sencilla e inmediata para responder a un aumento de actividad o a necesidades puntuales de interpretaci\u00f3n. Esta recarga requiere la posesi\u00f3n previa del dongle con tokens de an\u00e1lisis.  <\/p>\n","protected":false},"excerpt":{"rendered":"<p>La recarga de 10 tokens de an\u00e1lisis permite aumentar r\u00e1pidamente la capacidad de an\u00e1lisis ECG en el software Quick Reader, sin material adicional. Al ser digital, ofrece una soluci\u00f3n sencilla e inmediata para responder a un aumento de actividad o a necesidades puntuales de interpretaci\u00f3n. Esta recarga requiere la posesi\u00f3n previa del dongle con tokens [&hellip;]<\/p>\n","protected":false},"featured_media":1433,"comment_status":"open","ping_status":"closed","template":"","meta":{"_jet_sm_ready_style":"","_jet_sm_style":"","_jet_sm_controls_values":"","_jet_sm_fonts_collection":"","_jet_sm_fonts_links":""},"product_brand":[],"product_cat":[61,77,62,78],"product_tag":[],"class_list":{"0":"post-1840","1":"product","2":"type-product","3":"status-publish","4":"has-post-thumbnail","6":"product_cat-ecg","7":"product_cat-servicios","8":"product_cat-software-quick-reader","9":"product_cat-tokens-de-analisis","11":"first","12":"instock","13":"virtual","14":"purchasable","15":"product-type-simple"},"yoast_head":"<!-- This site is optimized with the Yoast SEO plugin v26.7 - https:\/\/yoast.com\/wordpress\/plugins\/seo\/ -->\n<title>Recarga de 10 tokens de an\u00e1lisis (producto digital) - Holter Supplies SAS<\/title>\n<meta name=\"robots\" content=\"index, follow, max-snippet:-1, max-image-preview:large, max-video-preview:-1\" \/>\n<link rel=\"canonical\" href=\"https:\/\/projetweb.site\/holtersuppliessas\/produit\/recarga-de-10-tokens-de-analisis-producto-digital\/\" \/>\n<meta property=\"og:locale\" content=\"es_ES\" \/>\n<meta property=\"og:type\" content=\"article\" \/>\n<meta property=\"og:title\" content=\"Recarga de 10 tokens de an\u00e1lisis (producto digital) - Holter Supplies SAS\" \/>\n<meta property=\"og:description\" content=\"La recarga de 10 tokens de an\u00e1lisis permite aumentar r\u00e1pidamente la capacidad de an\u00e1lisis ECG en el software Quick Reader, sin material adicional. Al ser digital, ofrece una soluci\u00f3n sencilla e inmediata para responder a un aumento de actividad o a necesidades puntuales de interpretaci\u00f3n. Esta recarga requiere la posesi\u00f3n previa del dongle con tokens [&hellip;]\" \/>\n<meta property=\"og:url\" content=\"https:\/\/projetweb.site\/holtersuppliessas\/produit\/recarga-de-10-tokens-de-analisis-producto-digital\/\" \/>\n<meta property=\"og:site_name\" content=\"Holter Supplies SAS\" \/>\n<meta name=\"twitter:card\" content=\"summary_large_image\" \/>\n<script type=\"application\/ld+json\" class=\"yoast-schema-graph\">{\"@context\":\"https:\/\/schema.org\",\"@graph\":[{\"@type\":\"WebPage\",\"@id\":\"https:\/\/projetweb.site\/holtersuppliessas\/produit\/recarga-de-10-tokens-de-analisis-producto-digital\/\",\"url\":\"https:\/\/projetweb.site\/holtersuppliessas\/produit\/recarga-de-10-tokens-de-analisis-producto-digital\/\",\"name\":\"Recarga de 10 tokens de an\u00e1lisis (producto digital) - Holter Supplies SAS\",\"isPartOf\":{\"@id\":\"https:\/\/projetweb.site\/holtersuppliessas\/#website\"},\"primaryImageOfPage\":{\"@id\":\"https:\/\/projetweb.site\/holtersuppliessas\/produit\/recarga-de-10-tokens-de-analisis-producto-digital\/#primaryimage\"},\"image\":{\"@id\":\"https:\/\/projetweb.site\/holtersuppliessas\/produit\/recarga-de-10-tokens-de-analisis-producto-digital\/#primaryimage\"},\"thumbnailUrl\":\"https:\/\/projetweb.site\/holtersuppliessas\/wp-content\/uploads\/2026\/01\/Dongle-02-scaled.jpg\",\"datePublished\":\"2025-12-10T11:05:34+00:00\",\"breadcrumb\":{\"@id\":\"https:\/\/projetweb.site\/holtersuppliessas\/produit\/recarga-de-10-tokens-de-analisis-producto-digital\/#breadcrumb\"},\"inLanguage\":\"es\",\"potentialAction\":[{\"@type\":\"ReadAction\",\"target\":[\"https:\/\/projetweb.site\/holtersuppliessas\/produit\/recarga-de-10-tokens-de-analisis-producto-digital\/\"]}]},{\"@type\":\"ImageObject\",\"inLanguage\":\"es\",\"@id\":\"https:\/\/projetweb.site\/holtersuppliessas\/produit\/recarga-de-10-tokens-de-analisis-producto-digital\/#primaryimage\",\"url\":\"https:\/\/projetweb.site\/holtersuppliessas\/wp-content\/uploads\/2026\/01\/Dongle-02-scaled.jpg\",\"contentUrl\":\"https:\/\/projetweb.site\/holtersuppliessas\/wp-content\/uploads\/2026\/01\/Dongle-02-scaled.jpg\",\"width\":2560,\"height\":2560},{\"@type\":\"BreadcrumbList\",\"@id\":\"https:\/\/projetweb.site\/holtersuppliessas\/produit\/recarga-de-10-tokens-de-analisis-producto-digital\/#breadcrumb\",\"itemListElement\":[{\"@type\":\"ListItem\",\"position\":1,\"name\":\"Accueil\",\"item\":\"https:\/\/projetweb.site\/holtersuppliessas\/es\/inicio\/\"},{\"@type\":\"ListItem\",\"position\":2,\"name\":\"Tienda\",\"item\":\"https:\/\/projetweb.site\/holtersuppliessas\/es\/tienda\/\"},{\"@type\":\"ListItem\",\"position\":3,\"name\":\"Recarga de 10 tokens de an\u00e1lisis (producto digital)\"}]},{\"@type\":\"WebSite\",\"@id\":\"https:\/\/projetweb.site\/holtersuppliessas\/#website\",\"url\":\"https:\/\/projetweb.site\/holtersuppliessas\/\",\"name\":\"Holter Supplies SAS\",\"description\":\"\",\"publisher\":{\"@id\":\"https:\/\/projetweb.site\/holtersuppliessas\/#organization\"},\"potentialAction\":[{\"@type\":\"SearchAction\",\"target\":{\"@type\":\"EntryPoint\",\"urlTemplate\":\"https:\/\/projetweb.site\/holtersuppliessas\/?s={search_term_string}\"},\"query-input\":{\"@type\":\"PropertyValueSpecification\",\"valueRequired\":true,\"valueName\":\"search_term_string\"}}],\"inLanguage\":\"es\"},{\"@type\":\"Organization\",\"@id\":\"https:\/\/projetweb.site\/holtersuppliessas\/#organization\",\"name\":\"Holter Supplies SAS\",\"url\":\"https:\/\/projetweb.site\/holtersuppliessas\/\",\"logo\":{\"@type\":\"ImageObject\",\"inLanguage\":\"es\",\"@id\":\"https:\/\/projetweb.site\/holtersuppliessas\/#\/schema\/logo\/image\/\",\"url\":\"https:\/\/projetweb.site\/holtersuppliessas\/wp-content\/uploads\/2025\/12\/cropped-logo-holter-supplies@2x.webp\",\"contentUrl\":\"https:\/\/projetweb.site\/holtersuppliessas\/wp-content\/uploads\/2025\/12\/cropped-logo-holter-supplies@2x.webp\",\"width\":512,\"height\":512,\"caption\":\"Holter Supplies SAS\"},\"image\":{\"@id\":\"https:\/\/projetweb.site\/holtersuppliessas\/#\/schema\/logo\/image\/\"},\"sameAs\":[\"https:\/\/www.linkedin.com\/company\/holter-supplies-sas\/\",\"https:\/\/www.youtube.com\/@holtersupplies3740\"]}]}<\/script>\n<!-- \/ Yoast SEO plugin. -->","yoast_head_json":{"title":"Recarga de 10 tokens de an\u00e1lisis (producto digital) - Holter Supplies SAS","robots":{"index":"index","follow":"follow","max-snippet":"max-snippet:-1","max-image-preview":"max-image-preview:large","max-video-preview":"max-video-preview:-1"},"canonical":"https:\/\/projetweb.site\/holtersuppliessas\/produit\/recarga-de-10-tokens-de-analisis-producto-digital\/","og_locale":"es_ES","og_type":"article","og_title":"Recarga de 10 tokens de an\u00e1lisis (producto digital) - Holter Supplies SAS","og_description":"La recarga de 10 tokens de an\u00e1lisis permite aumentar r\u00e1pidamente la capacidad de an\u00e1lisis ECG en el software Quick Reader, sin material adicional. Al ser digital, ofrece una soluci\u00f3n sencilla e inmediata para responder a un aumento de actividad o a necesidades puntuales de interpretaci\u00f3n. Esta recarga requiere la posesi\u00f3n previa del dongle con tokens [&hellip;]","og_url":"https:\/\/projetweb.site\/holtersuppliessas\/produit\/recarga-de-10-tokens-de-analisis-producto-digital\/","og_site_name":"Holter Supplies SAS","twitter_card":"summary_large_image","schema":{"@context":"https:\/\/schema.org","@graph":[{"@type":"WebPage","@id":"https:\/\/projetweb.site\/holtersuppliessas\/produit\/recarga-de-10-tokens-de-analisis-producto-digital\/","url":"https:\/\/projetweb.site\/holtersuppliessas\/produit\/recarga-de-10-tokens-de-analisis-producto-digital\/","name":"Recarga de 10 tokens de an\u00e1lisis (producto digital) - Holter Supplies SAS","isPartOf":{"@id":"https:\/\/projetweb.site\/holtersuppliessas\/#website"},"primaryImageOfPage":{"@id":"https:\/\/projetweb.site\/holtersuppliessas\/produit\/recarga-de-10-tokens-de-analisis-producto-digital\/#primaryimage"},"image":{"@id":"https:\/\/projetweb.site\/holtersuppliessas\/produit\/recarga-de-10-tokens-de-analisis-producto-digital\/#primaryimage"},"thumbnailUrl":"https:\/\/projetweb.site\/holtersuppliessas\/wp-content\/uploads\/2026\/01\/Dongle-02-scaled.jpg","datePublished":"2025-12-10T11:05:34+00:00","breadcrumb":{"@id":"https:\/\/projetweb.site\/holtersuppliessas\/produit\/recarga-de-10-tokens-de-analisis-producto-digital\/#breadcrumb"},"inLanguage":"es","potentialAction":[{"@type":"ReadAction","target":["https:\/\/projetweb.site\/holtersuppliessas\/produit\/recarga-de-10-tokens-de-analisis-producto-digital\/"]}]},{"@type":"ImageObject","inLanguage":"es","@id":"https:\/\/projetweb.site\/holtersuppliessas\/produit\/recarga-de-10-tokens-de-analisis-producto-digital\/#primaryimage","url":"https:\/\/projetweb.site\/holtersuppliessas\/wp-content\/uploads\/2026\/01\/Dongle-02-scaled.jpg","contentUrl":"https:\/\/projetweb.site\/holtersuppliessas\/wp-content\/uploads\/2026\/01\/Dongle-02-scaled.jpg","width":2560,"height":2560},{"@type":"BreadcrumbList","@id":"https:\/\/projetweb.site\/holtersuppliessas\/produit\/recarga-de-10-tokens-de-analisis-producto-digital\/#breadcrumb","itemListElement":[{"@type":"ListItem","position":1,"name":"Accueil","item":"https:\/\/projetweb.site\/holtersuppliessas\/es\/inicio\/"},{"@type":"ListItem","position":2,"name":"Tienda","item":"https:\/\/projetweb.site\/holtersuppliessas\/es\/tienda\/"},{"@type":"ListItem","position":3,"name":"Recarga de 10 tokens de an\u00e1lisis (producto digital)"}]},{"@type":"WebSite","@id":"https:\/\/projetweb.site\/holtersuppliessas\/#website","url":"https:\/\/projetweb.site\/holtersuppliessas\/","name":"Holter Supplies SAS","description":"","publisher":{"@id":"https:\/\/projetweb.site\/holtersuppliessas\/#organization"},"potentialAction":[{"@type":"SearchAction","target":{"@type":"EntryPoint","urlTemplate":"https:\/\/projetweb.site\/holtersuppliessas\/?s={search_term_string}"},"query-input":{"@type":"PropertyValueSpecification","valueRequired":true,"valueName":"search_term_string"}}],"inLanguage":"es"},{"@type":"Organization","@id":"https:\/\/projetweb.site\/holtersuppliessas\/#organization","name":"Holter Supplies SAS","url":"https:\/\/projetweb.site\/holtersuppliessas\/","logo":{"@type":"ImageObject","inLanguage":"es","@id":"https:\/\/projetweb.site\/holtersuppliessas\/#\/schema\/logo\/image\/","url":"https:\/\/projetweb.site\/holtersuppliessas\/wp-content\/uploads\/2025\/12\/cropped-logo-holter-supplies@2x.webp","contentUrl":"https:\/\/projetweb.site\/holtersuppliessas\/wp-content\/uploads\/2025\/12\/cropped-logo-holter-supplies@2x.webp","width":512,"height":512,"caption":"Holter Supplies SAS"},"image":{"@id":"https:\/\/projetweb.site\/holtersuppliessas\/#\/schema\/logo\/image\/"},"sameAs":["https:\/\/www.linkedin.com\/company\/holter-supplies-sas\/","https:\/\/www.youtube.com\/@holtersupplies3740"]}]}},"_links":{"self":[{"href":"https:\/\/projetweb.site\/holtersuppliessas\/es\/wp-json\/wp\/v2\/product\/1840","targetHints":{"allow":["GET"]}}],"collection":[{"href":"https:\/\/projetweb.site\/holtersuppliessas\/es\/wp-json\/wp\/v2\/product"}],"about":[{"href":"https:\/\/projetweb.site\/holtersuppliessas\/es\/wp-json\/wp\/v2\/types\/product"}],"replies":[{"embeddable":true,"href":"https:\/\/projetweb.site\/holtersuppliessas\/es\/wp-json\/wp\/v2\/comments?post=1840"}],"wp:featuredmedia":[{"embeddable":true,"href":"https:\/\/projetweb.site\/holtersuppliessas\/es\/wp-json\/wp\/v2\/media\/1433"}],"wp:attachment":[{"href":"https:\/\/projetweb.site\/holtersuppliessas\/es\/wp-json\/wp\/v2\/media?parent=1840"}],"wp:term":[{"taxonomy":"product_brand","embeddable":true,"href":"https:\/\/projetweb.site\/holtersuppliessas\/es\/wp-json\/wp\/v2\/product_brand?post=1840"},{"taxonomy":"product_cat","embeddable":true,"href":"https:\/\/projetweb.site\/holtersuppliessas\/es\/wp-json\/wp\/v2\/product_cat?post=1840"},{"taxonomy":"product_tag","embeddable":true,"href":"https:\/\/projetweb.site\/holtersuppliessas\/es\/wp-json\/wp\/v2\/product_tag?post=1840"}],"curies":[{"name":"wp","href":"https:\/\/api.w.org\/{rel}","templated":true}]}}