{"id":1920,"date":"2025-05-04T15:59:25","date_gmt":"2025-05-04T13:59:25","guid":{"rendered":"https:\/\/projetweb.site\/holtersuppliessas\/produit\/cables-de-ecg-de-3-derivaciones\/"},"modified":"2025-05-04T15:59:25","modified_gmt":"2025-05-04T13:59:25","slug":"cables-de-ecg-de-3-derivaciones","status":"publish","type":"product","link":"https:\/\/projetweb.site\/holtersuppliessas\/es\/produit\/cables-de-ecg-de-3-derivaciones\/","title":{"rendered":"Cables de ECG de 3 derivaciones"},"content":{"rendered":"<p>Los cables de ECG de 3 derivaciones permiten una adquisici\u00f3n m\u00e1s completa de la se\u00f1al card\u00edaca, ideal para los protocolos que requieren un an\u00e1lisis exhaustivo del ritmo. Su dise\u00f1o robusto garantiza una excelente estabilidad mec\u00e1nica, lo que limita el ruido relacionado con los movimientos. Adaptados a los registros de larga duraci\u00f3n, ofrecen una fiabilidad cl\u00ednica \u00f3ptima en combinaci\u00f3n con los dispositivos AFT.  <\/p>\n","protected":false},"excerpt":{"rendered":"<p>Los cables de ECG de 3 derivaciones permiten una adquisici\u00f3n m\u00e1s completa de la se\u00f1al card\u00edaca, ideal para los protocolos que requieren un an\u00e1lisis exhaustivo del ritmo. Su dise\u00f1o robusto garantiza una excelente estabilidad mec\u00e1nica, lo que limita el ruido relacionado con los movimientos. Adaptados a los registros de larga duraci\u00f3n, ofrecen una fiabilidad cl\u00ednica [&hellip;]<\/p>\n","protected":false},"featured_media":1370,"comment_status":"open","ping_status":"closed","template":"","meta":{"_jet_sm_ready_style":"","_jet_sm_style":"","_jet_sm_controls_values":"","_jet_sm_fonts_collection":"","_jet_sm_fonts_links":""},"product_brand":[],"product_cat":[83,61],"product_tag":[],"class_list":{"0":"post-1920","1":"product","2":"type-product","3":"status-publish","4":"has-post-thumbnail","6":"product_cat-cables-de-ecg","7":"product_cat-ecg","9":"first","10":"instock","11":"shipping-taxable","12":"purchasable","13":"product-type-variable"},"yoast_head":"<!-- This site is optimized with the Yoast SEO plugin v26.7 - https:\/\/yoast.com\/wordpress\/plugins\/seo\/ -->\n<title>Cables de ECG de 3 derivaciones - Holter Supplies SAS<\/title>\n<meta name=\"robots\" content=\"index, follow, max-snippet:-1, max-image-preview:large, max-video-preview:-1\" \/>\n<link rel=\"canonical\" href=\"https:\/\/projetweb.site\/holtersuppliessas\/produit\/cables-de-ecg-de-3-derivaciones\/\" \/>\n<meta property=\"og:locale\" content=\"es_ES\" \/>\n<meta property=\"og:type\" content=\"article\" \/>\n<meta property=\"og:title\" content=\"Cables de ECG de 3 derivaciones - Holter Supplies SAS\" \/>\n<meta property=\"og:description\" content=\"Los cables de ECG de 3 derivaciones permiten una adquisici\u00f3n m\u00e1s completa de la se\u00f1al card\u00edaca, ideal para los protocolos que requieren un an\u00e1lisis exhaustivo del ritmo. Su dise\u00f1o robusto garantiza una excelente estabilidad mec\u00e1nica, lo que limita el ruido relacionado con los movimientos. Adaptados a los registros de larga duraci\u00f3n, ofrecen una fiabilidad cl\u00ednica [&hellip;]\" \/>\n<meta property=\"og:url\" content=\"https:\/\/projetweb.site\/holtersuppliessas\/produit\/cables-de-ecg-de-3-derivaciones\/\" \/>\n<meta property=\"og:site_name\" content=\"Holter Supplies SAS\" \/>\n<meta name=\"twitter:card\" content=\"summary_large_image\" \/>\n<script type=\"application\/ld+json\" class=\"yoast-schema-graph\">{\"@context\":\"https:\/\/schema.org\",\"@graph\":[{\"@type\":\"WebPage\",\"@id\":\"https:\/\/projetweb.site\/holtersuppliessas\/produit\/cables-de-ecg-de-3-derivaciones\/\",\"url\":\"https:\/\/projetweb.site\/holtersuppliessas\/produit\/cables-de-ecg-de-3-derivaciones\/\",\"name\":\"Cables de ECG de 3 derivaciones - Holter Supplies SAS\",\"isPartOf\":{\"@id\":\"https:\/\/projetweb.site\/holtersuppliessas\/#website\"},\"primaryImageOfPage\":{\"@id\":\"https:\/\/projetweb.site\/holtersuppliessas\/produit\/cables-de-ecg-de-3-derivaciones\/#primaryimage\"},\"image\":{\"@id\":\"https:\/\/projetweb.site\/holtersuppliessas\/produit\/cables-de-ecg-de-3-derivaciones\/#primaryimage\"},\"thumbnailUrl\":\"https:\/\/projetweb.site\/holtersuppliessas\/wp-content\/uploads\/2025\/05\/Cable3L4.jpg\",\"datePublished\":\"2025-05-04T13:59:25+00:00\",\"breadcrumb\":{\"@id\":\"https:\/\/projetweb.site\/holtersuppliessas\/produit\/cables-de-ecg-de-3-derivaciones\/#breadcrumb\"},\"inLanguage\":\"es\",\"potentialAction\":[{\"@type\":\"ReadAction\",\"target\":[\"https:\/\/projetweb.site\/holtersuppliessas\/produit\/cables-de-ecg-de-3-derivaciones\/\"]}]},{\"@type\":\"ImageObject\",\"inLanguage\":\"es\",\"@id\":\"https:\/\/projetweb.site\/holtersuppliessas\/produit\/cables-de-ecg-de-3-derivaciones\/#primaryimage\",\"url\":\"https:\/\/projetweb.site\/holtersuppliessas\/wp-content\/uploads\/2025\/05\/Cable3L4.jpg\",\"contentUrl\":\"https:\/\/projetweb.site\/holtersuppliessas\/wp-content\/uploads\/2025\/05\/Cable3L4.jpg\",\"width\":900,\"height\":900},{\"@type\":\"BreadcrumbList\",\"@id\":\"https:\/\/projetweb.site\/holtersuppliessas\/produit\/cables-de-ecg-de-3-derivaciones\/#breadcrumb\",\"itemListElement\":[{\"@type\":\"ListItem\",\"position\":1,\"name\":\"Accueil\",\"item\":\"https:\/\/projetweb.site\/holtersuppliessas\/es\/inicio\/\"},{\"@type\":\"ListItem\",\"position\":2,\"name\":\"Tienda\",\"item\":\"https:\/\/projetweb.site\/holtersuppliessas\/es\/tienda\/\"},{\"@type\":\"ListItem\",\"position\":3,\"name\":\"Cables de ECG de 3 derivaciones\"}]},{\"@type\":\"WebSite\",\"@id\":\"https:\/\/projetweb.site\/holtersuppliessas\/#website\",\"url\":\"https:\/\/projetweb.site\/holtersuppliessas\/\",\"name\":\"Holter Supplies SAS\",\"description\":\"\",\"publisher\":{\"@id\":\"https:\/\/projetweb.site\/holtersuppliessas\/#organization\"},\"potentialAction\":[{\"@type\":\"SearchAction\",\"target\":{\"@type\":\"EntryPoint\",\"urlTemplate\":\"https:\/\/projetweb.site\/holtersuppliessas\/?s={search_term_string}\"},\"query-input\":{\"@type\":\"PropertyValueSpecification\",\"valueRequired\":true,\"valueName\":\"search_term_string\"}}],\"inLanguage\":\"es\"},{\"@type\":\"Organization\",\"@id\":\"https:\/\/projetweb.site\/holtersuppliessas\/#organization\",\"name\":\"Holter Supplies SAS\",\"url\":\"https:\/\/projetweb.site\/holtersuppliessas\/\",\"logo\":{\"@type\":\"ImageObject\",\"inLanguage\":\"es\",\"@id\":\"https:\/\/projetweb.site\/holtersuppliessas\/#\/schema\/logo\/image\/\",\"url\":\"https:\/\/projetweb.site\/holtersuppliessas\/wp-content\/uploads\/2025\/12\/cropped-logo-holter-supplies@2x.webp\",\"contentUrl\":\"https:\/\/projetweb.site\/holtersuppliessas\/wp-content\/uploads\/2025\/12\/cropped-logo-holter-supplies@2x.webp\",\"width\":512,\"height\":512,\"caption\":\"Holter Supplies SAS\"},\"image\":{\"@id\":\"https:\/\/projetweb.site\/holtersuppliessas\/#\/schema\/logo\/image\/\"},\"sameAs\":[\"https:\/\/www.linkedin.com\/company\/holter-supplies-sas\/\",\"https:\/\/www.youtube.com\/@holtersupplies3740\"]}]}<\/script>\n<!-- \/ Yoast SEO plugin. -->","yoast_head_json":{"title":"Cables de ECG de 3 derivaciones - Holter Supplies SAS","robots":{"index":"index","follow":"follow","max-snippet":"max-snippet:-1","max-image-preview":"max-image-preview:large","max-video-preview":"max-video-preview:-1"},"canonical":"https:\/\/projetweb.site\/holtersuppliessas\/produit\/cables-de-ecg-de-3-derivaciones\/","og_locale":"es_ES","og_type":"article","og_title":"Cables de ECG de 3 derivaciones - Holter Supplies SAS","og_description":"Los cables de ECG de 3 derivaciones permiten una adquisici\u00f3n m\u00e1s completa de la se\u00f1al card\u00edaca, ideal para los protocolos que requieren un an\u00e1lisis exhaustivo del ritmo. Su dise\u00f1o robusto garantiza una excelente estabilidad mec\u00e1nica, lo que limita el ruido relacionado con los movimientos. Adaptados a los registros de larga duraci\u00f3n, ofrecen una fiabilidad cl\u00ednica [&hellip;]","og_url":"https:\/\/projetweb.site\/holtersuppliessas\/produit\/cables-de-ecg-de-3-derivaciones\/","og_site_name":"Holter Supplies SAS","twitter_card":"summary_large_image","schema":{"@context":"https:\/\/schema.org","@graph":[{"@type":"WebPage","@id":"https:\/\/projetweb.site\/holtersuppliessas\/produit\/cables-de-ecg-de-3-derivaciones\/","url":"https:\/\/projetweb.site\/holtersuppliessas\/produit\/cables-de-ecg-de-3-derivaciones\/","name":"Cables de ECG de 3 derivaciones - Holter Supplies SAS","isPartOf":{"@id":"https:\/\/projetweb.site\/holtersuppliessas\/#website"},"primaryImageOfPage":{"@id":"https:\/\/projetweb.site\/holtersuppliessas\/produit\/cables-de-ecg-de-3-derivaciones\/#primaryimage"},"image":{"@id":"https:\/\/projetweb.site\/holtersuppliessas\/produit\/cables-de-ecg-de-3-derivaciones\/#primaryimage"},"thumbnailUrl":"https:\/\/projetweb.site\/holtersuppliessas\/wp-content\/uploads\/2025\/05\/Cable3L4.jpg","datePublished":"2025-05-04T13:59:25+00:00","breadcrumb":{"@id":"https:\/\/projetweb.site\/holtersuppliessas\/produit\/cables-de-ecg-de-3-derivaciones\/#breadcrumb"},"inLanguage":"es","potentialAction":[{"@type":"ReadAction","target":["https:\/\/projetweb.site\/holtersuppliessas\/produit\/cables-de-ecg-de-3-derivaciones\/"]}]},{"@type":"ImageObject","inLanguage":"es","@id":"https:\/\/projetweb.site\/holtersuppliessas\/produit\/cables-de-ecg-de-3-derivaciones\/#primaryimage","url":"https:\/\/projetweb.site\/holtersuppliessas\/wp-content\/uploads\/2025\/05\/Cable3L4.jpg","contentUrl":"https:\/\/projetweb.site\/holtersuppliessas\/wp-content\/uploads\/2025\/05\/Cable3L4.jpg","width":900,"height":900},{"@type":"BreadcrumbList","@id":"https:\/\/projetweb.site\/holtersuppliessas\/produit\/cables-de-ecg-de-3-derivaciones\/#breadcrumb","itemListElement":[{"@type":"ListItem","position":1,"name":"Accueil","item":"https:\/\/projetweb.site\/holtersuppliessas\/es\/inicio\/"},{"@type":"ListItem","position":2,"name":"Tienda","item":"https:\/\/projetweb.site\/holtersuppliessas\/es\/tienda\/"},{"@type":"ListItem","position":3,"name":"Cables de ECG de 3 derivaciones"}]},{"@type":"WebSite","@id":"https:\/\/projetweb.site\/holtersuppliessas\/#website","url":"https:\/\/projetweb.site\/holtersuppliessas\/","name":"Holter Supplies SAS","description":"","publisher":{"@id":"https:\/\/projetweb.site\/holtersuppliessas\/#organization"},"potentialAction":[{"@type":"SearchAction","target":{"@type":"EntryPoint","urlTemplate":"https:\/\/projetweb.site\/holtersuppliessas\/?s={search_term_string}"},"query-input":{"@type":"PropertyValueSpecification","valueRequired":true,"valueName":"search_term_string"}}],"inLanguage":"es"},{"@type":"Organization","@id":"https:\/\/projetweb.site\/holtersuppliessas\/#organization","name":"Holter Supplies SAS","url":"https:\/\/projetweb.site\/holtersuppliessas\/","logo":{"@type":"ImageObject","inLanguage":"es","@id":"https:\/\/projetweb.site\/holtersuppliessas\/#\/schema\/logo\/image\/","url":"https:\/\/projetweb.site\/holtersuppliessas\/wp-content\/uploads\/2025\/12\/cropped-logo-holter-supplies@2x.webp","contentUrl":"https:\/\/projetweb.site\/holtersuppliessas\/wp-content\/uploads\/2025\/12\/cropped-logo-holter-supplies@2x.webp","width":512,"height":512,"caption":"Holter Supplies SAS"},"image":{"@id":"https:\/\/projetweb.site\/holtersuppliessas\/#\/schema\/logo\/image\/"},"sameAs":["https:\/\/www.linkedin.com\/company\/holter-supplies-sas\/","https:\/\/www.youtube.com\/@holtersupplies3740"]}]}},"_links":{"self":[{"href":"https:\/\/projetweb.site\/holtersuppliessas\/es\/wp-json\/wp\/v2\/product\/1920","targetHints":{"allow":["GET"]}}],"collection":[{"href":"https:\/\/projetweb.site\/holtersuppliessas\/es\/wp-json\/wp\/v2\/product"}],"about":[{"href":"https:\/\/projetweb.site\/holtersuppliessas\/es\/wp-json\/wp\/v2\/types\/product"}],"replies":[{"embeddable":true,"href":"https:\/\/projetweb.site\/holtersuppliessas\/es\/wp-json\/wp\/v2\/comments?post=1920"}],"wp:featuredmedia":[{"embeddable":true,"href":"https:\/\/projetweb.site\/holtersuppliessas\/es\/wp-json\/wp\/v2\/media\/1370"}],"wp:attachment":[{"href":"https:\/\/projetweb.site\/holtersuppliessas\/es\/wp-json\/wp\/v2\/media?parent=1920"}],"wp:term":[{"taxonomy":"product_brand","embeddable":true,"href":"https:\/\/projetweb.site\/holtersuppliessas\/es\/wp-json\/wp\/v2\/product_brand?post=1920"},{"taxonomy":"product_cat","embeddable":true,"href":"https:\/\/projetweb.site\/holtersuppliessas\/es\/wp-json\/wp\/v2\/product_cat?post=1920"},{"taxonomy":"product_tag","embeddable":true,"href":"https:\/\/projetweb.site\/holtersuppliessas\/es\/wp-json\/wp\/v2\/product_tag?post=1920"}],"curies":[{"name":"wp","href":"https:\/\/api.w.org\/{rel}","templated":true}]}}