{"id":1945,"date":"2025-01-05T16:12:11","date_gmt":"2025-01-05T15:12:11","guid":{"rendered":"https:\/\/projetweb.site\/holtersuppliessas\/produit\/kit-holter-light-10-dias\/"},"modified":"2025-01-05T16:12:11","modified_gmt":"2025-01-05T15:12:11","slug":"kit-holter-light-10-dias","status":"publish","type":"product","link":"https:\/\/projetweb.site\/holtersuppliessas\/es\/produit\/kit-holter-light-10-dias\/","title":{"rendered":"Kit Holter Light (10 d\u00edas)"},"content":{"rendered":"<ul>\n<li>Registrador AFT Light 24h + suscripci\u00f3n de 1 a\u00f1o a Quick Reader + cable USB + electrodos<\/li>\n<\/ul>\n<p>&nbsp;<\/p>\n<ul>\n<li>El AFT Light de 10 d\u00edas permite un seguimiento ECG prolongado hasta 10 d\u00edas, combinando discreci\u00f3n, comodidad y autonom\u00eda extendida. Ideal para la detecci\u00f3n de arritmias intermitentes o la monitorizaci\u00f3n durante varios ciclos de vida diaria, ofrece un registro continuo de alta calidad sin molestar al paciente. <\/li>\n<\/ul>\n","protected":false},"excerpt":{"rendered":"<p>Registrador AFT Light 24h + suscripci\u00f3n de 1 a\u00f1o a Quick Reader + cable USB + electrodos &nbsp; El AFT Light de 10 d\u00edas permite un seguimiento ECG prolongado hasta 10 d\u00edas, combinando discreci\u00f3n, comodidad y autonom\u00eda extendida. Ideal para la detecci\u00f3n de arritmias intermitentes o la monitorizaci\u00f3n durante varios ciclos de vida diaria, ofrece [&hellip;]<\/p>\n","protected":false},"featured_media":397,"comment_status":"open","ping_status":"closed","template":"","meta":{"_jet_sm_ready_style":"","_jet_sm_style":"","_jet_sm_controls_values":"","_jet_sm_fonts_collection":"","_jet_sm_fonts_links":""},"product_brand":[],"product_cat":[61,63,60],"product_tag":[86],"class_list":{"0":"post-1945","1":"product","2":"type-product","3":"status-publish","4":"has-post-thumbnail","6":"product_cat-ecg","7":"product_cat-registradores","8":"product_cat-kit","9":"product_tag-86","11":"first","12":"instock","13":"shipping-taxable","14":"purchasable","15":"product-type-simple"},"yoast_head":"<!-- This site is optimized with the Yoast SEO plugin v26.7 - https:\/\/yoast.com\/wordpress\/plugins\/seo\/ -->\n<title>Kit Holter Light (10 d\u00edas) - Holter Supplies SAS<\/title>\n<meta name=\"robots\" content=\"index, follow, max-snippet:-1, max-image-preview:large, max-video-preview:-1\" \/>\n<link rel=\"canonical\" href=\"https:\/\/projetweb.site\/holtersuppliessas\/es\/produit\/kit-holter-light-10-dias\/\" \/>\n<meta property=\"og:locale\" content=\"es_ES\" \/>\n<meta property=\"og:type\" content=\"article\" \/>\n<meta property=\"og:title\" content=\"Kit Holter Light (10 d\u00edas) - Holter Supplies SAS\" \/>\n<meta property=\"og:description\" content=\"Registrador AFT Light 24h + suscripci\u00f3n de 1 a\u00f1o a Quick Reader + cable USB + electrodos &nbsp; El AFT Light de 10 d\u00edas permite un seguimiento ECG prolongado hasta 10 d\u00edas, combinando discreci\u00f3n, comodidad y autonom\u00eda extendida. Ideal para la detecci\u00f3n de arritmias intermitentes o la monitorizaci\u00f3n durante varios ciclos de vida diaria, ofrece [&hellip;]\" \/>\n<meta property=\"og:url\" content=\"https:\/\/projetweb.site\/holtersuppliessas\/es\/produit\/kit-holter-light-10-dias\/\" \/>\n<meta property=\"og:site_name\" content=\"Holter Supplies SAS\" \/>\n<meta name=\"twitter:card\" content=\"summary_large_image\" \/>\n<script type=\"application\/ld+json\" class=\"yoast-schema-graph\">{\"@context\":\"https:\/\/schema.org\",\"@graph\":[{\"@type\":\"WebPage\",\"@id\":\"https:\/\/projetweb.site\/holtersuppliessas\/es\/produit\/kit-holter-light-10-dias\/\",\"url\":\"https:\/\/projetweb.site\/holtersuppliessas\/es\/produit\/kit-holter-light-10-dias\/\",\"name\":\"Kit Holter Light (10 d\u00edas) - Holter Supplies SAS\",\"isPartOf\":{\"@id\":\"https:\/\/projetweb.site\/holtersuppliessas\/#website\"},\"primaryImageOfPage\":{\"@id\":\"https:\/\/projetweb.site\/holtersuppliessas\/es\/produit\/kit-holter-light-10-dias\/#primaryimage\"},\"image\":{\"@id\":\"https:\/\/projetweb.site\/holtersuppliessas\/es\/produit\/kit-holter-light-10-dias\/#primaryimage\"},\"thumbnailUrl\":\"https:\/\/projetweb.site\/holtersuppliessas\/wp-content\/uploads\/2025\/12\/Gemini_Generated_Image_v3skp9v3skp9v3sk-1-e1765552235294.png\",\"datePublished\":\"2025-01-05T15:12:11+00:00\",\"breadcrumb\":{\"@id\":\"https:\/\/projetweb.site\/holtersuppliessas\/es\/produit\/kit-holter-light-10-dias\/#breadcrumb\"},\"inLanguage\":\"es\",\"potentialAction\":[{\"@type\":\"ReadAction\",\"target\":[\"https:\/\/projetweb.site\/holtersuppliessas\/es\/produit\/kit-holter-light-10-dias\/\"]}]},{\"@type\":\"ImageObject\",\"inLanguage\":\"es\",\"@id\":\"https:\/\/projetweb.site\/holtersuppliessas\/es\/produit\/kit-holter-light-10-dias\/#primaryimage\",\"url\":\"https:\/\/projetweb.site\/holtersuppliessas\/wp-content\/uploads\/2025\/12\/Gemini_Generated_Image_v3skp9v3skp9v3sk-1-e1765552235294.png\",\"contentUrl\":\"https:\/\/projetweb.site\/holtersuppliessas\/wp-content\/uploads\/2025\/12\/Gemini_Generated_Image_v3skp9v3skp9v3sk-1-e1765552235294.png\",\"width\":900,\"height\":900},{\"@type\":\"BreadcrumbList\",\"@id\":\"https:\/\/projetweb.site\/holtersuppliessas\/es\/produit\/kit-holter-light-10-dias\/#breadcrumb\",\"itemListElement\":[{\"@type\":\"ListItem\",\"position\":1,\"name\":\"Accueil\",\"item\":\"https:\/\/projetweb.site\/holtersuppliessas\/es\/inicio\/\"},{\"@type\":\"ListItem\",\"position\":2,\"name\":\"Tienda\",\"item\":\"https:\/\/projetweb.site\/holtersuppliessas\/es\/tienda\/\"},{\"@type\":\"ListItem\",\"position\":3,\"name\":\"Kit Holter Light (10 d\u00edas)\"}]},{\"@type\":\"WebSite\",\"@id\":\"https:\/\/projetweb.site\/holtersuppliessas\/#website\",\"url\":\"https:\/\/projetweb.site\/holtersuppliessas\/\",\"name\":\"Holter Supplies SAS\",\"description\":\"\",\"publisher\":{\"@id\":\"https:\/\/projetweb.site\/holtersuppliessas\/#organization\"},\"potentialAction\":[{\"@type\":\"SearchAction\",\"target\":{\"@type\":\"EntryPoint\",\"urlTemplate\":\"https:\/\/projetweb.site\/holtersuppliessas\/?s={search_term_string}\"},\"query-input\":{\"@type\":\"PropertyValueSpecification\",\"valueRequired\":true,\"valueName\":\"search_term_string\"}}],\"inLanguage\":\"es\"},{\"@type\":\"Organization\",\"@id\":\"https:\/\/projetweb.site\/holtersuppliessas\/#organization\",\"name\":\"Holter Supplies SAS\",\"url\":\"https:\/\/projetweb.site\/holtersuppliessas\/\",\"logo\":{\"@type\":\"ImageObject\",\"inLanguage\":\"es\",\"@id\":\"https:\/\/projetweb.site\/holtersuppliessas\/#\/schema\/logo\/image\/\",\"url\":\"https:\/\/projetweb.site\/holtersuppliessas\/wp-content\/uploads\/2025\/12\/cropped-logo-holter-supplies@2x.webp\",\"contentUrl\":\"https:\/\/projetweb.site\/holtersuppliessas\/wp-content\/uploads\/2025\/12\/cropped-logo-holter-supplies@2x.webp\",\"width\":512,\"height\":512,\"caption\":\"Holter Supplies SAS\"},\"image\":{\"@id\":\"https:\/\/projetweb.site\/holtersuppliessas\/#\/schema\/logo\/image\/\"},\"sameAs\":[\"https:\/\/www.linkedin.com\/company\/holter-supplies-sas\/\",\"https:\/\/www.youtube.com\/@holtersupplies3740\"]}]}<\/script>\n<!-- \/ Yoast SEO plugin. -->","yoast_head_json":{"title":"Kit Holter Light (10 d\u00edas) - Holter Supplies SAS","robots":{"index":"index","follow":"follow","max-snippet":"max-snippet:-1","max-image-preview":"max-image-preview:large","max-video-preview":"max-video-preview:-1"},"canonical":"https:\/\/projetweb.site\/holtersuppliessas\/es\/produit\/kit-holter-light-10-dias\/","og_locale":"es_ES","og_type":"article","og_title":"Kit Holter Light (10 d\u00edas) - Holter Supplies SAS","og_description":"Registrador AFT Light 24h + suscripci\u00f3n de 1 a\u00f1o a Quick Reader + cable USB + electrodos &nbsp; El AFT Light de 10 d\u00edas permite un seguimiento ECG prolongado hasta 10 d\u00edas, combinando discreci\u00f3n, comodidad y autonom\u00eda extendida. Ideal para la detecci\u00f3n de arritmias intermitentes o la monitorizaci\u00f3n durante varios ciclos de vida diaria, ofrece [&hellip;]","og_url":"https:\/\/projetweb.site\/holtersuppliessas\/es\/produit\/kit-holter-light-10-dias\/","og_site_name":"Holter Supplies SAS","twitter_card":"summary_large_image","schema":{"@context":"https:\/\/schema.org","@graph":[{"@type":"WebPage","@id":"https:\/\/projetweb.site\/holtersuppliessas\/es\/produit\/kit-holter-light-10-dias\/","url":"https:\/\/projetweb.site\/holtersuppliessas\/es\/produit\/kit-holter-light-10-dias\/","name":"Kit Holter Light (10 d\u00edas) - Holter Supplies SAS","isPartOf":{"@id":"https:\/\/projetweb.site\/holtersuppliessas\/#website"},"primaryImageOfPage":{"@id":"https:\/\/projetweb.site\/holtersuppliessas\/es\/produit\/kit-holter-light-10-dias\/#primaryimage"},"image":{"@id":"https:\/\/projetweb.site\/holtersuppliessas\/es\/produit\/kit-holter-light-10-dias\/#primaryimage"},"thumbnailUrl":"https:\/\/projetweb.site\/holtersuppliessas\/wp-content\/uploads\/2025\/12\/Gemini_Generated_Image_v3skp9v3skp9v3sk-1-e1765552235294.png","datePublished":"2025-01-05T15:12:11+00:00","breadcrumb":{"@id":"https:\/\/projetweb.site\/holtersuppliessas\/es\/produit\/kit-holter-light-10-dias\/#breadcrumb"},"inLanguage":"es","potentialAction":[{"@type":"ReadAction","target":["https:\/\/projetweb.site\/holtersuppliessas\/es\/produit\/kit-holter-light-10-dias\/"]}]},{"@type":"ImageObject","inLanguage":"es","@id":"https:\/\/projetweb.site\/holtersuppliessas\/es\/produit\/kit-holter-light-10-dias\/#primaryimage","url":"https:\/\/projetweb.site\/holtersuppliessas\/wp-content\/uploads\/2025\/12\/Gemini_Generated_Image_v3skp9v3skp9v3sk-1-e1765552235294.png","contentUrl":"https:\/\/projetweb.site\/holtersuppliessas\/wp-content\/uploads\/2025\/12\/Gemini_Generated_Image_v3skp9v3skp9v3sk-1-e1765552235294.png","width":900,"height":900},{"@type":"BreadcrumbList","@id":"https:\/\/projetweb.site\/holtersuppliessas\/es\/produit\/kit-holter-light-10-dias\/#breadcrumb","itemListElement":[{"@type":"ListItem","position":1,"name":"Accueil","item":"https:\/\/projetweb.site\/holtersuppliessas\/es\/inicio\/"},{"@type":"ListItem","position":2,"name":"Tienda","item":"https:\/\/projetweb.site\/holtersuppliessas\/es\/tienda\/"},{"@type":"ListItem","position":3,"name":"Kit Holter Light (10 d\u00edas)"}]},{"@type":"WebSite","@id":"https:\/\/projetweb.site\/holtersuppliessas\/#website","url":"https:\/\/projetweb.site\/holtersuppliessas\/","name":"Holter Supplies SAS","description":"","publisher":{"@id":"https:\/\/projetweb.site\/holtersuppliessas\/#organization"},"potentialAction":[{"@type":"SearchAction","target":{"@type":"EntryPoint","urlTemplate":"https:\/\/projetweb.site\/holtersuppliessas\/?s={search_term_string}"},"query-input":{"@type":"PropertyValueSpecification","valueRequired":true,"valueName":"search_term_string"}}],"inLanguage":"es"},{"@type":"Organization","@id":"https:\/\/projetweb.site\/holtersuppliessas\/#organization","name":"Holter Supplies SAS","url":"https:\/\/projetweb.site\/holtersuppliessas\/","logo":{"@type":"ImageObject","inLanguage":"es","@id":"https:\/\/projetweb.site\/holtersuppliessas\/#\/schema\/logo\/image\/","url":"https:\/\/projetweb.site\/holtersuppliessas\/wp-content\/uploads\/2025\/12\/cropped-logo-holter-supplies@2x.webp","contentUrl":"https:\/\/projetweb.site\/holtersuppliessas\/wp-content\/uploads\/2025\/12\/cropped-logo-holter-supplies@2x.webp","width":512,"height":512,"caption":"Holter Supplies SAS"},"image":{"@id":"https:\/\/projetweb.site\/holtersuppliessas\/#\/schema\/logo\/image\/"},"sameAs":["https:\/\/www.linkedin.com\/company\/holter-supplies-sas\/","https:\/\/www.youtube.com\/@holtersupplies3740"]}]}},"_links":{"self":[{"href":"https:\/\/projetweb.site\/holtersuppliessas\/es\/wp-json\/wp\/v2\/product\/1945","targetHints":{"allow":["GET"]}}],"collection":[{"href":"https:\/\/projetweb.site\/holtersuppliessas\/es\/wp-json\/wp\/v2\/product"}],"about":[{"href":"https:\/\/projetweb.site\/holtersuppliessas\/es\/wp-json\/wp\/v2\/types\/product"}],"replies":[{"embeddable":true,"href":"https:\/\/projetweb.site\/holtersuppliessas\/es\/wp-json\/wp\/v2\/comments?post=1945"}],"wp:featuredmedia":[{"embeddable":true,"href":"https:\/\/projetweb.site\/holtersuppliessas\/es\/wp-json\/wp\/v2\/media\/397"}],"wp:attachment":[{"href":"https:\/\/projetweb.site\/holtersuppliessas\/es\/wp-json\/wp\/v2\/media?parent=1945"}],"wp:term":[{"taxonomy":"product_brand","embeddable":true,"href":"https:\/\/projetweb.site\/holtersuppliessas\/es\/wp-json\/wp\/v2\/product_brand?post=1945"},{"taxonomy":"product_cat","embeddable":true,"href":"https:\/\/projetweb.site\/holtersuppliessas\/es\/wp-json\/wp\/v2\/product_cat?post=1945"},{"taxonomy":"product_tag","embeddable":true,"href":"https:\/\/projetweb.site\/holtersuppliessas\/es\/wp-json\/wp\/v2\/product_tag?post=1945"}],"curies":[{"name":"wp","href":"https:\/\/api.w.org\/{rel}","templated":true}]}}