{"id":1990,"date":"2025-02-03T16:05:48","date_gmt":"2025-02-03T15:05:48","guid":{"rendered":"https:\/\/projetweb.site\/holtersuppliessas\/produit\/software-quick-reader-1-solo-usuario\/"},"modified":"2025-02-03T16:05:48","modified_gmt":"2025-02-03T15:05:48","slug":"software-quick-reader-1-solo-usuario","status":"publish","type":"product","link":"https:\/\/projetweb.site\/holtersuppliessas\/es\/produit\/software-quick-reader-1-solo-usuario\/","title":{"rendered":"Software Quick Reader (1 solo usuario)"},"content":{"rendered":"<p><em><strong>Dongle \/ licencia soft holter permanente \/ Suscripci\u00f3n<\/strong><\/em><\/p>\n<p>An\u00e1lisis de la se\u00f1al, an\u00e1lisis del ritmo, an\u00e1lisis del ST, edici\u00f3n y correcci\u00f3n de las familias, de los eventos, histogramas, redacci\u00f3n de la conclusi\u00f3n, impresi\u00f3n del informe general.<\/p>\n<p>An\u00e1lisis complementarios:<\/p>\n<p>&#8211; Intervalos PR y QT<\/p>\n<p>&#8211; Variabilidad sinusal temporal y frecuencial. El per\u00edodo analizado se puede elegir de 15\u2019 a la duraci\u00f3n del registro. Impresi\u00f3n de los resultados a petici\u00f3n. <\/p>\n<p>&#8211; Marcapasos: b\u00fasqueda de los spikes en el ECG y clasificaci\u00f3n autom\u00e1tica de los QRS entrenados. An\u00e1lisis de los modos de funcionamiento y de los intervalos spikes-spikes (ritmo espont\u00e1neo, monocameral o bicameral). <\/p>\n<p>Posibilidad de exportar los datos,<\/p>\n<p>&nbsp;<\/p>\n<p>El software es capaz de explotar los registros Holter de larga duraci\u00f3n, hasta 21 d\u00edas.<\/p>\n<p>Nueva versi\u00f3n 2.10 del software que integra todas las opciones de an\u00e1lisis y la posibilidad de elegir entre 3 usos:<br \/>\n&#8211; licencia permanente<br \/>\n-licencia por suscripci\u00f3n anual<\/p>\n","protected":false},"excerpt":{"rendered":"<p>Dongle \/ licencia soft holter permanente \/ Suscripci\u00f3n An\u00e1lisis de la se\u00f1al, an\u00e1lisis del ritmo, an\u00e1lisis del ST, edici\u00f3n y correcci\u00f3n de las familias, de los eventos, histogramas, redacci\u00f3n de la conclusi\u00f3n, impresi\u00f3n del informe general. An\u00e1lisis complementarios: &#8211; Intervalos PR y QT &#8211; Variabilidad sinusal temporal y frecuencial. El per\u00edodo analizado se puede elegir [&hellip;]<\/p>\n","protected":false},"featured_media":403,"comment_status":"open","ping_status":"closed","template":"","meta":{"_jet_sm_ready_style":"","_jet_sm_style":"","_jet_sm_controls_values":"","_jet_sm_fonts_collection":"","_jet_sm_fonts_links":""},"product_brand":[],"product_cat":[61,62],"product_tag":[],"class_list":{"0":"post-1990","1":"product","2":"type-product","3":"status-publish","4":"has-post-thumbnail","6":"product_cat-ecg","7":"product_cat-software-quick-reader","9":"first","10":"instock","11":"shipping-taxable","12":"purchasable","13":"product-type-variable"},"yoast_head":"<!-- This site is optimized with the Yoast SEO plugin v26.7 - https:\/\/yoast.com\/wordpress\/plugins\/seo\/ -->\n<title>Software Quick Reader (1 solo usuario) - Holter Supplies SAS<\/title>\n<meta name=\"robots\" content=\"index, follow, max-snippet:-1, max-image-preview:large, max-video-preview:-1\" \/>\n<link rel=\"canonical\" href=\"https:\/\/projetweb.site\/holtersuppliessas\/produit\/software-quick-reader-1-solo-usuario\/\" \/>\n<meta property=\"og:locale\" content=\"es_ES\" \/>\n<meta property=\"og:type\" content=\"article\" \/>\n<meta property=\"og:title\" content=\"Software Quick Reader (1 solo usuario) - Holter Supplies SAS\" \/>\n<meta property=\"og:description\" content=\"Dongle \/ licencia soft holter permanente \/ Suscripci\u00f3n An\u00e1lisis de la se\u00f1al, an\u00e1lisis del ritmo, an\u00e1lisis del ST, edici\u00f3n y correcci\u00f3n de las familias, de los eventos, histogramas, redacci\u00f3n de la conclusi\u00f3n, impresi\u00f3n del informe general. An\u00e1lisis complementarios: &#8211; Intervalos PR y QT &#8211; Variabilidad sinusal temporal y frecuencial. El per\u00edodo analizado se puede elegir [&hellip;]\" \/>\n<meta property=\"og:url\" content=\"https:\/\/projetweb.site\/holtersuppliessas\/produit\/software-quick-reader-1-solo-usuario\/\" \/>\n<meta property=\"og:site_name\" content=\"Holter Supplies SAS\" \/>\n<meta name=\"twitter:card\" content=\"summary_large_image\" \/>\n<meta name=\"twitter:label1\" content=\"Tiempo de lectura\" \/>\n\t<meta name=\"twitter:data1\" content=\"1 minuto\" \/>\n<script type=\"application\/ld+json\" class=\"yoast-schema-graph\">{\"@context\":\"https:\/\/schema.org\",\"@graph\":[{\"@type\":\"WebPage\",\"@id\":\"https:\/\/projetweb.site\/holtersuppliessas\/produit\/software-quick-reader-1-solo-usuario\/\",\"url\":\"https:\/\/projetweb.site\/holtersuppliessas\/produit\/software-quick-reader-1-solo-usuario\/\",\"name\":\"Software Quick Reader (1 solo usuario) - Holter Supplies SAS\",\"isPartOf\":{\"@id\":\"https:\/\/projetweb.site\/holtersuppliessas\/#website\"},\"primaryImageOfPage\":{\"@id\":\"https:\/\/projetweb.site\/holtersuppliessas\/produit\/software-quick-reader-1-solo-usuario\/#primaryimage\"},\"image\":{\"@id\":\"https:\/\/projetweb.site\/holtersuppliessas\/produit\/software-quick-reader-1-solo-usuario\/#primaryimage\"},\"thumbnailUrl\":\"https:\/\/projetweb.site\/holtersuppliessas\/wp-content\/uploads\/2025\/12\/produit_quick-reader.jpg\",\"datePublished\":\"2025-02-03T15:05:48+00:00\",\"breadcrumb\":{\"@id\":\"https:\/\/projetweb.site\/holtersuppliessas\/produit\/software-quick-reader-1-solo-usuario\/#breadcrumb\"},\"inLanguage\":\"es\",\"potentialAction\":[{\"@type\":\"ReadAction\",\"target\":[\"https:\/\/projetweb.site\/holtersuppliessas\/produit\/software-quick-reader-1-solo-usuario\/\"]}]},{\"@type\":\"ImageObject\",\"inLanguage\":\"es\",\"@id\":\"https:\/\/projetweb.site\/holtersuppliessas\/produit\/software-quick-reader-1-solo-usuario\/#primaryimage\",\"url\":\"https:\/\/projetweb.site\/holtersuppliessas\/wp-content\/uploads\/2025\/12\/produit_quick-reader.jpg\",\"contentUrl\":\"https:\/\/projetweb.site\/holtersuppliessas\/wp-content\/uploads\/2025\/12\/produit_quick-reader.jpg\",\"width\":900,\"height\":900},{\"@type\":\"BreadcrumbList\",\"@id\":\"https:\/\/projetweb.site\/holtersuppliessas\/produit\/software-quick-reader-1-solo-usuario\/#breadcrumb\",\"itemListElement\":[{\"@type\":\"ListItem\",\"position\":1,\"name\":\"Accueil\",\"item\":\"https:\/\/projetweb.site\/holtersuppliessas\/es\/inicio\/\"},{\"@type\":\"ListItem\",\"position\":2,\"name\":\"Tienda\",\"item\":\"https:\/\/projetweb.site\/holtersuppliessas\/es\/tienda\/\"},{\"@type\":\"ListItem\",\"position\":3,\"name\":\"Software Quick Reader (1 solo usuario)\"}]},{\"@type\":\"WebSite\",\"@id\":\"https:\/\/projetweb.site\/holtersuppliessas\/#website\",\"url\":\"https:\/\/projetweb.site\/holtersuppliessas\/\",\"name\":\"Holter Supplies SAS\",\"description\":\"\",\"publisher\":{\"@id\":\"https:\/\/projetweb.site\/holtersuppliessas\/#organization\"},\"potentialAction\":[{\"@type\":\"SearchAction\",\"target\":{\"@type\":\"EntryPoint\",\"urlTemplate\":\"https:\/\/projetweb.site\/holtersuppliessas\/?s={search_term_string}\"},\"query-input\":{\"@type\":\"PropertyValueSpecification\",\"valueRequired\":true,\"valueName\":\"search_term_string\"}}],\"inLanguage\":\"es\"},{\"@type\":\"Organization\",\"@id\":\"https:\/\/projetweb.site\/holtersuppliessas\/#organization\",\"name\":\"Holter Supplies SAS\",\"url\":\"https:\/\/projetweb.site\/holtersuppliessas\/\",\"logo\":{\"@type\":\"ImageObject\",\"inLanguage\":\"es\",\"@id\":\"https:\/\/projetweb.site\/holtersuppliessas\/#\/schema\/logo\/image\/\",\"url\":\"https:\/\/projetweb.site\/holtersuppliessas\/wp-content\/uploads\/2025\/12\/cropped-logo-holter-supplies@2x.webp\",\"contentUrl\":\"https:\/\/projetweb.site\/holtersuppliessas\/wp-content\/uploads\/2025\/12\/cropped-logo-holter-supplies@2x.webp\",\"width\":512,\"height\":512,\"caption\":\"Holter Supplies SAS\"},\"image\":{\"@id\":\"https:\/\/projetweb.site\/holtersuppliessas\/#\/schema\/logo\/image\/\"},\"sameAs\":[\"https:\/\/www.linkedin.com\/company\/holter-supplies-sas\/\",\"https:\/\/www.youtube.com\/@holtersupplies3740\"]}]}<\/script>\n<!-- \/ Yoast SEO plugin. -->","yoast_head_json":{"title":"Software Quick Reader (1 solo usuario) - Holter Supplies SAS","robots":{"index":"index","follow":"follow","max-snippet":"max-snippet:-1","max-image-preview":"max-image-preview:large","max-video-preview":"max-video-preview:-1"},"canonical":"https:\/\/projetweb.site\/holtersuppliessas\/produit\/software-quick-reader-1-solo-usuario\/","og_locale":"es_ES","og_type":"article","og_title":"Software Quick Reader (1 solo usuario) - Holter Supplies SAS","og_description":"Dongle \/ licencia soft holter permanente \/ Suscripci\u00f3n An\u00e1lisis de la se\u00f1al, an\u00e1lisis del ritmo, an\u00e1lisis del ST, edici\u00f3n y correcci\u00f3n de las familias, de los eventos, histogramas, redacci\u00f3n de la conclusi\u00f3n, impresi\u00f3n del informe general. An\u00e1lisis complementarios: &#8211; Intervalos PR y QT &#8211; Variabilidad sinusal temporal y frecuencial. El per\u00edodo analizado se puede elegir [&hellip;]","og_url":"https:\/\/projetweb.site\/holtersuppliessas\/produit\/software-quick-reader-1-solo-usuario\/","og_site_name":"Holter Supplies SAS","twitter_card":"summary_large_image","twitter_misc":{"Tiempo de lectura":"1 minuto"},"schema":{"@context":"https:\/\/schema.org","@graph":[{"@type":"WebPage","@id":"https:\/\/projetweb.site\/holtersuppliessas\/produit\/software-quick-reader-1-solo-usuario\/","url":"https:\/\/projetweb.site\/holtersuppliessas\/produit\/software-quick-reader-1-solo-usuario\/","name":"Software Quick Reader (1 solo usuario) - Holter Supplies SAS","isPartOf":{"@id":"https:\/\/projetweb.site\/holtersuppliessas\/#website"},"primaryImageOfPage":{"@id":"https:\/\/projetweb.site\/holtersuppliessas\/produit\/software-quick-reader-1-solo-usuario\/#primaryimage"},"image":{"@id":"https:\/\/projetweb.site\/holtersuppliessas\/produit\/software-quick-reader-1-solo-usuario\/#primaryimage"},"thumbnailUrl":"https:\/\/projetweb.site\/holtersuppliessas\/wp-content\/uploads\/2025\/12\/produit_quick-reader.jpg","datePublished":"2025-02-03T15:05:48+00:00","breadcrumb":{"@id":"https:\/\/projetweb.site\/holtersuppliessas\/produit\/software-quick-reader-1-solo-usuario\/#breadcrumb"},"inLanguage":"es","potentialAction":[{"@type":"ReadAction","target":["https:\/\/projetweb.site\/holtersuppliessas\/produit\/software-quick-reader-1-solo-usuario\/"]}]},{"@type":"ImageObject","inLanguage":"es","@id":"https:\/\/projetweb.site\/holtersuppliessas\/produit\/software-quick-reader-1-solo-usuario\/#primaryimage","url":"https:\/\/projetweb.site\/holtersuppliessas\/wp-content\/uploads\/2025\/12\/produit_quick-reader.jpg","contentUrl":"https:\/\/projetweb.site\/holtersuppliessas\/wp-content\/uploads\/2025\/12\/produit_quick-reader.jpg","width":900,"height":900},{"@type":"BreadcrumbList","@id":"https:\/\/projetweb.site\/holtersuppliessas\/produit\/software-quick-reader-1-solo-usuario\/#breadcrumb","itemListElement":[{"@type":"ListItem","position":1,"name":"Accueil","item":"https:\/\/projetweb.site\/holtersuppliessas\/es\/inicio\/"},{"@type":"ListItem","position":2,"name":"Tienda","item":"https:\/\/projetweb.site\/holtersuppliessas\/es\/tienda\/"},{"@type":"ListItem","position":3,"name":"Software Quick Reader (1 solo usuario)"}]},{"@type":"WebSite","@id":"https:\/\/projetweb.site\/holtersuppliessas\/#website","url":"https:\/\/projetweb.site\/holtersuppliessas\/","name":"Holter Supplies SAS","description":"","publisher":{"@id":"https:\/\/projetweb.site\/holtersuppliessas\/#organization"},"potentialAction":[{"@type":"SearchAction","target":{"@type":"EntryPoint","urlTemplate":"https:\/\/projetweb.site\/holtersuppliessas\/?s={search_term_string}"},"query-input":{"@type":"PropertyValueSpecification","valueRequired":true,"valueName":"search_term_string"}}],"inLanguage":"es"},{"@type":"Organization","@id":"https:\/\/projetweb.site\/holtersuppliessas\/#organization","name":"Holter Supplies SAS","url":"https:\/\/projetweb.site\/holtersuppliessas\/","logo":{"@type":"ImageObject","inLanguage":"es","@id":"https:\/\/projetweb.site\/holtersuppliessas\/#\/schema\/logo\/image\/","url":"https:\/\/projetweb.site\/holtersuppliessas\/wp-content\/uploads\/2025\/12\/cropped-logo-holter-supplies@2x.webp","contentUrl":"https:\/\/projetweb.site\/holtersuppliessas\/wp-content\/uploads\/2025\/12\/cropped-logo-holter-supplies@2x.webp","width":512,"height":512,"caption":"Holter Supplies SAS"},"image":{"@id":"https:\/\/projetweb.site\/holtersuppliessas\/#\/schema\/logo\/image\/"},"sameAs":["https:\/\/www.linkedin.com\/company\/holter-supplies-sas\/","https:\/\/www.youtube.com\/@holtersupplies3740"]}]}},"_links":{"self":[{"href":"https:\/\/projetweb.site\/holtersuppliessas\/es\/wp-json\/wp\/v2\/product\/1990","targetHints":{"allow":["GET"]}}],"collection":[{"href":"https:\/\/projetweb.site\/holtersuppliessas\/es\/wp-json\/wp\/v2\/product"}],"about":[{"href":"https:\/\/projetweb.site\/holtersuppliessas\/es\/wp-json\/wp\/v2\/types\/product"}],"replies":[{"embeddable":true,"href":"https:\/\/projetweb.site\/holtersuppliessas\/es\/wp-json\/wp\/v2\/comments?post=1990"}],"wp:featuredmedia":[{"embeddable":true,"href":"https:\/\/projetweb.site\/holtersuppliessas\/es\/wp-json\/wp\/v2\/media\/403"}],"wp:attachment":[{"href":"https:\/\/projetweb.site\/holtersuppliessas\/es\/wp-json\/wp\/v2\/media?parent=1990"}],"wp:term":[{"taxonomy":"product_brand","embeddable":true,"href":"https:\/\/projetweb.site\/holtersuppliessas\/es\/wp-json\/wp\/v2\/product_brand?post=1990"},{"taxonomy":"product_cat","embeddable":true,"href":"https:\/\/projetweb.site\/holtersuppliessas\/es\/wp-json\/wp\/v2\/product_cat?post=1990"},{"taxonomy":"product_tag","embeddable":true,"href":"https:\/\/projetweb.site\/holtersuppliessas\/es\/wp-json\/wp\/v2\/product_tag?post=1990"}],"curies":[{"name":"wp","href":"https:\/\/api.w.org\/{rel}","templated":true}]}}