{"id":1434,"date":"2025-12-10T12:05:34","date_gmt":"2025-12-10T11:05:34","guid":{"rendered":"https:\/\/projetweb.site\/holtersuppliessas\/?post_type=product&#038;p=1434"},"modified":"2026-01-08T14:03:08","modified_gmt":"2026-01-08T13:03:08","slug":"recharge-de-10-jetons-danalyse-produit-dematerialise","status":"publish","type":"product","link":"https:\/\/projetweb.site\/holtersuppliessas\/produit\/recharge-de-10-jetons-danalyse-produit-dematerialise\/","title":{"rendered":"Recharge de 10 jetons d&#8217;analyse (produit d\u00e9mat\u00e9rialis\u00e9)"},"content":{"rendered":"<p>La recharge de 10 jetons d\u2019analyse permet d\u2019augmenter rapidement la capacit\u00e9 d\u2019analyse ECG dans le logiciel Quick Reader, sans mat\u00e9riel suppl\u00e9mentaire. D\u00e9mat\u00e9rialis\u00e9e, elle offre une solution simple et imm\u00e9diate pour r\u00e9pondre \u00e0 une hausse d\u2019activit\u00e9 ou \u00e0 des besoins ponctuels d\u2019interpr\u00e9tation. Cette recharge n\u00e9cessite la d\u00e9tention pr\u00e9alable du dongle \u00e0 jetons d\u2019analyse.<\/p>\n","protected":false},"excerpt":{"rendered":"<p>La recharge de 10 jetons d\u2019analyse permet d\u2019augmenter rapidement la capacit\u00e9 d\u2019analyse ECG dans le logiciel Quick Reader, sans mat\u00e9riel suppl\u00e9mentaire. D\u00e9mat\u00e9rialis\u00e9e, elle offre une solution simple et imm\u00e9diate pour r\u00e9pondre \u00e0 une hausse d\u2019activit\u00e9 ou \u00e0 des besoins ponctuels d\u2019interpr\u00e9tation. Cette recharge n\u00e9cessite la d\u00e9tention pr\u00e9alable du dongle \u00e0 jetons d\u2019analyse.<\/p>\n","protected":false},"featured_media":1433,"comment_status":"open","ping_status":"closed","template":"","meta":{"_jet_sm_ready_style":"","_jet_sm_style":"","_jet_sm_controls_values":"","_jet_sm_fonts_collection":"","_jet_sm_fonts_links":""},"product_brand":[],"product_cat":[15,39,23,27],"product_tag":[],"class_list":{"0":"post-1434","1":"product","2":"type-product","3":"status-publish","4":"has-post-thumbnail","6":"product_cat-ecg","7":"product_cat-jetons-danalyse","8":"product_cat-logiciel-quick-reader","9":"product_cat-prestations","11":"first","12":"instock","13":"virtual","14":"purchasable","15":"product-type-simple"},"yoast_head":"<!-- This site is optimized with the Yoast SEO plugin v26.7 - https:\/\/yoast.com\/wordpress\/plugins\/seo\/ -->\n<title>Recharge de 10 jetons d&#039;analyse (produit d\u00e9mat\u00e9rialis\u00e9) - Holter Supplies SAS<\/title>\n<meta name=\"robots\" content=\"index, follow, max-snippet:-1, max-image-preview:large, max-video-preview:-1\" \/>\n<link rel=\"canonical\" href=\"https:\/\/projetweb.site\/holtersuppliessas\/produit\/recharge-de-10-jetons-danalyse-produit-dematerialise\/\" \/>\n<meta property=\"og:locale\" content=\"fr_FR\" \/>\n<meta property=\"og:type\" content=\"article\" \/>\n<meta property=\"og:title\" content=\"Recharge de 10 jetons d&#039;analyse (produit d\u00e9mat\u00e9rialis\u00e9) - Holter Supplies SAS\" \/>\n<meta property=\"og:description\" content=\"La recharge de 10 jetons d\u2019analyse permet d\u2019augmenter rapidement la capacit\u00e9 d\u2019analyse ECG dans le logiciel Quick Reader, sans mat\u00e9riel suppl\u00e9mentaire. D\u00e9mat\u00e9rialis\u00e9e, elle offre une solution simple et imm\u00e9diate pour r\u00e9pondre \u00e0 une hausse d\u2019activit\u00e9 ou \u00e0 des besoins ponctuels d\u2019interpr\u00e9tation. Cette recharge n\u00e9cessite la d\u00e9tention pr\u00e9alable du dongle \u00e0 jetons d\u2019analyse.\" \/>\n<meta property=\"og:url\" content=\"https:\/\/projetweb.site\/holtersuppliessas\/produit\/recharge-de-10-jetons-danalyse-produit-dematerialise\/\" \/>\n<meta property=\"og:site_name\" content=\"Holter Supplies SAS\" \/>\n<meta property=\"article:modified_time\" content=\"2026-01-08T13:03:08+00:00\" \/>\n<meta property=\"og:image\" content=\"https:\/\/projetweb.site\/holtersuppliessas\/wp-content\/uploads\/2026\/01\/Dongle-02-scaled.jpg\" \/>\n\t<meta property=\"og:image:width\" content=\"2560\" \/>\n\t<meta property=\"og:image:height\" content=\"2560\" \/>\n\t<meta property=\"og:image:type\" content=\"image\/jpeg\" \/>\n<meta name=\"twitter:card\" content=\"summary_large_image\" \/>\n<script type=\"application\/ld+json\" class=\"yoast-schema-graph\">{\"@context\":\"https:\/\/schema.org\",\"@graph\":[{\"@type\":\"WebPage\",\"@id\":\"https:\/\/projetweb.site\/holtersuppliessas\/produit\/recharge-de-10-jetons-danalyse-produit-dematerialise\/\",\"url\":\"https:\/\/projetweb.site\/holtersuppliessas\/produit\/recharge-de-10-jetons-danalyse-produit-dematerialise\/\",\"name\":\"Recharge de 10 jetons d'analyse (produit d\u00e9mat\u00e9rialis\u00e9) - Holter Supplies SAS\",\"isPartOf\":{\"@id\":\"https:\/\/projetweb.site\/holtersuppliessas\/#website\"},\"primaryImageOfPage\":{\"@id\":\"https:\/\/projetweb.site\/holtersuppliessas\/produit\/recharge-de-10-jetons-danalyse-produit-dematerialise\/#primaryimage\"},\"image\":{\"@id\":\"https:\/\/projetweb.site\/holtersuppliessas\/produit\/recharge-de-10-jetons-danalyse-produit-dematerialise\/#primaryimage\"},\"thumbnailUrl\":\"https:\/\/projetweb.site\/holtersuppliessas\/wp-content\/uploads\/2026\/01\/Dongle-02-scaled.jpg\",\"datePublished\":\"2025-12-10T11:05:34+00:00\",\"dateModified\":\"2026-01-08T13:03:08+00:00\",\"breadcrumb\":{\"@id\":\"https:\/\/projetweb.site\/holtersuppliessas\/produit\/recharge-de-10-jetons-danalyse-produit-dematerialise\/#breadcrumb\"},\"inLanguage\":\"fr-FR\",\"potentialAction\":[{\"@type\":\"ReadAction\",\"target\":[\"https:\/\/projetweb.site\/holtersuppliessas\/produit\/recharge-de-10-jetons-danalyse-produit-dematerialise\/\"]}]},{\"@type\":\"ImageObject\",\"inLanguage\":\"fr-FR\",\"@id\":\"https:\/\/projetweb.site\/holtersuppliessas\/produit\/recharge-de-10-jetons-danalyse-produit-dematerialise\/#primaryimage\",\"url\":\"https:\/\/projetweb.site\/holtersuppliessas\/wp-content\/uploads\/2026\/01\/Dongle-02-scaled.jpg\",\"contentUrl\":\"https:\/\/projetweb.site\/holtersuppliessas\/wp-content\/uploads\/2026\/01\/Dongle-02-scaled.jpg\",\"width\":2560,\"height\":2560},{\"@type\":\"BreadcrumbList\",\"@id\":\"https:\/\/projetweb.site\/holtersuppliessas\/produit\/recharge-de-10-jetons-danalyse-produit-dematerialise\/#breadcrumb\",\"itemListElement\":[{\"@type\":\"ListItem\",\"position\":1,\"name\":\"Accueil\",\"item\":\"https:\/\/projetweb.site\/holtersuppliessas\/\"},{\"@type\":\"ListItem\",\"position\":2,\"name\":\"Boutique\",\"item\":\"https:\/\/projetweb.site\/holtersuppliessas\/boutique\/\"},{\"@type\":\"ListItem\",\"position\":3,\"name\":\"Recharge de 10 jetons d&#8217;analyse (produit d\u00e9mat\u00e9rialis\u00e9)\"}]},{\"@type\":\"WebSite\",\"@id\":\"https:\/\/projetweb.site\/holtersuppliessas\/#website\",\"url\":\"https:\/\/projetweb.site\/holtersuppliessas\/\",\"name\":\"Holter Supplies SAS\",\"description\":\"\",\"publisher\":{\"@id\":\"https:\/\/projetweb.site\/holtersuppliessas\/#organization\"},\"potentialAction\":[{\"@type\":\"SearchAction\",\"target\":{\"@type\":\"EntryPoint\",\"urlTemplate\":\"https:\/\/projetweb.site\/holtersuppliessas\/?s={search_term_string}\"},\"query-input\":{\"@type\":\"PropertyValueSpecification\",\"valueRequired\":true,\"valueName\":\"search_term_string\"}}],\"inLanguage\":\"fr-FR\"},{\"@type\":\"Organization\",\"@id\":\"https:\/\/projetweb.site\/holtersuppliessas\/#organization\",\"name\":\"Holter Supplies SAS\",\"url\":\"https:\/\/projetweb.site\/holtersuppliessas\/\",\"logo\":{\"@type\":\"ImageObject\",\"inLanguage\":\"fr-FR\",\"@id\":\"https:\/\/projetweb.site\/holtersuppliessas\/#\/schema\/logo\/image\/\",\"url\":\"https:\/\/projetweb.site\/holtersuppliessas\/wp-content\/uploads\/2025\/12\/cropped-logo-holter-supplies@2x.webp\",\"contentUrl\":\"https:\/\/projetweb.site\/holtersuppliessas\/wp-content\/uploads\/2025\/12\/cropped-logo-holter-supplies@2x.webp\",\"width\":512,\"height\":512,\"caption\":\"Holter Supplies SAS\"},\"image\":{\"@id\":\"https:\/\/projetweb.site\/holtersuppliessas\/#\/schema\/logo\/image\/\"},\"sameAs\":[\"https:\/\/www.linkedin.com\/company\/holter-supplies-sas\/\",\"https:\/\/www.youtube.com\/@holtersupplies3740\"]}]}<\/script>\n<!-- \/ Yoast SEO plugin. -->","yoast_head_json":{"title":"Recharge de 10 jetons d'analyse (produit d\u00e9mat\u00e9rialis\u00e9) - Holter Supplies SAS","robots":{"index":"index","follow":"follow","max-snippet":"max-snippet:-1","max-image-preview":"max-image-preview:large","max-video-preview":"max-video-preview:-1"},"canonical":"https:\/\/projetweb.site\/holtersuppliessas\/produit\/recharge-de-10-jetons-danalyse-produit-dematerialise\/","og_locale":"fr_FR","og_type":"article","og_title":"Recharge de 10 jetons d'analyse (produit d\u00e9mat\u00e9rialis\u00e9) - Holter Supplies SAS","og_description":"La recharge de 10 jetons d\u2019analyse permet d\u2019augmenter rapidement la capacit\u00e9 d\u2019analyse ECG dans le logiciel Quick Reader, sans mat\u00e9riel suppl\u00e9mentaire. D\u00e9mat\u00e9rialis\u00e9e, elle offre une solution simple et imm\u00e9diate pour r\u00e9pondre \u00e0 une hausse d\u2019activit\u00e9 ou \u00e0 des besoins ponctuels d\u2019interpr\u00e9tation. Cette recharge n\u00e9cessite la d\u00e9tention pr\u00e9alable du dongle \u00e0 jetons d\u2019analyse.","og_url":"https:\/\/projetweb.site\/holtersuppliessas\/produit\/recharge-de-10-jetons-danalyse-produit-dematerialise\/","og_site_name":"Holter Supplies SAS","article_modified_time":"2026-01-08T13:03:08+00:00","og_image":[{"width":2560,"height":2560,"url":"https:\/\/projetweb.site\/holtersuppliessas\/wp-content\/uploads\/2026\/01\/Dongle-02-scaled.jpg","type":"image\/jpeg"}],"twitter_card":"summary_large_image","schema":{"@context":"https:\/\/schema.org","@graph":[{"@type":"WebPage","@id":"https:\/\/projetweb.site\/holtersuppliessas\/produit\/recharge-de-10-jetons-danalyse-produit-dematerialise\/","url":"https:\/\/projetweb.site\/holtersuppliessas\/produit\/recharge-de-10-jetons-danalyse-produit-dematerialise\/","name":"Recharge de 10 jetons d'analyse (produit d\u00e9mat\u00e9rialis\u00e9) - Holter Supplies SAS","isPartOf":{"@id":"https:\/\/projetweb.site\/holtersuppliessas\/#website"},"primaryImageOfPage":{"@id":"https:\/\/projetweb.site\/holtersuppliessas\/produit\/recharge-de-10-jetons-danalyse-produit-dematerialise\/#primaryimage"},"image":{"@id":"https:\/\/projetweb.site\/holtersuppliessas\/produit\/recharge-de-10-jetons-danalyse-produit-dematerialise\/#primaryimage"},"thumbnailUrl":"https:\/\/projetweb.site\/holtersuppliessas\/wp-content\/uploads\/2026\/01\/Dongle-02-scaled.jpg","datePublished":"2025-12-10T11:05:34+00:00","dateModified":"2026-01-08T13:03:08+00:00","breadcrumb":{"@id":"https:\/\/projetweb.site\/holtersuppliessas\/produit\/recharge-de-10-jetons-danalyse-produit-dematerialise\/#breadcrumb"},"inLanguage":"fr-FR","potentialAction":[{"@type":"ReadAction","target":["https:\/\/projetweb.site\/holtersuppliessas\/produit\/recharge-de-10-jetons-danalyse-produit-dematerialise\/"]}]},{"@type":"ImageObject","inLanguage":"fr-FR","@id":"https:\/\/projetweb.site\/holtersuppliessas\/produit\/recharge-de-10-jetons-danalyse-produit-dematerialise\/#primaryimage","url":"https:\/\/projetweb.site\/holtersuppliessas\/wp-content\/uploads\/2026\/01\/Dongle-02-scaled.jpg","contentUrl":"https:\/\/projetweb.site\/holtersuppliessas\/wp-content\/uploads\/2026\/01\/Dongle-02-scaled.jpg","width":2560,"height":2560},{"@type":"BreadcrumbList","@id":"https:\/\/projetweb.site\/holtersuppliessas\/produit\/recharge-de-10-jetons-danalyse-produit-dematerialise\/#breadcrumb","itemListElement":[{"@type":"ListItem","position":1,"name":"Accueil","item":"https:\/\/projetweb.site\/holtersuppliessas\/"},{"@type":"ListItem","position":2,"name":"Boutique","item":"https:\/\/projetweb.site\/holtersuppliessas\/boutique\/"},{"@type":"ListItem","position":3,"name":"Recharge de 10 jetons d&#8217;analyse (produit d\u00e9mat\u00e9rialis\u00e9)"}]},{"@type":"WebSite","@id":"https:\/\/projetweb.site\/holtersuppliessas\/#website","url":"https:\/\/projetweb.site\/holtersuppliessas\/","name":"Holter Supplies SAS","description":"","publisher":{"@id":"https:\/\/projetweb.site\/holtersuppliessas\/#organization"},"potentialAction":[{"@type":"SearchAction","target":{"@type":"EntryPoint","urlTemplate":"https:\/\/projetweb.site\/holtersuppliessas\/?s={search_term_string}"},"query-input":{"@type":"PropertyValueSpecification","valueRequired":true,"valueName":"search_term_string"}}],"inLanguage":"fr-FR"},{"@type":"Organization","@id":"https:\/\/projetweb.site\/holtersuppliessas\/#organization","name":"Holter Supplies SAS","url":"https:\/\/projetweb.site\/holtersuppliessas\/","logo":{"@type":"ImageObject","inLanguage":"fr-FR","@id":"https:\/\/projetweb.site\/holtersuppliessas\/#\/schema\/logo\/image\/","url":"https:\/\/projetweb.site\/holtersuppliessas\/wp-content\/uploads\/2025\/12\/cropped-logo-holter-supplies@2x.webp","contentUrl":"https:\/\/projetweb.site\/holtersuppliessas\/wp-content\/uploads\/2025\/12\/cropped-logo-holter-supplies@2x.webp","width":512,"height":512,"caption":"Holter Supplies SAS"},"image":{"@id":"https:\/\/projetweb.site\/holtersuppliessas\/#\/schema\/logo\/image\/"},"sameAs":["https:\/\/www.linkedin.com\/company\/holter-supplies-sas\/","https:\/\/www.youtube.com\/@holtersupplies3740"]}]}},"_links":{"self":[{"href":"https:\/\/projetweb.site\/holtersuppliessas\/wp-json\/wp\/v2\/product\/1434","targetHints":{"allow":["GET"]}}],"collection":[{"href":"https:\/\/projetweb.site\/holtersuppliessas\/wp-json\/wp\/v2\/product"}],"about":[{"href":"https:\/\/projetweb.site\/holtersuppliessas\/wp-json\/wp\/v2\/types\/product"}],"replies":[{"embeddable":true,"href":"https:\/\/projetweb.site\/holtersuppliessas\/wp-json\/wp\/v2\/comments?post=1434"}],"wp:featuredmedia":[{"embeddable":true,"href":"https:\/\/projetweb.site\/holtersuppliessas\/wp-json\/wp\/v2\/media\/1433"}],"wp:attachment":[{"href":"https:\/\/projetweb.site\/holtersuppliessas\/wp-json\/wp\/v2\/media?parent=1434"}],"wp:term":[{"taxonomy":"product_brand","embeddable":true,"href":"https:\/\/projetweb.site\/holtersuppliessas\/wp-json\/wp\/v2\/product_brand?post=1434"},{"taxonomy":"product_cat","embeddable":true,"href":"https:\/\/projetweb.site\/holtersuppliessas\/wp-json\/wp\/v2\/product_cat?post=1434"},{"taxonomy":"product_tag","embeddable":true,"href":"https:\/\/projetweb.site\/holtersuppliessas\/wp-json\/wp\/v2\/product_tag?post=1434"}],"curies":[{"name":"wp","href":"https:\/\/api.w.org\/{rel}","templated":true}]}}