{"id":233,"date":"2025-01-01T10:47:18","date_gmt":"2025-01-01T09:47:18","guid":{"rendered":"https:\/\/projetweb.site\/holtersuppliessas\/?post_type=product&#038;p=233"},"modified":"2026-01-08T13:48:37","modified_gmt":"2026-01-08T12:48:37","slug":"kit-holter-a-1000-24","status":"publish","type":"product","link":"https:\/\/projetweb.site\/holtersuppliessas\/produit\/kit-holter-a-1000-24\/","title":{"rendered":"Kit Holter A 24 (24h)"},"content":{"rendered":"<ul>\n<li>Kit de d\u00e9marrage : avec une mallette + 1 enregistreur AFT L24 + 1 c\u00e2ble ECG + 100 pochettes de protection + 10 tours du cou+ + c\u00e2ble USB + Abonnement 1 an Quick Reader \/dongle + Guide<\/li>\n<\/ul>\n<p>&nbsp;<\/p>\n<ul>\n<li>Le kit Holter A24 est con\u00e7u pour les enregistrements ECG de 24 heures, offrant une solution fiable, simple et rapide \u00e0 mettre en \u0153uvre pour les examens de routine. L\u00e9ger et confortable, il permet d\u2019obtenir un trac\u00e9 continu de haute qualit\u00e9, id\u00e9al pour l\u2019\u00e9valuation standard du rythme cardiaque.<\/li>\n<\/ul>\n","protected":false},"excerpt":{"rendered":"<p>Kit de d\u00e9marrage : avec une mallette + 1 enregistreur AFT L24 + 1 c\u00e2ble ECG + 100 pochettes de protection + 10<br \/>\ntours du cou+ + c\u00e2ble USB + Abonnement 1 an Quick Reader \/dongle + Guide<\/p>\n","protected":false},"featured_media":1463,"comment_status":"open","ping_status":"closed","template":"","meta":{"_jet_sm_ready_style":"","_jet_sm_style":"","_jet_sm_controls_values":"","_jet_sm_fonts_collection":"","_jet_sm_fonts_links":""},"product_brand":[],"product_cat":[15,21,19],"product_tag":[42],"class_list":{"0":"post-233","1":"product","2":"type-product","3":"status-publish","4":"has-post-thumbnail","6":"product_cat-ecg","7":"product_cat-enregistreurs","8":"product_cat-kit","9":"product_tag-42","11":"first","12":"instock","13":"shipping-taxable","14":"purchasable","15":"product-type-simple"},"yoast_head":"<!-- This site is optimized with the Yoast SEO plugin v26.7 - https:\/\/yoast.com\/wordpress\/plugins\/seo\/ -->\n<title>Kit Holter A 24 (24h) - Holter Supplies SAS<\/title>\n<meta name=\"robots\" content=\"index, follow, max-snippet:-1, max-image-preview:large, max-video-preview:-1\" \/>\n<link rel=\"canonical\" href=\"https:\/\/projetweb.site\/holtersuppliessas\/produit\/kit-holter-a-1000-24\/\" \/>\n<meta property=\"og:locale\" content=\"fr_FR\" \/>\n<meta property=\"og:type\" content=\"article\" \/>\n<meta property=\"og:title\" content=\"Kit Holter A 24 (24h) - Holter Supplies SAS\" \/>\n<meta property=\"og:description\" content=\"Kit de d\u00e9marrage : avec une mallette + 1 enregistreur AFT L24 + 1 c\u00e2ble ECG + 100 pochettes de protection + 10 tours du cou+ + c\u00e2ble USB + Abonnement 1 an Quick Reader \/dongle + Guide\" \/>\n<meta property=\"og:url\" content=\"https:\/\/projetweb.site\/holtersuppliessas\/produit\/kit-holter-a-1000-24\/\" \/>\n<meta property=\"og:site_name\" content=\"Holter Supplies SAS\" \/>\n<meta property=\"article:modified_time\" content=\"2026-01-08T12:48:37+00:00\" \/>\n<meta property=\"og:image\" content=\"https:\/\/projetweb.site\/holtersuppliessas\/wp-content\/uploads\/2025\/01\/malette-kit-solo-AFT-1000.jpg\" \/>\n\t<meta property=\"og:image:width\" content=\"832\" \/>\n\t<meta property=\"og:image:height\" content=\"832\" \/>\n\t<meta property=\"og:image:type\" content=\"image\/jpeg\" \/>\n<meta name=\"twitter:card\" content=\"summary_large_image\" \/>\n<script type=\"application\/ld+json\" class=\"yoast-schema-graph\">{\"@context\":\"https:\/\/schema.org\",\"@graph\":[{\"@type\":\"WebPage\",\"@id\":\"https:\/\/projetweb.site\/holtersuppliessas\/produit\/kit-holter-a-1000-24\/\",\"url\":\"https:\/\/projetweb.site\/holtersuppliessas\/produit\/kit-holter-a-1000-24\/\",\"name\":\"Kit Holter A 24 (24h) - Holter Supplies SAS\",\"isPartOf\":{\"@id\":\"https:\/\/projetweb.site\/holtersuppliessas\/#website\"},\"primaryImageOfPage\":{\"@id\":\"https:\/\/projetweb.site\/holtersuppliessas\/produit\/kit-holter-a-1000-24\/#primaryimage\"},\"image\":{\"@id\":\"https:\/\/projetweb.site\/holtersuppliessas\/produit\/kit-holter-a-1000-24\/#primaryimage\"},\"thumbnailUrl\":\"https:\/\/projetweb.site\/holtersuppliessas\/wp-content\/uploads\/2025\/01\/malette-kit-solo-AFT-1000.jpg\",\"datePublished\":\"2025-01-01T09:47:18+00:00\",\"dateModified\":\"2026-01-08T12:48:37+00:00\",\"breadcrumb\":{\"@id\":\"https:\/\/projetweb.site\/holtersuppliessas\/produit\/kit-holter-a-1000-24\/#breadcrumb\"},\"inLanguage\":\"fr-FR\",\"potentialAction\":[{\"@type\":\"ReadAction\",\"target\":[\"https:\/\/projetweb.site\/holtersuppliessas\/produit\/kit-holter-a-1000-24\/\"]}]},{\"@type\":\"ImageObject\",\"inLanguage\":\"fr-FR\",\"@id\":\"https:\/\/projetweb.site\/holtersuppliessas\/produit\/kit-holter-a-1000-24\/#primaryimage\",\"url\":\"https:\/\/projetweb.site\/holtersuppliessas\/wp-content\/uploads\/2025\/01\/malette-kit-solo-AFT-1000.jpg\",\"contentUrl\":\"https:\/\/projetweb.site\/holtersuppliessas\/wp-content\/uploads\/2025\/01\/malette-kit-solo-AFT-1000.jpg\",\"width\":832,\"height\":832},{\"@type\":\"BreadcrumbList\",\"@id\":\"https:\/\/projetweb.site\/holtersuppliessas\/produit\/kit-holter-a-1000-24\/#breadcrumb\",\"itemListElement\":[{\"@type\":\"ListItem\",\"position\":1,\"name\":\"Accueil\",\"item\":\"https:\/\/projetweb.site\/holtersuppliessas\/\"},{\"@type\":\"ListItem\",\"position\":2,\"name\":\"Boutique\",\"item\":\"https:\/\/projetweb.site\/holtersuppliessas\/boutique\/\"},{\"@type\":\"ListItem\",\"position\":3,\"name\":\"Kit Holter A 24 (24h)\"}]},{\"@type\":\"WebSite\",\"@id\":\"https:\/\/projetweb.site\/holtersuppliessas\/#website\",\"url\":\"https:\/\/projetweb.site\/holtersuppliessas\/\",\"name\":\"Holter Supplies SAS\",\"description\":\"\",\"publisher\":{\"@id\":\"https:\/\/projetweb.site\/holtersuppliessas\/#organization\"},\"potentialAction\":[{\"@type\":\"SearchAction\",\"target\":{\"@type\":\"EntryPoint\",\"urlTemplate\":\"https:\/\/projetweb.site\/holtersuppliessas\/?s={search_term_string}\"},\"query-input\":{\"@type\":\"PropertyValueSpecification\",\"valueRequired\":true,\"valueName\":\"search_term_string\"}}],\"inLanguage\":\"fr-FR\"},{\"@type\":\"Organization\",\"@id\":\"https:\/\/projetweb.site\/holtersuppliessas\/#organization\",\"name\":\"Holter Supplies SAS\",\"url\":\"https:\/\/projetweb.site\/holtersuppliessas\/\",\"logo\":{\"@type\":\"ImageObject\",\"inLanguage\":\"fr-FR\",\"@id\":\"https:\/\/projetweb.site\/holtersuppliessas\/#\/schema\/logo\/image\/\",\"url\":\"https:\/\/projetweb.site\/holtersuppliessas\/wp-content\/uploads\/2025\/12\/cropped-logo-holter-supplies@2x.webp\",\"contentUrl\":\"https:\/\/projetweb.site\/holtersuppliessas\/wp-content\/uploads\/2025\/12\/cropped-logo-holter-supplies@2x.webp\",\"width\":512,\"height\":512,\"caption\":\"Holter Supplies SAS\"},\"image\":{\"@id\":\"https:\/\/projetweb.site\/holtersuppliessas\/#\/schema\/logo\/image\/\"},\"sameAs\":[\"https:\/\/www.linkedin.com\/company\/holter-supplies-sas\/\",\"https:\/\/www.youtube.com\/@holtersupplies3740\"]}]}<\/script>\n<!-- \/ Yoast SEO plugin. -->","yoast_head_json":{"title":"Kit Holter A 24 (24h) - Holter Supplies SAS","robots":{"index":"index","follow":"follow","max-snippet":"max-snippet:-1","max-image-preview":"max-image-preview:large","max-video-preview":"max-video-preview:-1"},"canonical":"https:\/\/projetweb.site\/holtersuppliessas\/produit\/kit-holter-a-1000-24\/","og_locale":"fr_FR","og_type":"article","og_title":"Kit Holter A 24 (24h) - Holter Supplies SAS","og_description":"Kit de d\u00e9marrage : avec une mallette + 1 enregistreur AFT L24 + 1 c\u00e2ble ECG + 100 pochettes de protection + 10 tours du cou+ + c\u00e2ble USB + Abonnement 1 an Quick Reader \/dongle + Guide","og_url":"https:\/\/projetweb.site\/holtersuppliessas\/produit\/kit-holter-a-1000-24\/","og_site_name":"Holter Supplies SAS","article_modified_time":"2026-01-08T12:48:37+00:00","og_image":[{"width":832,"height":832,"url":"https:\/\/projetweb.site\/holtersuppliessas\/wp-content\/uploads\/2025\/01\/malette-kit-solo-AFT-1000.jpg","type":"image\/jpeg"}],"twitter_card":"summary_large_image","schema":{"@context":"https:\/\/schema.org","@graph":[{"@type":"WebPage","@id":"https:\/\/projetweb.site\/holtersuppliessas\/produit\/kit-holter-a-1000-24\/","url":"https:\/\/projetweb.site\/holtersuppliessas\/produit\/kit-holter-a-1000-24\/","name":"Kit Holter A 24 (24h) - Holter Supplies SAS","isPartOf":{"@id":"https:\/\/projetweb.site\/holtersuppliessas\/#website"},"primaryImageOfPage":{"@id":"https:\/\/projetweb.site\/holtersuppliessas\/produit\/kit-holter-a-1000-24\/#primaryimage"},"image":{"@id":"https:\/\/projetweb.site\/holtersuppliessas\/produit\/kit-holter-a-1000-24\/#primaryimage"},"thumbnailUrl":"https:\/\/projetweb.site\/holtersuppliessas\/wp-content\/uploads\/2025\/01\/malette-kit-solo-AFT-1000.jpg","datePublished":"2025-01-01T09:47:18+00:00","dateModified":"2026-01-08T12:48:37+00:00","breadcrumb":{"@id":"https:\/\/projetweb.site\/holtersuppliessas\/produit\/kit-holter-a-1000-24\/#breadcrumb"},"inLanguage":"fr-FR","potentialAction":[{"@type":"ReadAction","target":["https:\/\/projetweb.site\/holtersuppliessas\/produit\/kit-holter-a-1000-24\/"]}]},{"@type":"ImageObject","inLanguage":"fr-FR","@id":"https:\/\/projetweb.site\/holtersuppliessas\/produit\/kit-holter-a-1000-24\/#primaryimage","url":"https:\/\/projetweb.site\/holtersuppliessas\/wp-content\/uploads\/2025\/01\/malette-kit-solo-AFT-1000.jpg","contentUrl":"https:\/\/projetweb.site\/holtersuppliessas\/wp-content\/uploads\/2025\/01\/malette-kit-solo-AFT-1000.jpg","width":832,"height":832},{"@type":"BreadcrumbList","@id":"https:\/\/projetweb.site\/holtersuppliessas\/produit\/kit-holter-a-1000-24\/#breadcrumb","itemListElement":[{"@type":"ListItem","position":1,"name":"Accueil","item":"https:\/\/projetweb.site\/holtersuppliessas\/"},{"@type":"ListItem","position":2,"name":"Boutique","item":"https:\/\/projetweb.site\/holtersuppliessas\/boutique\/"},{"@type":"ListItem","position":3,"name":"Kit Holter A 24 (24h)"}]},{"@type":"WebSite","@id":"https:\/\/projetweb.site\/holtersuppliessas\/#website","url":"https:\/\/projetweb.site\/holtersuppliessas\/","name":"Holter Supplies SAS","description":"","publisher":{"@id":"https:\/\/projetweb.site\/holtersuppliessas\/#organization"},"potentialAction":[{"@type":"SearchAction","target":{"@type":"EntryPoint","urlTemplate":"https:\/\/projetweb.site\/holtersuppliessas\/?s={search_term_string}"},"query-input":{"@type":"PropertyValueSpecification","valueRequired":true,"valueName":"search_term_string"}}],"inLanguage":"fr-FR"},{"@type":"Organization","@id":"https:\/\/projetweb.site\/holtersuppliessas\/#organization","name":"Holter Supplies SAS","url":"https:\/\/projetweb.site\/holtersuppliessas\/","logo":{"@type":"ImageObject","inLanguage":"fr-FR","@id":"https:\/\/projetweb.site\/holtersuppliessas\/#\/schema\/logo\/image\/","url":"https:\/\/projetweb.site\/holtersuppliessas\/wp-content\/uploads\/2025\/12\/cropped-logo-holter-supplies@2x.webp","contentUrl":"https:\/\/projetweb.site\/holtersuppliessas\/wp-content\/uploads\/2025\/12\/cropped-logo-holter-supplies@2x.webp","width":512,"height":512,"caption":"Holter Supplies SAS"},"image":{"@id":"https:\/\/projetweb.site\/holtersuppliessas\/#\/schema\/logo\/image\/"},"sameAs":["https:\/\/www.linkedin.com\/company\/holter-supplies-sas\/","https:\/\/www.youtube.com\/@holtersupplies3740"]}]}},"_links":{"self":[{"href":"https:\/\/projetweb.site\/holtersuppliessas\/wp-json\/wp\/v2\/product\/233","targetHints":{"allow":["GET"]}}],"collection":[{"href":"https:\/\/projetweb.site\/holtersuppliessas\/wp-json\/wp\/v2\/product"}],"about":[{"href":"https:\/\/projetweb.site\/holtersuppliessas\/wp-json\/wp\/v2\/types\/product"}],"replies":[{"embeddable":true,"href":"https:\/\/projetweb.site\/holtersuppliessas\/wp-json\/wp\/v2\/comments?post=233"}],"wp:featuredmedia":[{"embeddable":true,"href":"https:\/\/projetweb.site\/holtersuppliessas\/wp-json\/wp\/v2\/media\/1463"}],"wp:attachment":[{"href":"https:\/\/projetweb.site\/holtersuppliessas\/wp-json\/wp\/v2\/media?parent=233"}],"wp:term":[{"taxonomy":"product_brand","embeddable":true,"href":"https:\/\/projetweb.site\/holtersuppliessas\/wp-json\/wp\/v2\/product_brand?post=233"},{"taxonomy":"product_cat","embeddable":true,"href":"https:\/\/projetweb.site\/holtersuppliessas\/wp-json\/wp\/v2\/product_cat?post=233"},{"taxonomy":"product_tag","embeddable":true,"href":"https:\/\/projetweb.site\/holtersuppliessas\/wp-json\/wp\/v2\/product_tag?post=233"}],"curies":[{"name":"wp","href":"https:\/\/api.w.org\/{rel}","templated":true}]}}