{"id":265,"date":"2025-02-02T15:49:52","date_gmt":"2025-02-02T14:49:52","guid":{"rendered":"https:\/\/projetweb.site\/holtersuppliessas\/?post_type=product&#038;p=265"},"modified":"2025-12-12T16:43:12","modified_gmt":"2025-12-12T15:43:12","slug":"enregistreurs-aft-light","status":"publish","type":"product","link":"https:\/\/projetweb.site\/holtersuppliessas\/produit\/enregistreurs-aft-light\/","title":{"rendered":"Enregistreurs AFT LIGHT"},"content":{"rendered":"<p><strong>Enregistreur Holter 1 \u00e0 10 jours, 250Hz, 2 voies, 3 bras porte-\u00e9lectrodes, \u00e9tanche<\/strong><\/p>\n<p data-start=\"247\" data-end=\"670\">AFT Light est un enregistreur ECG Holter de derni\u00e8re g\u00e9n\u00e9ration con\u00e7u pour les explorations ambulatoires jusqu\u2019\u00e0 dix jours. Gr\u00e2ce \u00e0 son bo\u00eetier extr\u00eamement compact (43 \u00d7 64 \u00d7 14 mm) et son poids r\u00e9duit, il offre une int\u00e9gration discr\u00e8te et un confort \u00e9lev\u00e9 pour le patient. La batterie est int\u00e9gr\u00e9e et rechargeable, \u00e9liminant le besoin de piles jetables et supportant des enregistrements prolong\u00e9s sans arr\u00eat du monitoring.<\/p>\n<p data-start=\"672\" data-end=\"1179\">L\u2019appareil capture un signal ECG \u00e0 250 Hz avec une r\u00e9solution fine de 10 \u00b5V, assurant une qualit\u00e9 de donn\u00e9es adapt\u00e9e aux diagnostics de troubles rythmiques. Sa conception sans fil minimise les artefacts li\u00e9s aux mouvements et facilite la pose. L\u2019interface utilisateur simple avec indicateurs LED permet de v\u00e9rifier rapidement l\u2019\u00e9tat d\u2019enregistrement et la qualit\u00e9 du signal. AFT Light est id\u00e9al pour les explorations n\u00e9cessitant un bon compromis entre <strong data-start=\"1124\" data-end=\"1178\">longue dur\u00e9e, confort patient et qualit\u00e9 de signal<\/strong>.<\/p>\n","protected":false},"excerpt":{"rendered":"<p>Enregistreur Holter 1 \u00e0 10 jours, 250Hz, 2 voies, 3 bras porte-\u00e9lectrodes, \u00e9tanche AFT Light est un enregistreur ECG Holter de derni\u00e8re g\u00e9n\u00e9ration con\u00e7u pour les explorations ambulatoires jusqu\u2019\u00e0 dix jours. Gr\u00e2ce \u00e0 son bo\u00eetier extr\u00eamement compact (43 \u00d7 64 \u00d7 14 mm) et son poids r\u00e9duit, il offre une int\u00e9gration discr\u00e8te et un confort [&hellip;]<\/p>\n","protected":false},"featured_media":468,"comment_status":"open","ping_status":"closed","template":"","meta":{"_jet_sm_ready_style":"","_jet_sm_style":"","_jet_sm_controls_values":"","_jet_sm_fonts_collection":"","_jet_sm_fonts_links":""},"product_brand":[],"product_cat":[15,21],"product_tag":[],"class_list":{"0":"post-265","1":"product","2":"type-product","3":"status-publish","4":"has-post-thumbnail","6":"product_cat-ecg","7":"product_cat-enregistreurs","9":"first","10":"instock","11":"shipping-taxable","12":"purchasable","13":"product-type-variable"},"yoast_head":"<!-- This site is optimized with the Yoast SEO plugin v26.7 - https:\/\/yoast.com\/wordpress\/plugins\/seo\/ -->\n<title>Enregistreurs AFT LIGHT - Holter Supplies SAS<\/title>\n<meta name=\"robots\" content=\"index, follow, max-snippet:-1, max-image-preview:large, max-video-preview:-1\" \/>\n<link rel=\"canonical\" href=\"https:\/\/projetweb.site\/holtersuppliessas\/produit\/enregistreurs-aft-light\/\" \/>\n<meta property=\"og:locale\" content=\"fr_FR\" \/>\n<meta property=\"og:type\" content=\"article\" \/>\n<meta property=\"og:title\" content=\"Enregistreurs AFT LIGHT - Holter Supplies SAS\" \/>\n<meta property=\"og:description\" content=\"Enregistreur Holter 1 \u00e0 10 jours, 250Hz, 2 voies, 3 bras porte-\u00e9lectrodes, \u00e9tanche AFT Light est un enregistreur ECG Holter de derni\u00e8re g\u00e9n\u00e9ration con\u00e7u pour les explorations ambulatoires jusqu\u2019\u00e0 dix jours. Gr\u00e2ce \u00e0 son bo\u00eetier extr\u00eamement compact (43 \u00d7 64 \u00d7 14 mm) et son poids r\u00e9duit, il offre une int\u00e9gration discr\u00e8te et un confort [&hellip;]\" \/>\n<meta property=\"og:url\" content=\"https:\/\/projetweb.site\/holtersuppliessas\/produit\/enregistreurs-aft-light\/\" \/>\n<meta property=\"og:site_name\" content=\"Holter Supplies SAS\" \/>\n<meta property=\"article:modified_time\" content=\"2025-12-12T15:43:12+00:00\" \/>\n<meta property=\"og:image\" content=\"https:\/\/projetweb.site\/holtersuppliessas\/wp-content\/uploads\/2025\/12\/AFTLight02R.jpg\" \/>\n\t<meta property=\"og:image:width\" content=\"900\" \/>\n\t<meta property=\"og:image:height\" content=\"900\" \/>\n\t<meta property=\"og:image:type\" content=\"image\/jpeg\" \/>\n<meta name=\"twitter:card\" content=\"summary_large_image\" \/>\n<meta name=\"twitter:label1\" content=\"Dur\u00e9e de lecture estim\u00e9e\" \/>\n\t<meta name=\"twitter:data1\" content=\"1 minute\" \/>\n<script type=\"application\/ld+json\" class=\"yoast-schema-graph\">{\"@context\":\"https:\/\/schema.org\",\"@graph\":[{\"@type\":\"WebPage\",\"@id\":\"https:\/\/projetweb.site\/holtersuppliessas\/produit\/enregistreurs-aft-light\/\",\"url\":\"https:\/\/projetweb.site\/holtersuppliessas\/produit\/enregistreurs-aft-light\/\",\"name\":\"Enregistreurs AFT LIGHT - Holter Supplies SAS\",\"isPartOf\":{\"@id\":\"https:\/\/projetweb.site\/holtersuppliessas\/#website\"},\"primaryImageOfPage\":{\"@id\":\"https:\/\/projetweb.site\/holtersuppliessas\/produit\/enregistreurs-aft-light\/#primaryimage\"},\"image\":{\"@id\":\"https:\/\/projetweb.site\/holtersuppliessas\/produit\/enregistreurs-aft-light\/#primaryimage\"},\"thumbnailUrl\":\"https:\/\/projetweb.site\/holtersuppliessas\/wp-content\/uploads\/2025\/12\/AFTLight02R.jpg\",\"datePublished\":\"2025-02-02T14:49:52+00:00\",\"dateModified\":\"2025-12-12T15:43:12+00:00\",\"breadcrumb\":{\"@id\":\"https:\/\/projetweb.site\/holtersuppliessas\/produit\/enregistreurs-aft-light\/#breadcrumb\"},\"inLanguage\":\"fr-FR\",\"potentialAction\":[{\"@type\":\"ReadAction\",\"target\":[\"https:\/\/projetweb.site\/holtersuppliessas\/produit\/enregistreurs-aft-light\/\"]}]},{\"@type\":\"ImageObject\",\"inLanguage\":\"fr-FR\",\"@id\":\"https:\/\/projetweb.site\/holtersuppliessas\/produit\/enregistreurs-aft-light\/#primaryimage\",\"url\":\"https:\/\/projetweb.site\/holtersuppliessas\/wp-content\/uploads\/2025\/12\/AFTLight02R.jpg\",\"contentUrl\":\"https:\/\/projetweb.site\/holtersuppliessas\/wp-content\/uploads\/2025\/12\/AFTLight02R.jpg\",\"width\":900,\"height\":900},{\"@type\":\"BreadcrumbList\",\"@id\":\"https:\/\/projetweb.site\/holtersuppliessas\/produit\/enregistreurs-aft-light\/#breadcrumb\",\"itemListElement\":[{\"@type\":\"ListItem\",\"position\":1,\"name\":\"Accueil\",\"item\":\"https:\/\/projetweb.site\/holtersuppliessas\/\"},{\"@type\":\"ListItem\",\"position\":2,\"name\":\"Boutique\",\"item\":\"https:\/\/projetweb.site\/holtersuppliessas\/boutique\/\"},{\"@type\":\"ListItem\",\"position\":3,\"name\":\"Enregistreurs AFT LIGHT\"}]},{\"@type\":\"WebSite\",\"@id\":\"https:\/\/projetweb.site\/holtersuppliessas\/#website\",\"url\":\"https:\/\/projetweb.site\/holtersuppliessas\/\",\"name\":\"Holter Supplies SAS\",\"description\":\"\",\"publisher\":{\"@id\":\"https:\/\/projetweb.site\/holtersuppliessas\/#organization\"},\"potentialAction\":[{\"@type\":\"SearchAction\",\"target\":{\"@type\":\"EntryPoint\",\"urlTemplate\":\"https:\/\/projetweb.site\/holtersuppliessas\/?s={search_term_string}\"},\"query-input\":{\"@type\":\"PropertyValueSpecification\",\"valueRequired\":true,\"valueName\":\"search_term_string\"}}],\"inLanguage\":\"fr-FR\"},{\"@type\":\"Organization\",\"@id\":\"https:\/\/projetweb.site\/holtersuppliessas\/#organization\",\"name\":\"Holter Supplies SAS\",\"url\":\"https:\/\/projetweb.site\/holtersuppliessas\/\",\"logo\":{\"@type\":\"ImageObject\",\"inLanguage\":\"fr-FR\",\"@id\":\"https:\/\/projetweb.site\/holtersuppliessas\/#\/schema\/logo\/image\/\",\"url\":\"https:\/\/projetweb.site\/holtersuppliessas\/wp-content\/uploads\/2025\/12\/cropped-logo-holter-supplies@2x.webp\",\"contentUrl\":\"https:\/\/projetweb.site\/holtersuppliessas\/wp-content\/uploads\/2025\/12\/cropped-logo-holter-supplies@2x.webp\",\"width\":512,\"height\":512,\"caption\":\"Holter Supplies SAS\"},\"image\":{\"@id\":\"https:\/\/projetweb.site\/holtersuppliessas\/#\/schema\/logo\/image\/\"},\"sameAs\":[\"https:\/\/www.linkedin.com\/company\/holter-supplies-sas\/\",\"https:\/\/www.youtube.com\/@holtersupplies3740\"]}]}<\/script>\n<!-- \/ Yoast SEO plugin. -->","yoast_head_json":{"title":"Enregistreurs AFT LIGHT - Holter Supplies SAS","robots":{"index":"index","follow":"follow","max-snippet":"max-snippet:-1","max-image-preview":"max-image-preview:large","max-video-preview":"max-video-preview:-1"},"canonical":"https:\/\/projetweb.site\/holtersuppliessas\/produit\/enregistreurs-aft-light\/","og_locale":"fr_FR","og_type":"article","og_title":"Enregistreurs AFT LIGHT - Holter Supplies SAS","og_description":"Enregistreur Holter 1 \u00e0 10 jours, 250Hz, 2 voies, 3 bras porte-\u00e9lectrodes, \u00e9tanche AFT Light est un enregistreur ECG Holter de derni\u00e8re g\u00e9n\u00e9ration con\u00e7u pour les explorations ambulatoires jusqu\u2019\u00e0 dix jours. Gr\u00e2ce \u00e0 son bo\u00eetier extr\u00eamement compact (43 \u00d7 64 \u00d7 14 mm) et son poids r\u00e9duit, il offre une int\u00e9gration discr\u00e8te et un confort [&hellip;]","og_url":"https:\/\/projetweb.site\/holtersuppliessas\/produit\/enregistreurs-aft-light\/","og_site_name":"Holter Supplies SAS","article_modified_time":"2025-12-12T15:43:12+00:00","og_image":[{"width":900,"height":900,"url":"https:\/\/projetweb.site\/holtersuppliessas\/wp-content\/uploads\/2025\/12\/AFTLight02R.jpg","type":"image\/jpeg"}],"twitter_card":"summary_large_image","twitter_misc":{"Dur\u00e9e de lecture estim\u00e9e":"1 minute"},"schema":{"@context":"https:\/\/schema.org","@graph":[{"@type":"WebPage","@id":"https:\/\/projetweb.site\/holtersuppliessas\/produit\/enregistreurs-aft-light\/","url":"https:\/\/projetweb.site\/holtersuppliessas\/produit\/enregistreurs-aft-light\/","name":"Enregistreurs AFT LIGHT - Holter Supplies SAS","isPartOf":{"@id":"https:\/\/projetweb.site\/holtersuppliessas\/#website"},"primaryImageOfPage":{"@id":"https:\/\/projetweb.site\/holtersuppliessas\/produit\/enregistreurs-aft-light\/#primaryimage"},"image":{"@id":"https:\/\/projetweb.site\/holtersuppliessas\/produit\/enregistreurs-aft-light\/#primaryimage"},"thumbnailUrl":"https:\/\/projetweb.site\/holtersuppliessas\/wp-content\/uploads\/2025\/12\/AFTLight02R.jpg","datePublished":"2025-02-02T14:49:52+00:00","dateModified":"2025-12-12T15:43:12+00:00","breadcrumb":{"@id":"https:\/\/projetweb.site\/holtersuppliessas\/produit\/enregistreurs-aft-light\/#breadcrumb"},"inLanguage":"fr-FR","potentialAction":[{"@type":"ReadAction","target":["https:\/\/projetweb.site\/holtersuppliessas\/produit\/enregistreurs-aft-light\/"]}]},{"@type":"ImageObject","inLanguage":"fr-FR","@id":"https:\/\/projetweb.site\/holtersuppliessas\/produit\/enregistreurs-aft-light\/#primaryimage","url":"https:\/\/projetweb.site\/holtersuppliessas\/wp-content\/uploads\/2025\/12\/AFTLight02R.jpg","contentUrl":"https:\/\/projetweb.site\/holtersuppliessas\/wp-content\/uploads\/2025\/12\/AFTLight02R.jpg","width":900,"height":900},{"@type":"BreadcrumbList","@id":"https:\/\/projetweb.site\/holtersuppliessas\/produit\/enregistreurs-aft-light\/#breadcrumb","itemListElement":[{"@type":"ListItem","position":1,"name":"Accueil","item":"https:\/\/projetweb.site\/holtersuppliessas\/"},{"@type":"ListItem","position":2,"name":"Boutique","item":"https:\/\/projetweb.site\/holtersuppliessas\/boutique\/"},{"@type":"ListItem","position":3,"name":"Enregistreurs AFT LIGHT"}]},{"@type":"WebSite","@id":"https:\/\/projetweb.site\/holtersuppliessas\/#website","url":"https:\/\/projetweb.site\/holtersuppliessas\/","name":"Holter Supplies SAS","description":"","publisher":{"@id":"https:\/\/projetweb.site\/holtersuppliessas\/#organization"},"potentialAction":[{"@type":"SearchAction","target":{"@type":"EntryPoint","urlTemplate":"https:\/\/projetweb.site\/holtersuppliessas\/?s={search_term_string}"},"query-input":{"@type":"PropertyValueSpecification","valueRequired":true,"valueName":"search_term_string"}}],"inLanguage":"fr-FR"},{"@type":"Organization","@id":"https:\/\/projetweb.site\/holtersuppliessas\/#organization","name":"Holter Supplies SAS","url":"https:\/\/projetweb.site\/holtersuppliessas\/","logo":{"@type":"ImageObject","inLanguage":"fr-FR","@id":"https:\/\/projetweb.site\/holtersuppliessas\/#\/schema\/logo\/image\/","url":"https:\/\/projetweb.site\/holtersuppliessas\/wp-content\/uploads\/2025\/12\/cropped-logo-holter-supplies@2x.webp","contentUrl":"https:\/\/projetweb.site\/holtersuppliessas\/wp-content\/uploads\/2025\/12\/cropped-logo-holter-supplies@2x.webp","width":512,"height":512,"caption":"Holter Supplies SAS"},"image":{"@id":"https:\/\/projetweb.site\/holtersuppliessas\/#\/schema\/logo\/image\/"},"sameAs":["https:\/\/www.linkedin.com\/company\/holter-supplies-sas\/","https:\/\/www.youtube.com\/@holtersupplies3740"]}]}},"_links":{"self":[{"href":"https:\/\/projetweb.site\/holtersuppliessas\/wp-json\/wp\/v2\/product\/265","targetHints":{"allow":["GET"]}}],"collection":[{"href":"https:\/\/projetweb.site\/holtersuppliessas\/wp-json\/wp\/v2\/product"}],"about":[{"href":"https:\/\/projetweb.site\/holtersuppliessas\/wp-json\/wp\/v2\/types\/product"}],"replies":[{"embeddable":true,"href":"https:\/\/projetweb.site\/holtersuppliessas\/wp-json\/wp\/v2\/comments?post=265"}],"wp:featuredmedia":[{"embeddable":true,"href":"https:\/\/projetweb.site\/holtersuppliessas\/wp-json\/wp\/v2\/media\/468"}],"wp:attachment":[{"href":"https:\/\/projetweb.site\/holtersuppliessas\/wp-json\/wp\/v2\/media?parent=265"}],"wp:term":[{"taxonomy":"product_brand","embeddable":true,"href":"https:\/\/projetweb.site\/holtersuppliessas\/wp-json\/wp\/v2\/product_brand?post=265"},{"taxonomy":"product_cat","embeddable":true,"href":"https:\/\/projetweb.site\/holtersuppliessas\/wp-json\/wp\/v2\/product_cat?post=265"},{"taxonomy":"product_tag","embeddable":true,"href":"https:\/\/projetweb.site\/holtersuppliessas\/wp-json\/wp\/v2\/product_tag?post=265"}],"curies":[{"name":"wp","href":"https:\/\/api.w.org\/{rel}","templated":true}]}}