{"id":792,"date":"2025-01-05T16:12:11","date_gmt":"2025-01-05T15:12:11","guid":{"rendered":"https:\/\/projetweb.site\/holtersuppliessas\/?post_type=product&#038;p=792"},"modified":"2026-01-08T13:48:49","modified_gmt":"2026-01-08T12:48:49","slug":"kit-holter-light-10-jours","status":"publish","type":"product","link":"https:\/\/projetweb.site\/holtersuppliessas\/produit\/kit-holter-light-10-jours\/","title":{"rendered":"Kit Holter Light (10 jours)"},"content":{"rendered":"<ul>\n<li>Enregistreur AFT Light 24h + abonnement 1 an Quick Reader + c\u00e2ble USB + \u00e9lectrodes<\/li>\n<\/ul>\n<p>&nbsp;<\/p>\n<ul>\n<li>L\u2019AFT Light 10 jours permet un suivi ECG prolong\u00e9 jusqu\u2019\u00e0 10 jours, combinant discr\u00e9tion, confort et autonomie \u00e9tendue. Id\u00e9al pour la d\u00e9tection d\u2019arythmies intermittentes ou la surveillance sur plusieurs cycles de vie quotidienne, il offre un enregistrement continu de haute qualit\u00e9 sans g\u00eaner le patient.<\/li>\n<\/ul>\n","protected":false},"excerpt":{"rendered":"<p>Enregistreur AFT Light 24h + abonnement 1 an Quick Reader + c\u00e2ble USB + \u00e9lectrodes &nbsp; L\u2019AFT Light 10 jours permet un suivi ECG prolong\u00e9 jusqu\u2019\u00e0 10 jours, combinant discr\u00e9tion, confort et autonomie \u00e9tendue. Id\u00e9al pour la d\u00e9tection d\u2019arythmies intermittentes ou la surveillance sur plusieurs cycles de vie quotidienne, il offre un enregistrement continu de [&hellip;]<\/p>\n","protected":false},"featured_media":397,"comment_status":"open","ping_status":"closed","template":"","meta":{"_jet_sm_ready_style":"","_jet_sm_style":"","_jet_sm_controls_values":"","_jet_sm_fonts_collection":"","_jet_sm_fonts_links":""},"product_brand":[],"product_cat":[15,21,19],"product_tag":[44],"class_list":{"0":"post-792","1":"product","2":"type-product","3":"status-publish","4":"has-post-thumbnail","6":"product_cat-ecg","7":"product_cat-enregistreurs","8":"product_cat-kit","9":"product_tag-44","11":"first","12":"instock","13":"shipping-taxable","14":"purchasable","15":"product-type-simple"},"yoast_head":"<!-- This site is optimized with the Yoast SEO plugin v26.7 - https:\/\/yoast.com\/wordpress\/plugins\/seo\/ -->\n<title>Kit Holter Light (10 jours) - Holter Supplies SAS<\/title>\n<meta name=\"robots\" content=\"index, follow, max-snippet:-1, max-image-preview:large, max-video-preview:-1\" \/>\n<link rel=\"canonical\" href=\"https:\/\/projetweb.site\/holtersuppliessas\/produit\/kit-holter-light-10-jours\/\" \/>\n<meta property=\"og:locale\" content=\"fr_FR\" \/>\n<meta property=\"og:type\" content=\"article\" \/>\n<meta property=\"og:title\" content=\"Kit Holter Light (10 jours) - Holter Supplies SAS\" \/>\n<meta property=\"og:description\" content=\"Enregistreur AFT Light 24h + abonnement 1 an Quick Reader + c\u00e2ble USB + \u00e9lectrodes &nbsp; L\u2019AFT Light 10 jours permet un suivi ECG prolong\u00e9 jusqu\u2019\u00e0 10 jours, combinant discr\u00e9tion, confort et autonomie \u00e9tendue. Id\u00e9al pour la d\u00e9tection d\u2019arythmies intermittentes ou la surveillance sur plusieurs cycles de vie quotidienne, il offre un enregistrement continu de [&hellip;]\" \/>\n<meta property=\"og:url\" content=\"https:\/\/projetweb.site\/holtersuppliessas\/produit\/kit-holter-light-10-jours\/\" \/>\n<meta property=\"og:site_name\" content=\"Holter Supplies SAS\" \/>\n<meta property=\"article:modified_time\" content=\"2026-01-08T12:48:49+00:00\" \/>\n<meta property=\"og:image\" content=\"https:\/\/projetweb.site\/holtersuppliessas\/wp-content\/uploads\/2025\/12\/Gemini_Generated_Image_v3skp9v3skp9v3sk-1-e1765552235294.png\" \/>\n\t<meta property=\"og:image:width\" content=\"900\" \/>\n\t<meta property=\"og:image:height\" content=\"900\" \/>\n\t<meta property=\"og:image:type\" content=\"image\/png\" \/>\n<meta name=\"twitter:card\" content=\"summary_large_image\" \/>\n<script type=\"application\/ld+json\" class=\"yoast-schema-graph\">{\"@context\":\"https:\/\/schema.org\",\"@graph\":[{\"@type\":\"WebPage\",\"@id\":\"https:\/\/projetweb.site\/holtersuppliessas\/produit\/kit-holter-light-10-jours\/\",\"url\":\"https:\/\/projetweb.site\/holtersuppliessas\/produit\/kit-holter-light-10-jours\/\",\"name\":\"Kit Holter Light (10 jours) - Holter Supplies SAS\",\"isPartOf\":{\"@id\":\"https:\/\/projetweb.site\/holtersuppliessas\/#website\"},\"primaryImageOfPage\":{\"@id\":\"https:\/\/projetweb.site\/holtersuppliessas\/produit\/kit-holter-light-10-jours\/#primaryimage\"},\"image\":{\"@id\":\"https:\/\/projetweb.site\/holtersuppliessas\/produit\/kit-holter-light-10-jours\/#primaryimage\"},\"thumbnailUrl\":\"https:\/\/projetweb.site\/holtersuppliessas\/wp-content\/uploads\/2025\/12\/Gemini_Generated_Image_v3skp9v3skp9v3sk-1-e1765552235294.png\",\"datePublished\":\"2025-01-05T15:12:11+00:00\",\"dateModified\":\"2026-01-08T12:48:49+00:00\",\"breadcrumb\":{\"@id\":\"https:\/\/projetweb.site\/holtersuppliessas\/produit\/kit-holter-light-10-jours\/#breadcrumb\"},\"inLanguage\":\"fr-FR\",\"potentialAction\":[{\"@type\":\"ReadAction\",\"target\":[\"https:\/\/projetweb.site\/holtersuppliessas\/produit\/kit-holter-light-10-jours\/\"]}]},{\"@type\":\"ImageObject\",\"inLanguage\":\"fr-FR\",\"@id\":\"https:\/\/projetweb.site\/holtersuppliessas\/produit\/kit-holter-light-10-jours\/#primaryimage\",\"url\":\"https:\/\/projetweb.site\/holtersuppliessas\/wp-content\/uploads\/2025\/12\/Gemini_Generated_Image_v3skp9v3skp9v3sk-1-e1765552235294.png\",\"contentUrl\":\"https:\/\/projetweb.site\/holtersuppliessas\/wp-content\/uploads\/2025\/12\/Gemini_Generated_Image_v3skp9v3skp9v3sk-1-e1765552235294.png\",\"width\":900,\"height\":900},{\"@type\":\"BreadcrumbList\",\"@id\":\"https:\/\/projetweb.site\/holtersuppliessas\/produit\/kit-holter-light-10-jours\/#breadcrumb\",\"itemListElement\":[{\"@type\":\"ListItem\",\"position\":1,\"name\":\"Accueil\",\"item\":\"https:\/\/projetweb.site\/holtersuppliessas\/\"},{\"@type\":\"ListItem\",\"position\":2,\"name\":\"Boutique\",\"item\":\"https:\/\/projetweb.site\/holtersuppliessas\/boutique\/\"},{\"@type\":\"ListItem\",\"position\":3,\"name\":\"Kit Holter Light (10 jours)\"}]},{\"@type\":\"WebSite\",\"@id\":\"https:\/\/projetweb.site\/holtersuppliessas\/#website\",\"url\":\"https:\/\/projetweb.site\/holtersuppliessas\/\",\"name\":\"Holter Supplies SAS\",\"description\":\"\",\"publisher\":{\"@id\":\"https:\/\/projetweb.site\/holtersuppliessas\/#organization\"},\"potentialAction\":[{\"@type\":\"SearchAction\",\"target\":{\"@type\":\"EntryPoint\",\"urlTemplate\":\"https:\/\/projetweb.site\/holtersuppliessas\/?s={search_term_string}\"},\"query-input\":{\"@type\":\"PropertyValueSpecification\",\"valueRequired\":true,\"valueName\":\"search_term_string\"}}],\"inLanguage\":\"fr-FR\"},{\"@type\":\"Organization\",\"@id\":\"https:\/\/projetweb.site\/holtersuppliessas\/#organization\",\"name\":\"Holter Supplies SAS\",\"url\":\"https:\/\/projetweb.site\/holtersuppliessas\/\",\"logo\":{\"@type\":\"ImageObject\",\"inLanguage\":\"fr-FR\",\"@id\":\"https:\/\/projetweb.site\/holtersuppliessas\/#\/schema\/logo\/image\/\",\"url\":\"https:\/\/projetweb.site\/holtersuppliessas\/wp-content\/uploads\/2025\/12\/cropped-logo-holter-supplies@2x.webp\",\"contentUrl\":\"https:\/\/projetweb.site\/holtersuppliessas\/wp-content\/uploads\/2025\/12\/cropped-logo-holter-supplies@2x.webp\",\"width\":512,\"height\":512,\"caption\":\"Holter Supplies SAS\"},\"image\":{\"@id\":\"https:\/\/projetweb.site\/holtersuppliessas\/#\/schema\/logo\/image\/\"},\"sameAs\":[\"https:\/\/www.linkedin.com\/company\/holter-supplies-sas\/\",\"https:\/\/www.youtube.com\/@holtersupplies3740\"]}]}<\/script>\n<!-- \/ Yoast SEO plugin. -->","yoast_head_json":{"title":"Kit Holter Light (10 jours) - Holter Supplies SAS","robots":{"index":"index","follow":"follow","max-snippet":"max-snippet:-1","max-image-preview":"max-image-preview:large","max-video-preview":"max-video-preview:-1"},"canonical":"https:\/\/projetweb.site\/holtersuppliessas\/produit\/kit-holter-light-10-jours\/","og_locale":"fr_FR","og_type":"article","og_title":"Kit Holter Light (10 jours) - Holter Supplies SAS","og_description":"Enregistreur AFT Light 24h + abonnement 1 an Quick Reader + c\u00e2ble USB + \u00e9lectrodes &nbsp; L\u2019AFT Light 10 jours permet un suivi ECG prolong\u00e9 jusqu\u2019\u00e0 10 jours, combinant discr\u00e9tion, confort et autonomie \u00e9tendue. Id\u00e9al pour la d\u00e9tection d\u2019arythmies intermittentes ou la surveillance sur plusieurs cycles de vie quotidienne, il offre un enregistrement continu de [&hellip;]","og_url":"https:\/\/projetweb.site\/holtersuppliessas\/produit\/kit-holter-light-10-jours\/","og_site_name":"Holter Supplies SAS","article_modified_time":"2026-01-08T12:48:49+00:00","og_image":[{"width":900,"height":900,"url":"https:\/\/projetweb.site\/holtersuppliessas\/wp-content\/uploads\/2025\/12\/Gemini_Generated_Image_v3skp9v3skp9v3sk-1-e1765552235294.png","type":"image\/png"}],"twitter_card":"summary_large_image","schema":{"@context":"https:\/\/schema.org","@graph":[{"@type":"WebPage","@id":"https:\/\/projetweb.site\/holtersuppliessas\/produit\/kit-holter-light-10-jours\/","url":"https:\/\/projetweb.site\/holtersuppliessas\/produit\/kit-holter-light-10-jours\/","name":"Kit Holter Light (10 jours) - Holter Supplies SAS","isPartOf":{"@id":"https:\/\/projetweb.site\/holtersuppliessas\/#website"},"primaryImageOfPage":{"@id":"https:\/\/projetweb.site\/holtersuppliessas\/produit\/kit-holter-light-10-jours\/#primaryimage"},"image":{"@id":"https:\/\/projetweb.site\/holtersuppliessas\/produit\/kit-holter-light-10-jours\/#primaryimage"},"thumbnailUrl":"https:\/\/projetweb.site\/holtersuppliessas\/wp-content\/uploads\/2025\/12\/Gemini_Generated_Image_v3skp9v3skp9v3sk-1-e1765552235294.png","datePublished":"2025-01-05T15:12:11+00:00","dateModified":"2026-01-08T12:48:49+00:00","breadcrumb":{"@id":"https:\/\/projetweb.site\/holtersuppliessas\/produit\/kit-holter-light-10-jours\/#breadcrumb"},"inLanguage":"fr-FR","potentialAction":[{"@type":"ReadAction","target":["https:\/\/projetweb.site\/holtersuppliessas\/produit\/kit-holter-light-10-jours\/"]}]},{"@type":"ImageObject","inLanguage":"fr-FR","@id":"https:\/\/projetweb.site\/holtersuppliessas\/produit\/kit-holter-light-10-jours\/#primaryimage","url":"https:\/\/projetweb.site\/holtersuppliessas\/wp-content\/uploads\/2025\/12\/Gemini_Generated_Image_v3skp9v3skp9v3sk-1-e1765552235294.png","contentUrl":"https:\/\/projetweb.site\/holtersuppliessas\/wp-content\/uploads\/2025\/12\/Gemini_Generated_Image_v3skp9v3skp9v3sk-1-e1765552235294.png","width":900,"height":900},{"@type":"BreadcrumbList","@id":"https:\/\/projetweb.site\/holtersuppliessas\/produit\/kit-holter-light-10-jours\/#breadcrumb","itemListElement":[{"@type":"ListItem","position":1,"name":"Accueil","item":"https:\/\/projetweb.site\/holtersuppliessas\/"},{"@type":"ListItem","position":2,"name":"Boutique","item":"https:\/\/projetweb.site\/holtersuppliessas\/boutique\/"},{"@type":"ListItem","position":3,"name":"Kit Holter Light (10 jours)"}]},{"@type":"WebSite","@id":"https:\/\/projetweb.site\/holtersuppliessas\/#website","url":"https:\/\/projetweb.site\/holtersuppliessas\/","name":"Holter Supplies SAS","description":"","publisher":{"@id":"https:\/\/projetweb.site\/holtersuppliessas\/#organization"},"potentialAction":[{"@type":"SearchAction","target":{"@type":"EntryPoint","urlTemplate":"https:\/\/projetweb.site\/holtersuppliessas\/?s={search_term_string}"},"query-input":{"@type":"PropertyValueSpecification","valueRequired":true,"valueName":"search_term_string"}}],"inLanguage":"fr-FR"},{"@type":"Organization","@id":"https:\/\/projetweb.site\/holtersuppliessas\/#organization","name":"Holter Supplies SAS","url":"https:\/\/projetweb.site\/holtersuppliessas\/","logo":{"@type":"ImageObject","inLanguage":"fr-FR","@id":"https:\/\/projetweb.site\/holtersuppliessas\/#\/schema\/logo\/image\/","url":"https:\/\/projetweb.site\/holtersuppliessas\/wp-content\/uploads\/2025\/12\/cropped-logo-holter-supplies@2x.webp","contentUrl":"https:\/\/projetweb.site\/holtersuppliessas\/wp-content\/uploads\/2025\/12\/cropped-logo-holter-supplies@2x.webp","width":512,"height":512,"caption":"Holter Supplies SAS"},"image":{"@id":"https:\/\/projetweb.site\/holtersuppliessas\/#\/schema\/logo\/image\/"},"sameAs":["https:\/\/www.linkedin.com\/company\/holter-supplies-sas\/","https:\/\/www.youtube.com\/@holtersupplies3740"]}]}},"_links":{"self":[{"href":"https:\/\/projetweb.site\/holtersuppliessas\/wp-json\/wp\/v2\/product\/792","targetHints":{"allow":["GET"]}}],"collection":[{"href":"https:\/\/projetweb.site\/holtersuppliessas\/wp-json\/wp\/v2\/product"}],"about":[{"href":"https:\/\/projetweb.site\/holtersuppliessas\/wp-json\/wp\/v2\/types\/product"}],"replies":[{"embeddable":true,"href":"https:\/\/projetweb.site\/holtersuppliessas\/wp-json\/wp\/v2\/comments?post=792"}],"wp:featuredmedia":[{"embeddable":true,"href":"https:\/\/projetweb.site\/holtersuppliessas\/wp-json\/wp\/v2\/media\/397"}],"wp:attachment":[{"href":"https:\/\/projetweb.site\/holtersuppliessas\/wp-json\/wp\/v2\/media?parent=792"}],"wp:term":[{"taxonomy":"product_brand","embeddable":true,"href":"https:\/\/projetweb.site\/holtersuppliessas\/wp-json\/wp\/v2\/product_brand?post=792"},{"taxonomy":"product_cat","embeddable":true,"href":"https:\/\/projetweb.site\/holtersuppliessas\/wp-json\/wp\/v2\/product_cat?post=792"},{"taxonomy":"product_tag","embeddable":true,"href":"https:\/\/projetweb.site\/holtersuppliessas\/wp-json\/wp\/v2\/product_tag?post=792"}],"curies":[{"name":"wp","href":"https:\/\/api.w.org\/{rel}","templated":true}]}}