{"id":793,"date":"2025-12-11T16:27:36","date_gmt":"2025-12-11T15:27:36","guid":{"rendered":"https:\/\/projetweb.site\/holtersuppliessas\/?post_type=product&#038;p=793"},"modified":"2026-01-08T13:59:48","modified_gmt":"2026-01-08T12:59:48","slug":"analyse-dun-holter-ecg-24-48h","status":"publish","type":"product","link":"https:\/\/projetweb.site\/holtersuppliessas\/produit\/analyse-dun-holter-ecg-24-48h\/","title":{"rendered":"Analyse d&#8217;un holter ECG 24-48h"},"content":{"rendered":"<p>Cette prestation permet une interpr\u00e9tation compl\u00e8te des enregistrements ECG sur 24 \u00e0 48 heures. Elle inclut la d\u00e9tection automatique et manuelle des arythmies, la synth\u00e8se des \u00e9v\u00e9nements significatifs et la g\u00e9n\u00e9ration d\u2019un rapport clair, pr\u00eat \u00e0 \u00eatre int\u00e9gr\u00e9 au dossier patient. L\u2019analyse est effectu\u00e9e par un sp\u00e9cialiste exp\u00e9riment\u00e9, garantissant la fiabilit\u00e9 et la pr\u00e9cision des r\u00e9sultats cliniques.<\/p>\n","protected":false},"excerpt":{"rendered":"<p>Cette prestation permet une interpr\u00e9tation compl\u00e8te des enregistrements ECG sur 24 \u00e0 48 heures. Elle inclut la d\u00e9tection automatique et manuelle des arythmies, la synth\u00e8se des \u00e9v\u00e9nements significatifs et la g\u00e9n\u00e9ration d\u2019un rapport clair, pr\u00eat \u00e0 \u00eatre int\u00e9gr\u00e9 au dossier patient. L\u2019analyse est effectu\u00e9e par un sp\u00e9cialiste exp\u00e9riment\u00e9, garantissant la fiabilit\u00e9 et la pr\u00e9cision des [&hellip;]<\/p>\n","protected":false},"featured_media":797,"comment_status":"open","ping_status":"closed","template":"","meta":{"_jet_sm_ready_style":"","_jet_sm_style":"","_jet_sm_controls_values":"","_jet_sm_fonts_collection":"","_jet_sm_fonts_links":""},"product_brand":[],"product_cat":[15,27],"product_tag":[],"class_list":{"0":"post-793","1":"product","2":"type-product","3":"status-publish","4":"has-post-thumbnail","6":"product_cat-ecg","7":"product_cat-prestations","9":"first","10":"instock","11":"shipping-taxable","12":"purchasable","13":"product-type-simple"},"yoast_head":"<!-- This site is optimized with the Yoast SEO plugin v26.7 - https:\/\/yoast.com\/wordpress\/plugins\/seo\/ -->\n<title>Analyse d&#039;un holter ECG 24-48h - Holter Supplies SAS<\/title>\n<meta name=\"robots\" content=\"index, follow, max-snippet:-1, max-image-preview:large, max-video-preview:-1\" \/>\n<link rel=\"canonical\" href=\"https:\/\/projetweb.site\/holtersuppliessas\/produit\/analyse-dun-holter-ecg-24-48h\/\" \/>\n<meta property=\"og:locale\" content=\"fr_FR\" \/>\n<meta property=\"og:type\" content=\"article\" \/>\n<meta property=\"og:title\" content=\"Analyse d&#039;un holter ECG 24-48h - Holter Supplies SAS\" \/>\n<meta property=\"og:description\" content=\"Cette prestation permet une interpr\u00e9tation compl\u00e8te des enregistrements ECG sur 24 \u00e0 48 heures. Elle inclut la d\u00e9tection automatique et manuelle des arythmies, la synth\u00e8se des \u00e9v\u00e9nements significatifs et la g\u00e9n\u00e9ration d\u2019un rapport clair, pr\u00eat \u00e0 \u00eatre int\u00e9gr\u00e9 au dossier patient. L\u2019analyse est effectu\u00e9e par un sp\u00e9cialiste exp\u00e9riment\u00e9, garantissant la fiabilit\u00e9 et la pr\u00e9cision des [&hellip;]\" \/>\n<meta property=\"og:url\" content=\"https:\/\/projetweb.site\/holtersuppliessas\/produit\/analyse-dun-holter-ecg-24-48h\/\" \/>\n<meta property=\"og:site_name\" content=\"Holter Supplies SAS\" \/>\n<meta property=\"article:modified_time\" content=\"2026-01-08T12:59:48+00:00\" \/>\n<meta property=\"og:image\" content=\"https:\/\/projetweb.site\/holtersuppliessas\/wp-content\/uploads\/2025\/12\/doctors-looking-cardiogram-their-patient-scaled.jpg\" \/>\n\t<meta property=\"og:image:width\" content=\"2560\" \/>\n\t<meta property=\"og:image:height\" content=\"1709\" \/>\n\t<meta property=\"og:image:type\" content=\"image\/jpeg\" \/>\n<meta name=\"twitter:card\" content=\"summary_large_image\" \/>\n<script type=\"application\/ld+json\" class=\"yoast-schema-graph\">{\"@context\":\"https:\/\/schema.org\",\"@graph\":[{\"@type\":\"WebPage\",\"@id\":\"https:\/\/projetweb.site\/holtersuppliessas\/produit\/analyse-dun-holter-ecg-24-48h\/\",\"url\":\"https:\/\/projetweb.site\/holtersuppliessas\/produit\/analyse-dun-holter-ecg-24-48h\/\",\"name\":\"Analyse d'un holter ECG 24-48h - Holter Supplies SAS\",\"isPartOf\":{\"@id\":\"https:\/\/projetweb.site\/holtersuppliessas\/#website\"},\"primaryImageOfPage\":{\"@id\":\"https:\/\/projetweb.site\/holtersuppliessas\/produit\/analyse-dun-holter-ecg-24-48h\/#primaryimage\"},\"image\":{\"@id\":\"https:\/\/projetweb.site\/holtersuppliessas\/produit\/analyse-dun-holter-ecg-24-48h\/#primaryimage\"},\"thumbnailUrl\":\"https:\/\/projetweb.site\/holtersuppliessas\/wp-content\/uploads\/2025\/12\/doctors-looking-cardiogram-their-patient-scaled.jpg\",\"datePublished\":\"2025-12-11T15:27:36+00:00\",\"dateModified\":\"2026-01-08T12:59:48+00:00\",\"breadcrumb\":{\"@id\":\"https:\/\/projetweb.site\/holtersuppliessas\/produit\/analyse-dun-holter-ecg-24-48h\/#breadcrumb\"},\"inLanguage\":\"fr-FR\",\"potentialAction\":[{\"@type\":\"ReadAction\",\"target\":[\"https:\/\/projetweb.site\/holtersuppliessas\/produit\/analyse-dun-holter-ecg-24-48h\/\"]}]},{\"@type\":\"ImageObject\",\"inLanguage\":\"fr-FR\",\"@id\":\"https:\/\/projetweb.site\/holtersuppliessas\/produit\/analyse-dun-holter-ecg-24-48h\/#primaryimage\",\"url\":\"https:\/\/projetweb.site\/holtersuppliessas\/wp-content\/uploads\/2025\/12\/doctors-looking-cardiogram-their-patient-scaled.jpg\",\"contentUrl\":\"https:\/\/projetweb.site\/holtersuppliessas\/wp-content\/uploads\/2025\/12\/doctors-looking-cardiogram-their-patient-scaled.jpg\",\"width\":2560,\"height\":1709},{\"@type\":\"BreadcrumbList\",\"@id\":\"https:\/\/projetweb.site\/holtersuppliessas\/produit\/analyse-dun-holter-ecg-24-48h\/#breadcrumb\",\"itemListElement\":[{\"@type\":\"ListItem\",\"position\":1,\"name\":\"Accueil\",\"item\":\"https:\/\/projetweb.site\/holtersuppliessas\/\"},{\"@type\":\"ListItem\",\"position\":2,\"name\":\"Boutique\",\"item\":\"https:\/\/projetweb.site\/holtersuppliessas\/boutique\/\"},{\"@type\":\"ListItem\",\"position\":3,\"name\":\"Analyse d&#8217;un holter ECG 24-48h\"}]},{\"@type\":\"WebSite\",\"@id\":\"https:\/\/projetweb.site\/holtersuppliessas\/#website\",\"url\":\"https:\/\/projetweb.site\/holtersuppliessas\/\",\"name\":\"Holter Supplies SAS\",\"description\":\"\",\"publisher\":{\"@id\":\"https:\/\/projetweb.site\/holtersuppliessas\/#organization\"},\"potentialAction\":[{\"@type\":\"SearchAction\",\"target\":{\"@type\":\"EntryPoint\",\"urlTemplate\":\"https:\/\/projetweb.site\/holtersuppliessas\/?s={search_term_string}\"},\"query-input\":{\"@type\":\"PropertyValueSpecification\",\"valueRequired\":true,\"valueName\":\"search_term_string\"}}],\"inLanguage\":\"fr-FR\"},{\"@type\":\"Organization\",\"@id\":\"https:\/\/projetweb.site\/holtersuppliessas\/#organization\",\"name\":\"Holter Supplies SAS\",\"url\":\"https:\/\/projetweb.site\/holtersuppliessas\/\",\"logo\":{\"@type\":\"ImageObject\",\"inLanguage\":\"fr-FR\",\"@id\":\"https:\/\/projetweb.site\/holtersuppliessas\/#\/schema\/logo\/image\/\",\"url\":\"https:\/\/projetweb.site\/holtersuppliessas\/wp-content\/uploads\/2025\/12\/cropped-logo-holter-supplies@2x.webp\",\"contentUrl\":\"https:\/\/projetweb.site\/holtersuppliessas\/wp-content\/uploads\/2025\/12\/cropped-logo-holter-supplies@2x.webp\",\"width\":512,\"height\":512,\"caption\":\"Holter Supplies SAS\"},\"image\":{\"@id\":\"https:\/\/projetweb.site\/holtersuppliessas\/#\/schema\/logo\/image\/\"},\"sameAs\":[\"https:\/\/www.linkedin.com\/company\/holter-supplies-sas\/\",\"https:\/\/www.youtube.com\/@holtersupplies3740\"]}]}<\/script>\n<!-- \/ Yoast SEO plugin. -->","yoast_head_json":{"title":"Analyse d'un holter ECG 24-48h - Holter Supplies SAS","robots":{"index":"index","follow":"follow","max-snippet":"max-snippet:-1","max-image-preview":"max-image-preview:large","max-video-preview":"max-video-preview:-1"},"canonical":"https:\/\/projetweb.site\/holtersuppliessas\/produit\/analyse-dun-holter-ecg-24-48h\/","og_locale":"fr_FR","og_type":"article","og_title":"Analyse d'un holter ECG 24-48h - Holter Supplies SAS","og_description":"Cette prestation permet une interpr\u00e9tation compl\u00e8te des enregistrements ECG sur 24 \u00e0 48 heures. Elle inclut la d\u00e9tection automatique et manuelle des arythmies, la synth\u00e8se des \u00e9v\u00e9nements significatifs et la g\u00e9n\u00e9ration d\u2019un rapport clair, pr\u00eat \u00e0 \u00eatre int\u00e9gr\u00e9 au dossier patient. L\u2019analyse est effectu\u00e9e par un sp\u00e9cialiste exp\u00e9riment\u00e9, garantissant la fiabilit\u00e9 et la pr\u00e9cision des [&hellip;]","og_url":"https:\/\/projetweb.site\/holtersuppliessas\/produit\/analyse-dun-holter-ecg-24-48h\/","og_site_name":"Holter Supplies SAS","article_modified_time":"2026-01-08T12:59:48+00:00","og_image":[{"width":2560,"height":1709,"url":"https:\/\/projetweb.site\/holtersuppliessas\/wp-content\/uploads\/2025\/12\/doctors-looking-cardiogram-their-patient-scaled.jpg","type":"image\/jpeg"}],"twitter_card":"summary_large_image","schema":{"@context":"https:\/\/schema.org","@graph":[{"@type":"WebPage","@id":"https:\/\/projetweb.site\/holtersuppliessas\/produit\/analyse-dun-holter-ecg-24-48h\/","url":"https:\/\/projetweb.site\/holtersuppliessas\/produit\/analyse-dun-holter-ecg-24-48h\/","name":"Analyse d'un holter ECG 24-48h - Holter Supplies SAS","isPartOf":{"@id":"https:\/\/projetweb.site\/holtersuppliessas\/#website"},"primaryImageOfPage":{"@id":"https:\/\/projetweb.site\/holtersuppliessas\/produit\/analyse-dun-holter-ecg-24-48h\/#primaryimage"},"image":{"@id":"https:\/\/projetweb.site\/holtersuppliessas\/produit\/analyse-dun-holter-ecg-24-48h\/#primaryimage"},"thumbnailUrl":"https:\/\/projetweb.site\/holtersuppliessas\/wp-content\/uploads\/2025\/12\/doctors-looking-cardiogram-their-patient-scaled.jpg","datePublished":"2025-12-11T15:27:36+00:00","dateModified":"2026-01-08T12:59:48+00:00","breadcrumb":{"@id":"https:\/\/projetweb.site\/holtersuppliessas\/produit\/analyse-dun-holter-ecg-24-48h\/#breadcrumb"},"inLanguage":"fr-FR","potentialAction":[{"@type":"ReadAction","target":["https:\/\/projetweb.site\/holtersuppliessas\/produit\/analyse-dun-holter-ecg-24-48h\/"]}]},{"@type":"ImageObject","inLanguage":"fr-FR","@id":"https:\/\/projetweb.site\/holtersuppliessas\/produit\/analyse-dun-holter-ecg-24-48h\/#primaryimage","url":"https:\/\/projetweb.site\/holtersuppliessas\/wp-content\/uploads\/2025\/12\/doctors-looking-cardiogram-their-patient-scaled.jpg","contentUrl":"https:\/\/projetweb.site\/holtersuppliessas\/wp-content\/uploads\/2025\/12\/doctors-looking-cardiogram-their-patient-scaled.jpg","width":2560,"height":1709},{"@type":"BreadcrumbList","@id":"https:\/\/projetweb.site\/holtersuppliessas\/produit\/analyse-dun-holter-ecg-24-48h\/#breadcrumb","itemListElement":[{"@type":"ListItem","position":1,"name":"Accueil","item":"https:\/\/projetweb.site\/holtersuppliessas\/"},{"@type":"ListItem","position":2,"name":"Boutique","item":"https:\/\/projetweb.site\/holtersuppliessas\/boutique\/"},{"@type":"ListItem","position":3,"name":"Analyse d&#8217;un holter ECG 24-48h"}]},{"@type":"WebSite","@id":"https:\/\/projetweb.site\/holtersuppliessas\/#website","url":"https:\/\/projetweb.site\/holtersuppliessas\/","name":"Holter Supplies SAS","description":"","publisher":{"@id":"https:\/\/projetweb.site\/holtersuppliessas\/#organization"},"potentialAction":[{"@type":"SearchAction","target":{"@type":"EntryPoint","urlTemplate":"https:\/\/projetweb.site\/holtersuppliessas\/?s={search_term_string}"},"query-input":{"@type":"PropertyValueSpecification","valueRequired":true,"valueName":"search_term_string"}}],"inLanguage":"fr-FR"},{"@type":"Organization","@id":"https:\/\/projetweb.site\/holtersuppliessas\/#organization","name":"Holter Supplies SAS","url":"https:\/\/projetweb.site\/holtersuppliessas\/","logo":{"@type":"ImageObject","inLanguage":"fr-FR","@id":"https:\/\/projetweb.site\/holtersuppliessas\/#\/schema\/logo\/image\/","url":"https:\/\/projetweb.site\/holtersuppliessas\/wp-content\/uploads\/2025\/12\/cropped-logo-holter-supplies@2x.webp","contentUrl":"https:\/\/projetweb.site\/holtersuppliessas\/wp-content\/uploads\/2025\/12\/cropped-logo-holter-supplies@2x.webp","width":512,"height":512,"caption":"Holter Supplies SAS"},"image":{"@id":"https:\/\/projetweb.site\/holtersuppliessas\/#\/schema\/logo\/image\/"},"sameAs":["https:\/\/www.linkedin.com\/company\/holter-supplies-sas\/","https:\/\/www.youtube.com\/@holtersupplies3740"]}]}},"_links":{"self":[{"href":"https:\/\/projetweb.site\/holtersuppliessas\/wp-json\/wp\/v2\/product\/793","targetHints":{"allow":["GET"]}}],"collection":[{"href":"https:\/\/projetweb.site\/holtersuppliessas\/wp-json\/wp\/v2\/product"}],"about":[{"href":"https:\/\/projetweb.site\/holtersuppliessas\/wp-json\/wp\/v2\/types\/product"}],"replies":[{"embeddable":true,"href":"https:\/\/projetweb.site\/holtersuppliessas\/wp-json\/wp\/v2\/comments?post=793"}],"wp:featuredmedia":[{"embeddable":true,"href":"https:\/\/projetweb.site\/holtersuppliessas\/wp-json\/wp\/v2\/media\/797"}],"wp:attachment":[{"href":"https:\/\/projetweb.site\/holtersuppliessas\/wp-json\/wp\/v2\/media?parent=793"}],"wp:term":[{"taxonomy":"product_brand","embeddable":true,"href":"https:\/\/projetweb.site\/holtersuppliessas\/wp-json\/wp\/v2\/product_brand?post=793"},{"taxonomy":"product_cat","embeddable":true,"href":"https:\/\/projetweb.site\/holtersuppliessas\/wp-json\/wp\/v2\/product_cat?post=793"},{"taxonomy":"product_tag","embeddable":true,"href":"https:\/\/projetweb.site\/holtersuppliessas\/wp-json\/wp\/v2\/product_tag?post=793"}],"curies":[{"name":"wp","href":"https:\/\/api.w.org\/{rel}","templated":true}]}}